{"id":79,"date":"2015-10-17T20:07:36","date_gmt":"2015-10-17T18:07:36","guid":{"rendered":"http:\/\/wordpress.nibis.de\/gsengter\/?page_id=79"},"modified":"2024-12-31T13:47:25","modified_gmt":"2024-12-31T12:47:25","slug":"foerderverein-3","status":"publish","type":"page","link":"https:\/\/wordpress.nibis.de\/gsengter\/informationen\/foerderverein-3\/","title":{"rendered":"F\u00f6rderverein"},"content":{"rendered":"\n<p style=\"font-size:17px\"><span style=\"font-family: helvetica,arial,sans-serif;font-size: 16px\">Hier erhalten Sie ausf\u00fchrliche Informationen \u00fcber die Arbeit des F\u00f6rdervereins:<\/span><\/p>\n\n\n\n<p><span style=\"color: #008000;font-family: helvetica,arial,sans-serif;font-size: 20px\"><a style=\"color: #008000\" href=\"http:\/\/www.foerderverein-gsengter.jimdo.com\">http:\/\/www.foerderverein-gsengter.jimdo.com<br><\/a><\/span><\/p>\n","protected":false},"excerpt":{"rendered":"<p>Hier erhalten Sie ausf\u00fchrliche Informationen \u00fcber die Arbeit des F\u00f6rdervereins: http:\/\/www.foerderverein-gsengter.jimdo.com<\/p>\n","protected":false},"author":714,"featured_media":0,"parent":49,"menu_order":0,"comment_status":"closed","ping_status":"closed","template":"","meta":{"footnotes":""},"class_list":["post-79","page","type-page","status-publish","hentry"],"_links":{"self":[{"href":"https:\/\/wordpress.nibis.de\/gsengter\/wp-json\/wp\/v2\/pages\/79","targetHints":{"allow":["GET"]}}],"collection":[{"href":"https:\/\/wordpress.nibis.de\/gsengter\/wp-json\/wp\/v2\/pages"}],"about":[{"href":"https:\/\/wordpress.nibis.de\/gsengter\/wp-json\/wp\/v2\/types\/page"}],"author":[{"embeddable":true,"href":"https:\/\/wordpress.nibis.de\/gsengter\/wp-json\/wp\/v2\/users\/714"}],"replies":[{"embeddable":true,"href":"https:\/\/wordpress.nibis.de\/gsengter\/wp-json\/wp\/v2\/comments?post=79"}],"version-history":[{"count":34,"href":"https:\/\/wordpress.nibis.de\/gsengter\/wp-json\/wp\/v2\/pages\/79\/revisions"}],"predecessor-version":[{"id":7459,"href":"https:\/\/wordpress.nibis.de\/gsengter\/wp-json\/wp\/v2\/pages\/79\/revisions\/7459"}],"up":[{"embeddable":true,"href":"https:\/\/wordpress.nibis.de\/gsengter\/wp-json\/wp\/v2\/pages\/49"}],"wp:attachment":[{"href":"https:\/\/wordpress.nibis.de\/gsengter\/wp-json\/wp\/v2\/media?parent=79"}],"curies":[{"name":"wp","href":"https:\/\/api.w.org\/{rel}","templated":true}]}}