{"id":1869,"date":"2026-01-09T11:01:44","date_gmt":"2026-01-09T10:01:44","guid":{"rendered":"https:\/\/wordpress.nibis.de\/gsesterw\/?page_id=1869"},"modified":"2026-04-08T15:58:54","modified_gmt":"2026-04-08T13:58:54","slug":"schulgarten","status":"publish","type":"page","link":"https:\/\/wordpress.nibis.de\/gsesterw\/schulgarten\/","title":{"rendered":"Schulgarten"},"content":{"rendered":"<div class=\"wp-block-image\" style=\"text-align: center\">\n<div class=\"wp-block-image\" style=\"text-align: left\"><a href=\"https:\/\/wordpress.nibis.de\/gsesterw\/files\/2026\/02\/Bildschirmfoto-2026-02-11-um-14.46.56.png\"><img loading=\"lazy\" decoding=\"async\" class=\"wpa-warning wpa-image-missing-alt aligncenter size-full wp-image-1979\" src=\"https:\/\/wordpress.nibis.de\/gsesterw\/files\/2026\/02\/Bildschirmfoto-2026-02-11-um-14.46.56.png\" alt=\"\" width=\"262\" height=\"210\" data-warning=\"Missing alt text\" srcset=\"https:\/\/wordpress.nibis.de\/gsesterw\/files\/2026\/02\/Bildschirmfoto-2026-02-11-um-14.46.56.png 262w, https:\/\/wordpress.nibis.de\/gsesterw\/files\/2026\/02\/Bildschirmfoto-2026-02-11-um-14.46.56-100x80.png 100w\" sizes=\"auto, (max-width: 262px) 100vw, 262px\" \/><\/a><\/div>\n<\/div>\n<div><\/div>\n<div style=\"text-align: left\">\n<p><span style=\"font-size: revert\">Unsere Schule nimmt mit Beginn des 2. Schulhalbjahres 2025\/2026 am <\/span><strong>Bildungsprogramm der Gem\u00fcseAckerdemie <\/strong><span style=\"font-size: revert\">teil \u2013 so lernen unsere Sch\u00fclerinnen und Sch\u00fcler k\u00fcnftig, wie aus Samen gesunde Lebensmittel wachsen und wie nachhaltiges G\u00e4rtnern funktioniert.<\/span><\/p>\n<\/div>\n<div>\n<p>Alle<span class=\"apple-converted-space\">\u00a0<\/span>Eltern,<span class=\"apple-converted-space\">\u00a0<\/span>Lehrkr\u00e4fte<span class=\"apple-converted-space\">\u00a0<\/span>und Mitarbeitenden, die Lust haben, sich einzubringen, sind herzlich eingeladen, mitzuwirken.<\/p>\n<p><strong>Anmeldungen per E-Mail an: &#97;&#x6e;&#110;&#x61;&#46;&#114;&#x75;&#116;&#x68;&#64;&#x67;s&#45;&#x65;&#115;&#x74;e&#x72;&#x77;&#101;&#x67;e&#x6e;&#46;&#100;&#x65;<\/strong><\/p>\n<\/div>\n<div>\n<p><span style=\"font-size: revert\">Wir freuen uns auf viele gute Ideen, helfende H\u00e4nde und einen Schulgarten, der gemeinsam w\u00e4chst!<\/span><\/p>\n<\/div>\n<p><strong>Aktuelles:<\/strong><\/p>\n<p><a href=\"https:\/\/wordpress.nibis.de\/gsesterw\/erste-pflanzung-mit-der-gemueseackerdemie\/\">Erste Pflanzung mit der Gem\u00fcseAckerdemie<\/a><\/p>\n<p><a href=\"https:\/\/wordpress.nibis.de\/gsesterw\/unsere-beete-sind-startklar-pflanzworkshop-der-gemueseackerdemie\/\">Unsere Beete sind startklar!<\/a><\/p>\n<p><a href=\"https:\/\/wordpress.nibis.de\/gsesterw\/d-i-y-bau-und-heimwerkermarkt-in-werlte-spendet-gartengeraete\/\">D.I.Y. Bau- und Heimwerkermarkt in Werlte spendet Gartenger\u00e4te<\/a><\/p>\n<p><a href=\"https:\/\/wordpress.nibis.de\/gsesterw\/jetzt-waechst-etwas-neues\/\">Jetzt w\u00e4chst etwas Neues!<\/a><\/p>\n<div class=\"wp-block-image\">\n<div class=\"wp-block-image\" style=\"text-align: center\"><\/div>\n<\/div>\n","protected":false},"excerpt":{"rendered":"<p>Unsere Schule nimmt mit Beginn des 2. Schulhalbjahres 2025\/2026 am Bildungsprogramm der Gem\u00fcseAckerdemie teil \u2013 so lernen unsere Sch\u00fclerinnen und Sch\u00fcler k\u00fcnftig, wie aus Samen gesunde Lebensmittel wachsen und wie nachhaltiges G\u00e4rtnern funktioniert. Alle\u00a0Eltern,\u00a0Lehrkr\u00e4fte\u00a0und Mitarbeitenden, die Lust haben, sich einzubringen, sind herzlich eingeladen, mitzuwirken. Anmeldungen per E-Mail an: &#97;&#x6e;n&#x61;&#x2e;&#114;&#x75;t&#104;&#x40;&#103;&#x73;-&#101;&#x73;t&#x65;r&#119;&#x65;g&#x65;&#x6e;&#46;&#x64;e Wir freuen uns auf viele gute &hellip; <a href=\"https:\/\/wordpress.nibis.de\/gsesterw\/schulgarten\/\" class=\"more-link\"><span class=\"screen-reader-text\">Schulgarten<\/span> weiterlesen <span class=\"meta-nav\">&rarr;<\/span><\/a><\/p>\n","protected":false},"author":9193300,"featured_media":0,"parent":0,"menu_order":0,"comment_status":"closed","ping_status":"closed","template":"","meta":{"footnotes":""},"class_list":["post-1869","page","type-page","status-publish","hentry"],"_links":{"self":[{"href":"https:\/\/wordpress.nibis.de\/gsesterw\/wp-json\/wp\/v2\/pages\/1869","targetHints":{"allow":["GET"]}}],"collection":[{"href":"https:\/\/wordpress.nibis.de\/gsesterw\/wp-json\/wp\/v2\/pages"}],"about":[{"href":"https:\/\/wordpress.nibis.de\/gsesterw\/wp-json\/wp\/v2\/types\/page"}],"author":[{"embeddable":true,"href":"https:\/\/wordpress.nibis.de\/gsesterw\/wp-json\/wp\/v2\/users\/9193300"}],"replies":[{"embeddable":true,"href":"https:\/\/wordpress.nibis.de\/gsesterw\/wp-json\/wp\/v2\/comments?post=1869"}],"version-history":[{"count":25,"href":"https:\/\/wordpress.nibis.de\/gsesterw\/wp-json\/wp\/v2\/pages\/1869\/revisions"}],"predecessor-version":[{"id":2088,"href":"https:\/\/wordpress.nibis.de\/gsesterw\/wp-json\/wp\/v2\/pages\/1869\/revisions\/2088"}],"wp:attachment":[{"href":"https:\/\/wordpress.nibis.de\/gsesterw\/wp-json\/wp\/v2\/media?parent=1869"}],"curies":[{"name":"wp","href":"https:\/\/api.w.org\/{rel}","templated":true}]}}