{"id":1882,"date":"2026-01-09T11:15:08","date_gmt":"2026-01-09T10:15:08","guid":{"rendered":"https:\/\/wordpress.nibis.de\/gsesterw\/?page_id=1882"},"modified":"2026-01-09T11:22:57","modified_gmt":"2026-01-09T10:22:57","slug":"digitale-schulbuchausleihe","status":"publish","type":"page","link":"https:\/\/wordpress.nibis.de\/gsesterw\/digitale-schulbuchausleihe\/","title":{"rendered":"Digitale Schulbuchausleihe"},"content":{"rendered":"<p>Die Schulbuchausleihe findet f\u00fcr das kommende Schuljahr 2025\/2026 erstmalig digital \u00fcber unser Schulnetzwerk iServ statt. Eine Anmeldung ist im Zeitraum vom <strong>07.05.2025 bis zum 21.05.2025<\/strong> m\u00f6glich.<\/p>\n<p><strong>Anleitung<\/strong><\/p>\n<p><a href=\"https:\/\/wordpress.nibis.de\/gsesterw\/files\/2025\/05\/iServ-Schulbuchausleihe-Elternerklaerung.pdf\">iServ-Schulbuchausleihe-Elternerklaerung<\/a><\/p>\n<p><strong>B\u00fccherlisten<\/strong><\/p>\n<p><a href=\"https:\/\/wordpress.nibis.de\/gsesterw\/files\/2025\/05\/Buecherliste-Jahrgang-2.pdf\">B\u00fccherliste Jahrgang 2<\/a><\/p>\n<p><a href=\"https:\/\/wordpress.nibis.de\/gsesterw\/files\/2025\/05\/Buecherliste-Jahrgang-3.pdf\">B\u00fccherliste Jahrgang 3<\/a><\/p>\n<p><a href=\"https:\/\/wordpress.nibis.de\/gsesterw\/files\/2025\/05\/Buecherliste-Jahrgang-3-SPU.pdf\">B\u00fccherliste Jahrgang 3 SPU<\/a><\/p>\n<p><a href=\"https:\/\/wordpress.nibis.de\/gsesterw\/files\/2025\/05\/Buecherliste-Jahrgang-4.pdf\">B\u00fccherliste Jahrgang 4<\/a><\/p>\n<p><a href=\"https:\/\/wordpress.nibis.de\/gsesterw\/files\/2025\/05\/Buecherliste-Jahrgang-4-SPU.pdf\">B\u00fccherliste Jahrgang 4 SPU<\/a><\/p>\n<p>\u00a0<\/p>\n\n\n<p><\/p>\n","protected":false},"excerpt":{"rendered":"<p>Die Schulbuchausleihe findet f\u00fcr das kommende Schuljahr 2025\/2026 erstmalig digital \u00fcber unser Schulnetzwerk iServ statt. Eine Anmeldung ist im Zeitraum vom 07.05.2025 bis zum 21.05.2025 m\u00f6glich. Anleitung iServ-Schulbuchausleihe-Elternerklaerung B\u00fccherlisten B\u00fccherliste Jahrgang 2 B\u00fccherliste Jahrgang 3 B\u00fccherliste Jahrgang 3 SPU B\u00fccherliste Jahrgang 4 B\u00fccherliste Jahrgang 4 SPU \u00a0<\/p>\n","protected":false},"author":9193300,"featured_media":0,"parent":0,"menu_order":0,"comment_status":"closed","ping_status":"closed","template":"","meta":{"footnotes":""},"class_list":["post-1882","page","type-page","status-publish","hentry"],"_links":{"self":[{"href":"https:\/\/wordpress.nibis.de\/gsesterw\/wp-json\/wp\/v2\/pages\/1882","targetHints":{"allow":["GET"]}}],"collection":[{"href":"https:\/\/wordpress.nibis.de\/gsesterw\/wp-json\/wp\/v2\/pages"}],"about":[{"href":"https:\/\/wordpress.nibis.de\/gsesterw\/wp-json\/wp\/v2\/types\/page"}],"author":[{"embeddable":true,"href":"https:\/\/wordpress.nibis.de\/gsesterw\/wp-json\/wp\/v2\/users\/9193300"}],"replies":[{"embeddable":true,"href":"https:\/\/wordpress.nibis.de\/gsesterw\/wp-json\/wp\/v2\/comments?post=1882"}],"version-history":[{"count":5,"href":"https:\/\/wordpress.nibis.de\/gsesterw\/wp-json\/wp\/v2\/pages\/1882\/revisions"}],"predecessor-version":[{"id":1892,"href":"https:\/\/wordpress.nibis.de\/gsesterw\/wp-json\/wp\/v2\/pages\/1882\/revisions\/1892"}],"wp:attachment":[{"href":"https:\/\/wordpress.nibis.de\/gsesterw\/wp-json\/wp\/v2\/media?parent=1882"}],"curies":[{"name":"wp","href":"https:\/\/api.w.org\/{rel}","templated":true}]}}