{"id":1914,"date":"2026-01-09T12:40:50","date_gmt":"2026-01-09T11:40:50","guid":{"rendered":"https:\/\/wordpress.nibis.de\/gsesterw\/?page_id=1914"},"modified":"2026-02-12T14:21:06","modified_gmt":"2026-02-12T13:21:06","slug":"anmeldung","status":"publish","type":"page","link":"https:\/\/wordpress.nibis.de\/gsesterw\/anmeldung\/","title":{"rendered":"Anmeldung und Angebote"},"content":{"rendered":"<p><strong>Aktuelle Ganztagsangebote:<\/strong><\/p>\n<p><a href=\"https:\/\/wordpress.nibis.de\/gsesterw\/files\/2026\/02\/Ganztagsangebote-2025-26-2.-HJ.pdf\">Ganztagsangebote 2025 26 2. HJ<\/a><\/p>\n<p><strong>Hinweise zur Anmeldung und Teilnahme:<\/strong><\/p>\n<ul style=\"font-weight: 400\">\n<li>Im 2. Halbjahr 2025\/ 2026 beginnt die Anmeldung zum Ganztag am <strong>12.02.2026<\/strong> um 18.00 Uhr und endet am <strong>17.02.2026<\/strong> um 18.00 Uhr.<\/li>\n<li>Die Anmeldung zum Ganztag ist ausschlie\u00dflich \u00fcber IServ m\u00f6glich. (Anleitung: <a href=\"https:\/\/wordpress.nibis.de\/gsesterw\/files\/2026\/02\/IServ-Ganztagswahlen-Elternerklaerung-02.2026.pdf\">IServ Ganztagswahlen Elternerkl\u00e4rung 02.2026<\/a>)<\/li>\n<li><strong>F\u00fcr jedes Kind<\/strong> muss <strong>eine R\u00fcckmeldung<\/strong> abgegeben werden, auch wenn keine Teilnahme am Ganztag gew\u00fcnscht ist. In diesem Fall den Button &#8222;30 &#8211; Keine Teilnahme am Ganztag&#8220; w\u00e4hlen.<\/li>\n<li>Wenn Ihr Kind in der Schule essen soll, w\u00e4hlen Sie bitte das Angebot &#8222;Mittagessen&#8220; aus. Dabei k\u00f6nnen Sie entscheiden, ob Ihr Kind ein zuvor bestelltes Men\u00fc der Johannesburg GmbH erh\u00e4lt oder ein Lunchpaket von zu Hause mitbringt.<\/li>\n<li>Die Anmeldung zum Ganztagsangebot ist freiwillig, aber f\u00fcr ein Halbjahr bindend. Abmeldungen w\u00e4hrend eines Halbjahres sind nicht m\u00f6glich.\u00a0<\/li>\n<li>Sofern die Anmeldung nicht fristgerecht erfolgt, ist eine Teilnahme am Nachmittagsangebot nicht m\u00f6glich.<\/li>\n<li>Sollte der Erstwunsch aufgrund hoher Nachfrage nicht realisierbar sein, wird eine Alternative vorgeschlagen.<\/li>\n<li>Die R\u00e4umlichkeiten der Angebote werden den Kindern bei der ersten Veranstaltung bekannt gegeben.<\/li>\n<\/ul>\n\n\n<p><\/p>\n","protected":false},"excerpt":{"rendered":"<p>Aktuelle Ganztagsangebote: Ganztagsangebote 2025 26 2. HJ Hinweise zur Anmeldung und Teilnahme: Im 2. Halbjahr 2025\/ 2026 beginnt die Anmeldung zum Ganztag am 12.02.2026 um 18.00 Uhr und endet am 17.02.2026 um 18.00 Uhr. Die Anmeldung zum Ganztag ist ausschlie\u00dflich \u00fcber IServ m\u00f6glich. (Anleitung: IServ Ganztagswahlen Elternerkl\u00e4rung 02.2026) F\u00fcr jedes Kind muss eine R\u00fcckmeldung abgegeben &hellip; <a href=\"https:\/\/wordpress.nibis.de\/gsesterw\/anmeldung\/\" class=\"more-link\"><span class=\"screen-reader-text\">Anmeldung und Angebote<\/span> weiterlesen <span class=\"meta-nav\">&rarr;<\/span><\/a><\/p>\n","protected":false},"author":9193300,"featured_media":0,"parent":0,"menu_order":0,"comment_status":"closed","ping_status":"closed","template":"","meta":{"footnotes":""},"class_list":["post-1914","page","type-page","status-publish","hentry"],"_links":{"self":[{"href":"https:\/\/wordpress.nibis.de\/gsesterw\/wp-json\/wp\/v2\/pages\/1914","targetHints":{"allow":["GET"]}}],"collection":[{"href":"https:\/\/wordpress.nibis.de\/gsesterw\/wp-json\/wp\/v2\/pages"}],"about":[{"href":"https:\/\/wordpress.nibis.de\/gsesterw\/wp-json\/wp\/v2\/types\/page"}],"author":[{"embeddable":true,"href":"https:\/\/wordpress.nibis.de\/gsesterw\/wp-json\/wp\/v2\/users\/9193300"}],"replies":[{"embeddable":true,"href":"https:\/\/wordpress.nibis.de\/gsesterw\/wp-json\/wp\/v2\/comments?post=1914"}],"version-history":[{"count":13,"href":"https:\/\/wordpress.nibis.de\/gsesterw\/wp-json\/wp\/v2\/pages\/1914\/revisions"}],"predecessor-version":[{"id":2015,"href":"https:\/\/wordpress.nibis.de\/gsesterw\/wp-json\/wp\/v2\/pages\/1914\/revisions\/2015"}],"wp:attachment":[{"href":"https:\/\/wordpress.nibis.de\/gsesterw\/wp-json\/wp\/v2\/media?parent=1914"}],"curies":[{"name":"wp","href":"https:\/\/api.w.org\/{rel}","templated":true}]}}