{"id":1915,"date":"2026-01-09T12:40:50","date_gmt":"2026-01-09T11:40:50","guid":{"rendered":"https:\/\/wordpress.nibis.de\/gsesterw\/?page_id=1915"},"modified":"2026-02-24T15:01:33","modified_gmt":"2026-02-24T14:01:33","slug":"organisation","status":"publish","type":"page","link":"https:\/\/wordpress.nibis.de\/gsesterw\/organisation\/","title":{"rendered":"Mensa"},"content":{"rendered":"<p style=\"font-weight: 400\"><strong>Mittagessen in der Mensa<\/strong><\/p>\n<p style=\"font-weight: 400\">Das Mittagessen f\u00fcr unsere Schule wird von der Johannesburg GmbH geliefert. Die Speisen werden in der zentralen Ausbildungsk\u00fcche der Johannesburg GmbH frisch zubereitet. Viele der verwendeten Produkte stammen aus der eigenen G\u00e4rtnerei, Landwirtschaft, Fleischerei und B\u00e4ckerei. Das Mittagessen wird von montags bis donnerstags angeboten.<\/p>\n<p style=\"font-weight: 400\"><strong>Speiseangebote in der Mensa<\/strong><\/p>\n<p style=\"font-weight: 400\">Von Montag bis Donnerstag werden t\u00e4glich zwei wechselnde, ausgewogene und vollwertige Hauptgerichte angeboten, darunter ein vegetarisches, sowie ein Dessert.<\/p>\n<p style=\"font-weight: 400\">Wichtig: Folgende Angebote d\u00fcrfen von Grundsch\u00fclern nicht bestellt werden, auch wenn sie im Bestellsystem sichtbar sind: Pizza, Pommes, Snacks und Salat.<\/p>\n<p style=\"font-weight: 400\">Den <strong>aktuellen Men\u00fcplan<\/strong> finden Sie hier: <a href=\"https:\/\/esterwegen.ddns.opc-asp.de\/menuplan.php?VMP\">https:\/\/esterwegen.ddns.opc-asp.de\/menuplan.php?VMP<\/a><\/p>\n<p style=\"font-weight: 400\"><strong>Essen bestellen<\/strong><\/p>\n<p style=\"font-weight: 400\">Das Mittagessen muss bis sp\u00e4testens <strong>Freitag um 12:00 Uhr<\/strong> f\u00fcr die <strong>darauffolgende<\/strong> Woche bestellt werden.<\/p>\n<p style=\"font-weight: 400\">Die Bestellung ist m\u00f6glich:<\/p>\n<ul style=\"font-weight: 400\">\n<li>online von zu Hause<\/li>\n<li>am Bestellterminal in der Schule<\/li>\n<li>(<em>bitte nur, wenn Ihr Kind das Bestellen selbstst\u00e4ndig bew\u00e4ltigen kann<\/em>)<\/li>\n<\/ul>\n<p style=\"font-weight: 400\">Das <strong>Essen<\/strong> k\u00f6nnen Sie hier <strong>bestellen<\/strong>: <a href=\"https:\/\/esterwegen.ddns.opc-asp.de\/\">https:\/\/esterwegen.ddns.opc-asp.de\/<\/a><\/p>\n<p style=\"font-weight: 400\">F\u00fcr die Online-Bestellung und die Bestellung am Terminal in der Aula der Oberschule Esterwegen sind folgende Angaben erforderlich:<\/p>\n<ul style=\"font-weight: 400\">\n<li>die Nummer der Mensakarte<\/li>\n<li>die PIN<\/li>\n<li><span style=\"font-size: revert\">(beides steht auf der Mensakarte)<\/span><\/li>\n<\/ul>\n<p style=\"font-weight: 400\">Nach der Auswahl bitte unbedingt auf <strong>\u201eBestellungen speichern\u201c<\/strong> klicken.<\/p>\n<p style=\"font-weight: 400\"><strong>Bezahlung \/ Mensakarte<\/strong><\/p>\n<p style=\"font-weight: 400\">F\u00fcr die Teilnahme am Mittagessen erh\u00e4lt Ihr Kind eine Mensakarte \u00fcber die Oberschule Esterwegen.<\/p>\n<p style=\"font-weight: 400\"><strong>Kontakt:<\/strong><br \/>\n<strong>Frau Schrand,\u00a0<\/strong>E-Mail: <a href=\"&#x6d;&#x61;&#x69;&#x6c;&#x74;&#x6f;&#x3a;&#x68;&#x2e;&#x73;&#x63;&#x68;&#x72;&#x61;&#x6e;&#x64;&#x40;&#x6f;&#x62;&#x73;&#x2d;&#x65;&#x73;&#x74;&#x65;&#x72;&#x77;&#x65;&#x67;&#x65;&#x6e;&#x2e;&#x64;&#x65;\">&#x68;&#x2e;&#115;ch&#x72;&#x61;&#110;&#100;&#64;&#x6f;&#x62;&#115;&#45;e&#x73;&#x74;&#x65;&#114;we&#x67;&#x65;&#110;&#46;d&#x65;<\/a>, Telefon: 05955 9879510<\/p>\n<p style=\"font-weight: 400\">Kosten:<\/p>\n<ul style=\"font-weight: 400\">\n<li>5 \u20ac Kartenpfand<\/li>\n<li>15 \u20ac Startguthaben<\/li>\n<li><span style=\"font-size: revert\">Gesamt: 20 \u20ac<\/span><\/li>\n<\/ul>\n<p style=\"font-weight: 400\">Die Aufladung erfolgt per \u00dcberweisung auf das Konto der Johannesburg GmbH. Bitte geben Sie als Verwendungszweck ausschlie\u00dflich die Kartennummer an. Bei Geschwisterkindern ist die \u00dcberweisung f\u00fcr jedes Kind einzeln vorzunehmen.<\/p>\n<p style=\"font-weight: 400\">Die <strong>Bankverbindung<\/strong> zur \u00dcberweisung lautet:<\/p>\n<ul>\n<li>Kontoinhaber: Johannesburg GmbH<\/li>\n<li>Institut: Sparkasse Emsland<\/li>\n<li>IBAN: DE47 2665 0001 1080 0139 39<\/li>\n<li>Verwendungszweck: Nummer der Mensakarte<\/li>\n<\/ul>\n<p style=\"font-weight: 400\"><strong>Essensausgabe<\/strong><\/p>\n<p style=\"font-weight: 400\">Zur Essensausgabe ben\u00f6tigt Ihr Kind unbedingt die Mensakarte. Das Mensapersonal erkennt nur dar\u00fcber das bestellte Essen.<\/p>\n<p style=\"font-weight: 400\"><strong>Abmeldung bei Krankheit<\/strong><\/p>\n<p style=\"font-weight: 400\">Ist Ihr Kind krank und kommt nicht zur Schule, muss das Mittagessen bis sp\u00e4testens 9:00 Uhr abbestellt werden:<\/p>\n<ul style=\"font-weight: 400\">\n<li><strong>vorrangig per E-Mail<\/strong><\/li>\n<li><strong>nur in Ausnahmef\u00e4llen telefonisch<\/strong><\/li>\n<\/ul>\n<p style=\"font-weight: 400\"><strong>Kontakt: <\/strong><br \/>\n<strong>Frau Schrand,\u00a0<\/strong>E-Mail: <a href=\"&#x6d;&#x61;&#x69;&#x6c;&#x74;&#x6f;&#x3a;&#x68;&#x2e;&#x73;&#x63;&#x68;&#x72;&#x61;&#x6e;&#x64;&#x40;&#x6f;&#x62;&#x73;&#x2d;&#x65;&#x73;&#x74;&#x65;&#x72;&#x77;&#x65;&#x67;&#x65;&#x6e;&#x2e;&#x64;&#x65;\">&#x68;&#x2e;&#x73;&#99;&#104;ra&#x6e;&#x64;&#x40;&#111;&#98;s-&#x65;&#x73;&#x74;&#101;&#114;we&#x67;&#x65;&#x6e;&#46;&#100;e<\/a>, Telefon: 05955 9879510<\/p>\n<p style=\"font-weight: 400\">Bei rechtzeitiger Abmeldung wird der Betrag dem Kartenkonto wieder gutgeschrieben.<\/p>\n<p style=\"font-weight: 400\"><strong>Verlust der Mensakarte<\/strong><\/p>\n<p style=\"font-weight: 400\">Bitte melden Sie den Verlust umgehend, damit das Kartenkonto gesperrt werden kann.<\/p>\n<p style=\"font-weight: 400\">\n","protected":false},"excerpt":{"rendered":"<p>Mittagessen in der Mensa Das Mittagessen f\u00fcr unsere Schule wird von der Johannesburg GmbH geliefert. Die Speisen werden in der zentralen Ausbildungsk\u00fcche der Johannesburg GmbH frisch zubereitet. Viele der verwendeten Produkte stammen aus der eigenen G\u00e4rtnerei, Landwirtschaft, Fleischerei und B\u00e4ckerei. Das Mittagessen wird von montags bis donnerstags angeboten. Speiseangebote in der Mensa Von Montag bis &hellip; <a href=\"https:\/\/wordpress.nibis.de\/gsesterw\/organisation\/\" class=\"more-link\"><span class=\"screen-reader-text\">Mensa<\/span> weiterlesen <span class=\"meta-nav\">&rarr;<\/span><\/a><\/p>\n","protected":false},"author":9193300,"featured_media":0,"parent":0,"menu_order":0,"comment_status":"closed","ping_status":"closed","template":"","meta":{"footnotes":""},"class_list":["post-1915","page","type-page","status-publish","hentry"],"_links":{"self":[{"href":"https:\/\/wordpress.nibis.de\/gsesterw\/wp-json\/wp\/v2\/pages\/1915","targetHints":{"allow":["GET"]}}],"collection":[{"href":"https:\/\/wordpress.nibis.de\/gsesterw\/wp-json\/wp\/v2\/pages"}],"about":[{"href":"https:\/\/wordpress.nibis.de\/gsesterw\/wp-json\/wp\/v2\/types\/page"}],"author":[{"embeddable":true,"href":"https:\/\/wordpress.nibis.de\/gsesterw\/wp-json\/wp\/v2\/users\/9193300"}],"replies":[{"embeddable":true,"href":"https:\/\/wordpress.nibis.de\/gsesterw\/wp-json\/wp\/v2\/comments?post=1915"}],"version-history":[{"count":18,"href":"https:\/\/wordpress.nibis.de\/gsesterw\/wp-json\/wp\/v2\/pages\/1915\/revisions"}],"predecessor-version":[{"id":2058,"href":"https:\/\/wordpress.nibis.de\/gsesterw\/wp-json\/wp\/v2\/pages\/1915\/revisions\/2058"}],"wp:attachment":[{"href":"https:\/\/wordpress.nibis.de\/gsesterw\/wp-json\/wp\/v2\/media?parent=1915"}],"curies":[{"name":"wp","href":"https:\/\/api.w.org\/{rel}","templated":true}]}}