{"id":1942,"date":"2026-01-12T11:07:49","date_gmt":"2026-01-12T10:07:49","guid":{"rendered":"https:\/\/wordpress.nibis.de\/gsesterw\/?page_id=1942"},"modified":"2026-04-14T13:59:45","modified_gmt":"2026-04-14T11:59:45","slug":"schulbuecherei","status":"publish","type":"page","link":"https:\/\/wordpress.nibis.de\/gsesterw\/schulbuecherei\/","title":{"rendered":"Schulb\u00fccherei"},"content":{"rendered":"<p>Die Schulb\u00fccherei ist jeden Donnerstag in der Zeit von <strong>8.30 bis 11.00 Uhr<\/strong> ge\u00f6ffnet.<\/p>\n<p>In dieser Zeit haben die Sch\u00fclerinnen und Sch\u00fcler die M\u00f6glichkeit, B\u00fccher auszuleihen und zur\u00fcckzugeben oder einfach nur zu st\u00f6bern. Die B\u00fccherei l\u00e4dt dazu ein, in andere Welten einzutauchen, Neues zu lernen und die Freude am Lesen zu st\u00e4rken.<\/p>\n<div class=\"wp-block-image\"><a href=\"https:\/\/wordpress.nibis.de\/gsesterw\/files\/2026\/01\/Bildschirmfoto-2026-01-12-um-11.13.46.png\"><img loading=\"lazy\" decoding=\"async\" class=\"wpa-warning wpa-image-missing-alt aligncenter size-full wp-image-1956\" src=\"https:\/\/wordpress.nibis.de\/gsesterw\/files\/2026\/01\/Bildschirmfoto-2026-01-12-um-11.13.46.png\" alt=\"\" width=\"568\" height=\"412\" data-warning=\"Missing alt text\" srcset=\"https:\/\/wordpress.nibis.de\/gsesterw\/files\/2026\/01\/Bildschirmfoto-2026-01-12-um-11.13.46.png 568w, https:\/\/wordpress.nibis.de\/gsesterw\/files\/2026\/01\/Bildschirmfoto-2026-01-12-um-11.13.46-100x73.png 100w\" sizes=\"auto, (max-width: 568px) 100vw, 568px\" \/><br \/>\n<\/a><\/div>\n","protected":false},"excerpt":{"rendered":"<p>Die Schulb\u00fccherei ist jeden Donnerstag in der Zeit von 8.30 bis 11.00 Uhr ge\u00f6ffnet. In dieser Zeit haben die Sch\u00fclerinnen und Sch\u00fcler die M\u00f6glichkeit, B\u00fccher auszuleihen und zur\u00fcckzugeben oder einfach nur zu st\u00f6bern. Die B\u00fccherei l\u00e4dt dazu ein, in andere Welten einzutauchen, Neues zu lernen und die Freude am Lesen zu st\u00e4rken.<\/p>\n","protected":false},"author":9193300,"featured_media":0,"parent":0,"menu_order":0,"comment_status":"closed","ping_status":"closed","template":"","meta":{"footnotes":""},"class_list":["post-1942","page","type-page","status-publish","hentry"],"_links":{"self":[{"href":"https:\/\/wordpress.nibis.de\/gsesterw\/wp-json\/wp\/v2\/pages\/1942","targetHints":{"allow":["GET"]}}],"collection":[{"href":"https:\/\/wordpress.nibis.de\/gsesterw\/wp-json\/wp\/v2\/pages"}],"about":[{"href":"https:\/\/wordpress.nibis.de\/gsesterw\/wp-json\/wp\/v2\/types\/page"}],"author":[{"embeddable":true,"href":"https:\/\/wordpress.nibis.de\/gsesterw\/wp-json\/wp\/v2\/users\/9193300"}],"replies":[{"embeddable":true,"href":"https:\/\/wordpress.nibis.de\/gsesterw\/wp-json\/wp\/v2\/comments?post=1942"}],"version-history":[{"count":5,"href":"https:\/\/wordpress.nibis.de\/gsesterw\/wp-json\/wp\/v2\/pages\/1942\/revisions"}],"predecessor-version":[{"id":2092,"href":"https:\/\/wordpress.nibis.de\/gsesterw\/wp-json\/wp\/v2\/pages\/1942\/revisions\/2092"}],"wp:attachment":[{"href":"https:\/\/wordpress.nibis.de\/gsesterw\/wp-json\/wp\/v2\/media?parent=1942"}],"curies":[{"name":"wp","href":"https:\/\/api.w.org\/{rel}","templated":true}]}}