{"id":1943,"date":"2026-01-12T11:07:49","date_gmt":"2026-01-12T10:07:49","guid":{"rendered":"https:\/\/wordpress.nibis.de\/gsesterw\/?page_id=1943"},"modified":"2026-01-12T11:41:55","modified_gmt":"2026-01-12T10:41:55","slug":"waldjugendspiele","status":"publish","type":"page","link":"https:\/\/wordpress.nibis.de\/gsesterw\/waldjugendspiele\/","title":{"rendered":"Waldjugendspiele"},"content":{"rendered":"<p>Die <strong>Waldjugendspiele<\/strong> werden j\u00e4hrlich im 3. Jahrgang durchgef\u00fchrt.<\/p>\n<p>Im Unterricht werden zun\u00e4chst die wichtigsten Waldtiere, Pflanzen und Verhaltensregeln erarbeitet. Die Waldjugendspiele bieten den Kindern die M\u00f6glichkeit, den Wald mit allen Sinnen zu erleben. An verschiedenen Stationen lernen sie dann spielerisch die Natur n\u00e4her kennen &#8211; das macht die Waldjugendspiele zu einem besonderen Ereignis.<\/p>\n<div class=\"wp-block-image\"><a href=\"https:\/\/wordpress.nibis.de\/gsesterw\/files\/2026\/01\/Bildschirmfoto-2026-01-12-um-11.13.24.png\"><img loading=\"lazy\" decoding=\"async\" class=\"wpa-warning wpa-image-missing-alt aligncenter size-full wp-image-1957\" src=\"https:\/\/wordpress.nibis.de\/gsesterw\/files\/2026\/01\/Bildschirmfoto-2026-01-12-um-11.13.24.png\" alt=\"\" width=\"564\" height=\"410\" data-warning=\"Missing alt text\" srcset=\"https:\/\/wordpress.nibis.de\/gsesterw\/files\/2026\/01\/Bildschirmfoto-2026-01-12-um-11.13.24.png 564w, https:\/\/wordpress.nibis.de\/gsesterw\/files\/2026\/01\/Bildschirmfoto-2026-01-12-um-11.13.24-100x73.png 100w\" sizes=\"auto, (max-width: 564px) 100vw, 564px\" \/><\/a><\/div>\n\n\n<p><\/p>\n","protected":false},"excerpt":{"rendered":"<p>Die Waldjugendspiele werden j\u00e4hrlich im 3. Jahrgang durchgef\u00fchrt. Im Unterricht werden zun\u00e4chst die wichtigsten Waldtiere, Pflanzen und Verhaltensregeln erarbeitet. Die Waldjugendspiele bieten den Kindern die M\u00f6glichkeit, den Wald mit allen Sinnen zu erleben. An verschiedenen Stationen lernen sie dann spielerisch die Natur n\u00e4her kennen &#8211; das macht die Waldjugendspiele zu einem besonderen Ereignis.<\/p>\n","protected":false},"author":9193300,"featured_media":0,"parent":0,"menu_order":0,"comment_status":"closed","ping_status":"closed","template":"","meta":{"footnotes":""},"class_list":["post-1943","page","type-page","status-publish","hentry"],"_links":{"self":[{"href":"https:\/\/wordpress.nibis.de\/gsesterw\/wp-json\/wp\/v2\/pages\/1943","targetHints":{"allow":["GET"]}}],"collection":[{"href":"https:\/\/wordpress.nibis.de\/gsesterw\/wp-json\/wp\/v2\/pages"}],"about":[{"href":"https:\/\/wordpress.nibis.de\/gsesterw\/wp-json\/wp\/v2\/types\/page"}],"author":[{"embeddable":true,"href":"https:\/\/wordpress.nibis.de\/gsesterw\/wp-json\/wp\/v2\/users\/9193300"}],"replies":[{"embeddable":true,"href":"https:\/\/wordpress.nibis.de\/gsesterw\/wp-json\/wp\/v2\/comments?post=1943"}],"version-history":[{"count":6,"href":"https:\/\/wordpress.nibis.de\/gsesterw\/wp-json\/wp\/v2\/pages\/1943\/revisions"}],"predecessor-version":[{"id":1968,"href":"https:\/\/wordpress.nibis.de\/gsesterw\/wp-json\/wp\/v2\/pages\/1943\/revisions\/1968"}],"wp:attachment":[{"href":"https:\/\/wordpress.nibis.de\/gsesterw\/wp-json\/wp\/v2\/media?parent=1943"}],"curies":[{"name":"wp","href":"https:\/\/api.w.org\/{rel}","templated":true}]}}