{"id":28,"date":"2019-12-06T16:21:38","date_gmt":"2019-12-06T15:21:38","guid":{"rendered":"https:\/\/wordpress.nibis.de\/gsesterw\/?page_id=28"},"modified":"2025-12-08T15:10:32","modified_gmt":"2025-12-08T14:10:32","slug":"sekretariat","status":"publish","type":"page","link":"https:\/\/wordpress.nibis.de\/gsesterw\/sekretariat\/","title":{"rendered":"Sekretariat"},"content":{"rendered":"\n<p>In unserem Sekretariat sind zu den folgenden Zeiten Frau H\u00fcntelmann bzw. Frau Geiger f\u00fcr Sie erreichbar:<\/p>\n<p><strong>montags bis mittwochs: 09.00 Uhr- 12.45 Uhr<\/strong> (Frau H\u00fcntelmann)<\/p>\n<p><strong>donnerstags und freitags: 08.00 Uhr &#8211; 12.00 Uhr<\/strong> (Frau Geiger)<\/p>\n","protected":false},"excerpt":{"rendered":"<p>In unserem Sekretariat sind zu den folgenden Zeiten Frau H\u00fcntelmann bzw. Frau Geiger f\u00fcr Sie erreichbar: montags bis mittwochs: 09.00 Uhr- 12.45 Uhr (Frau H\u00fcntelmann) donnerstags und freitags: 08.00 Uhr &#8211; 12.00 Uhr (Frau Geiger)<\/p>\n","protected":false},"author":9193300,"featured_media":0,"parent":0,"menu_order":0,"comment_status":"closed","ping_status":"closed","template":"","meta":{"footnotes":""},"class_list":["post-28","page","type-page","status-publish","hentry"],"_links":{"self":[{"href":"https:\/\/wordpress.nibis.de\/gsesterw\/wp-json\/wp\/v2\/pages\/28","targetHints":{"allow":["GET"]}}],"collection":[{"href":"https:\/\/wordpress.nibis.de\/gsesterw\/wp-json\/wp\/v2\/pages"}],"about":[{"href":"https:\/\/wordpress.nibis.de\/gsesterw\/wp-json\/wp\/v2\/types\/page"}],"author":[{"embeddable":true,"href":"https:\/\/wordpress.nibis.de\/gsesterw\/wp-json\/wp\/v2\/users\/9193300"}],"replies":[{"embeddable":true,"href":"https:\/\/wordpress.nibis.de\/gsesterw\/wp-json\/wp\/v2\/comments?post=28"}],"version-history":[{"count":5,"href":"https:\/\/wordpress.nibis.de\/gsesterw\/wp-json\/wp\/v2\/pages\/28\/revisions"}],"predecessor-version":[{"id":1797,"href":"https:\/\/wordpress.nibis.de\/gsesterw\/wp-json\/wp\/v2\/pages\/28\/revisions\/1797"}],"wp:attachment":[{"href":"https:\/\/wordpress.nibis.de\/gsesterw\/wp-json\/wp\/v2\/media?parent=28"}],"curies":[{"name":"wp","href":"https:\/\/api.w.org\/{rel}","templated":true}]}}