{"id":423,"date":"2020-03-25T13:15:05","date_gmt":"2020-03-25T12:15:05","guid":{"rendered":"https:\/\/wordpress.nibis.de\/gsesterw\/?page_id=423"},"modified":"2024-09-23T17:53:22","modified_gmt":"2024-09-23T15:53:22","slug":"chronik","status":"publish","type":"page","link":"https:\/\/wordpress.nibis.de\/gsesterw\/chronik\/","title":{"rendered":"Chronik"},"content":{"rendered":"\n<figure id=\"attachment_424\" aria-describedby=\"caption-attachment-424\" style=\"width: 398px\" class=\"wp-caption alignnone\"><a href=\"https:\/\/wordpress.nibis.de\/gsesterw\/files\/2020\/03\/Bild-altes-Schulgeb\u00e4ude.jpg\"><img loading=\"lazy\" decoding=\"async\" class=\"wp-image-424 size-full\" src=\"https:\/\/wordpress.nibis.de\/gsesterw\/files\/2020\/03\/Bild-altes-Schulgeb\u00e4ude.jpg\" alt=\"\" width=\"398\" height=\"273\" \/><\/a><figcaption id=\"caption-attachment-424\" class=\"wp-caption-text\">Das alte Schulgeb\u00e4ude, die &#8222;Vogelburg&#8220;<\/figcaption><\/figure>\n<h5>Die Geschichte der Grundschule Esterwegen<\/h5>\n<p>Bis Ende der 50er Jahre wurden in Esterwegen alle Kinder in der Volksschule unterrichtet. In den folgenden Jahren musste der Unterricht aus Platzgr\u00fcnden in verschieden Geb\u00e4uden \u00fcber das Dorf verteilt stattfinden. Die wachsenden Einwohnerzahlen und die Gr\u00f6\u00dfe des Ortes machten dann eine Neustrukturierung des Schulwesens erforderlich.<\/p>\n<p>Im Jahre 1968 wurden die ersten beiden Geb\u00e4ude des jetzigen Schulzenrums ihrer Bestimmung \u00fcbergeben, in denen unter der Leitung von Herrn Rektor Emmerling Grundsch\u00fcler und Hauptsch\u00fcler unterrichtet wurden. 1970 wurde ein dritter Klassentrakt mit 12 Klassenr\u00e4umen und drei Kursr\u00e4umen fertig gestellt. Mit der Bestimmung Esterwegens zum Hauptsitz der Samtgemeinde Nordh\u00fcmmling wurde die Schule zur Mittelpunktschule. Das neue Schulzentrum baute man nun stetig und zielstrebig aus. 1974 kam ein vierter Bauabschnitt mit Klassenr\u00e4umen, Werkr\u00e4umen, einer Schulk\u00fcche und einer Mehrzweckhalle mit B\u00fchne hinzu, 1980 schlie\u00dflich ein f\u00fcnfter Bauabschnitt mit Fach- und Verwaltungsr\u00e4umen und 1984 eine Gro\u00dfraumturnhalle.<br \/>Zu der bis hierhin bestehenden Grund- und Hauptschule mit Orientierungsstufe (eingef\u00fchrt 1979) kam zum Schuljahr 1981\/82 eine zweiz\u00fcgige Realschule. Im Jahre 1989 schlie\u00dflich folgte noch die Einrichtung eines Schulkindergartens.<br \/>Die Leitung des gesamten Schulzentrums lag bis zu seiner Pensionierung im Jahre 1990 immer noch allein in den H\u00e4nden von Herrn Rektor Emmerling. Aufgrund der hohen Sch\u00fclerzahlen und der Vielfalt der Schulformen wurde es zu diesem Zeitpunkt f\u00fcr sinnvoll erachtet das Schulzentrum aufzuteilen in eine Grundschule mit Schulkindergarten und eine Haupt- und Realschule mit Orientierungsstufe.<br \/><br \/>Am 01.08.1991 wurde die Grundschule selbstst\u00e4ndig. Aus Platzgr\u00fcnden wurden die 4. Schuljahre im Geb\u00e4ude der Orientierungsstufe untergebracht. Das ehemalige Verwaltungsgeb\u00e4ude des Schulzentrums wurde als Verwaltungsgeb\u00e4ude f\u00fcr die Grundschule eingerichtet. Es entstand ein Lehrerzimmer mit Lehrerb\u00fccherei und B\u00fcror\u00e4ume f\u00fcr die Schulleitung. <br \/>Nachdem aus Platzmangel \u00fcber mehrere Jahre bis zu 5 Klassen im Geb\u00e4ude der Orientierungsstufe untergebracht waren, wurde am 26.04.1997 ein Erweiterungsbau mit 4 neuen Klassenr\u00e4umen und 2 Gruppenr\u00e4umen eingeweiht. Am 01.08.2003 wurde die Grundschule verl\u00e4sslich.<br \/>Mit dem Schuljahresbeginn des Schuljahres 2011\/2012 wurde die Grundschule eine offene Ganztagsschule. Der dadurch notwendig gewordene Erweiterungsbau wurde am 01.06.2013 eingeweiht. Die Grundschule verf\u00fcgt nun endlich \u00fcber eine eigene Mehrzweckhalle und eine Verbindung zwischen dem Alt- und dem Neubau.<\/p>\n<p>Einen kleinen \u00dcberblick \u00fcber das Schulleben in den letzten Jahrzehnten erhalten Sie hier:<\/p>\n<p><a href=\"https:\/\/wordpress.nibis.de\/gsesterw\/1991-1992-1999-2000\/\">1991\/1992 -1999\/2000<\/a><\/p>\n<p><a href=\"https:\/\/wordpress.nibis.de\/gsesterw\/2000-2001-2009-2010\/\">2000\/2001-2009\/2010<\/a><\/p>\n<p><a href=\"https:\/\/wordpress.nibis.de\/gsesterw\/2010-11-2019-20\/\">2010\/11 \u2013 2019\/20<\/a><\/p>\n<p><a href=\"https:\/\/wordpress.nibis.de\/gsesterw\/schulchronik-ab-2020\/\">Schulchronik ab 2019\/20<\/a><\/p>\n","protected":false},"excerpt":{"rendered":"<p>Die Geschichte der Grundschule Esterwegen Bis Ende der 50er Jahre wurden in Esterwegen alle Kinder in der Volksschule unterrichtet. In den folgenden Jahren musste der Unterricht aus Platzgr\u00fcnden in verschieden Geb\u00e4uden \u00fcber das Dorf verteilt stattfinden. Die wachsenden Einwohnerzahlen und die Gr\u00f6\u00dfe des Ortes machten dann eine Neustrukturierung des Schulwesens erforderlich. Im Jahre 1968 wurden &hellip; <a href=\"https:\/\/wordpress.nibis.de\/gsesterw\/chronik\/\" class=\"more-link\"><span class=\"screen-reader-text\">Chronik<\/span> weiterlesen <span class=\"meta-nav\">&rarr;<\/span><\/a><\/p>\n","protected":false},"author":9193300,"featured_media":0,"parent":0,"menu_order":0,"comment_status":"closed","ping_status":"closed","template":"","meta":{"footnotes":""},"class_list":["post-423","page","type-page","status-publish","hentry"],"_links":{"self":[{"href":"https:\/\/wordpress.nibis.de\/gsesterw\/wp-json\/wp\/v2\/pages\/423","targetHints":{"allow":["GET"]}}],"collection":[{"href":"https:\/\/wordpress.nibis.de\/gsesterw\/wp-json\/wp\/v2\/pages"}],"about":[{"href":"https:\/\/wordpress.nibis.de\/gsesterw\/wp-json\/wp\/v2\/types\/page"}],"author":[{"embeddable":true,"href":"https:\/\/wordpress.nibis.de\/gsesterw\/wp-json\/wp\/v2\/users\/9193300"}],"replies":[{"embeddable":true,"href":"https:\/\/wordpress.nibis.de\/gsesterw\/wp-json\/wp\/v2\/comments?post=423"}],"version-history":[{"count":3,"href":"https:\/\/wordpress.nibis.de\/gsesterw\/wp-json\/wp\/v2\/pages\/423\/revisions"}],"predecessor-version":[{"id":1527,"href":"https:\/\/wordpress.nibis.de\/gsesterw\/wp-json\/wp\/v2\/pages\/423\/revisions\/1527"}],"wp:attachment":[{"href":"https:\/\/wordpress.nibis.de\/gsesterw\/wp-json\/wp\/v2\/media?parent=423"}],"curies":[{"name":"wp","href":"https:\/\/api.w.org\/{rel}","templated":true}]}}