{"id":428,"date":"2020-03-25T14:14:36","date_gmt":"2020-03-25T13:14:36","guid":{"rendered":"https:\/\/wordpress.nibis.de\/gsesterw\/?page_id=428"},"modified":"2020-03-30T16:17:15","modified_gmt":"2020-03-30T14:17:15","slug":"2000-2001-2009-2010","status":"publish","type":"page","link":"https:\/\/wordpress.nibis.de\/gsesterw\/2000-2001-2009-2010\/","title":{"rendered":"2000\/2001-2009\/2010"},"content":{"rendered":"\n<h6>2000\/2001:<\/h6>\n<p>Da Frau Haltern \u00fcber einen nicht absehbaren Zeitraum erkrankte, \u00fcbernimmt Frau Thomes nach den Herbstferien Frau Halterns erstes Schuljahr. Die Sch\u00fcler der dritten Klasse von Frau Thomes werden auf die Parallelklassen verteilt. Mit Beginn des Schuljahres kommt Herr Adam mit 4 Stunden evangelischer Religion in die Grundschule.&nbsp; Aus Platzmangel muss eine Klasse im Geb\u00e4ude der OS untergebracht werden.<\/p>\n<p><strong>Besondere Veranstaltungen:<\/strong><br>Im Oktober besuchte uns ein Glasbl\u00e4ser. Im November referiert Frau Stauss, eine Medizinerin aus Indien vor den Sch\u00fclern der 3. und 4. Schuljahre \u00fcber ein Hilfsprojekt f\u00fcr Kinder in Indien.<\/p>\n<h6>2001\/2002:<\/h6>\n<p>Frau Thomes kehrt aus dem Mutterschutz zur\u00fcck. Frau Hempen und Frau Gepp werden mit jeweils 5 Wochenstunden an die Sonderschule abgeordnet.<\/p>\n<p><strong>Besondere Veranstaltungen:<\/strong><br>Am 1. Dezember findet in der Zeit von 10.00 Uhr bis 13.00 Uhr ein Weihnachtsbazar in der Aula des Schulzentrums statt. Mit dem Erl\u00f6s werden wiederum das Indienprojekt und die Obdachlosenhilfe in Papenburg unterst\u00fctzt. Die neue Schulordnung tritt in Kraft.<\/p>\n<h6>2002\/2003:<\/h6>\n<p>Frau Gepp verl\u00e4sst uns und \u00fcbernimmt die Schulleitung in Oberlangen. Durch die Stundenreduzierung von Herrn Engelke um 14 Stunden und den Wegfall der zus\u00e4tzlichen Unterrichtsstunden von 3 Kollegen, die das 50. Lebensjahr erreicht haben, ist keine Abordnung mehr n\u00f6tig.<\/p>\n<p><strong>Besondere Veranstaltungen:<\/strong><\/p>\n<p>Vom 12.06. bis 16.05.2000 findet eine Projektwoche zum Thema Zauberwelten statt. Zum Abschluss gibt es am 18. Mai in der Zeit von 10.00 Uhr bis 13.00 Uhr ein Schulfest zum Thema Zauberwelten statt. Der Erl\u00f6s betr\u00e4gt 1200,- \u20ac.&nbsp;<\/p>\n<h6>2003\/2004:<\/h6>\n<p>Wegen der Einf\u00fchrung der verl\u00e4sslichen Grundschule werden zwei Vertretungskr\u00e4fte Frau R. Wester (Lehrerin) und Herr B. Mayr (Student) sowie die Betreuungskr\u00e4fte Frau H. Burchard und Frau B. Memering besch\u00e4ftigt. Mit Beginn des Schuljahres kommt Frau Tanja Steffens f\u00fcr Frau G. Gepp neu in das Kollegium und \u00fcbernimmt ein 1. Schuljahr. Frau Engelke von der Waldschule ist f\u00fcr zwei Stunden an unsere Grundschule abgeordnet worden. <br>Frau T. Willoh begeht ihr 30-j\u00e4hriges, Frau G. Jansen und Herr B. Jansen ihr 35-j\u00e4hriges Dienstjubil\u00e4um.<\/p>\n<p><strong>Besondere Veranstaltungen\/ Ereignisse:<\/strong>&nbsp;<br>Zum 01.02.2004 geht Herrman Otten (Schulassistent) in den Ruhestand. <br>Ab dem 01.02. findet die Sprachf\u00f6rderung der Kindergartenkinder statt. Frau R.Wester \u00fcbernimmt diese Aufgabe mit 12 Lehrerstunden. <br>Zum Schuljahreswechsel wird die Orientierungsstufe abgeschafft.<\/p>\n<h6>2004\/2005:<\/h6>\n<p>Frau E. Lanfermann kommt als Lehramtsanw\u00e4rterin in das Kollegium.<\/p>\n<p><strong>Besondere Veranstaltungen\/ Ereignisse:<\/strong> <br>Mit Beginn des neuen Schuljahres verf\u00fcgt die Grundschule \u00fcber eine neue Schulk\u00fcche.<br>Vom 19.06. bis 24.06.2000 findet eine Projektwoche zum Thema Herbst statt, die am 03.10.2004 mit einem Schulfest abgeschlossen wird. Der Erl\u00f6s von 1100,- \u20ac wird f\u00fcr Pausenspielger\u00e4te verwendet.<\/p>\n<h6>2005\/2006:<\/h6>\n<p>Frau Tanja Steffens verl\u00e4sst uns. Mit Beginn des 2.Schulhalbjahres kommt Frau Thekla Hanneken neu in das Kollegium und \u00fcbernimmt die 3. Klasse von Frau Steffens. Zum Ende des Schuljahres verl\u00e4sst uns Herr B. Mayr (Vertretungskraft).<\/p>\n<h6>2007\/2008:<\/h6>\n<p>Brigitte H\u00fcntelmann beginnt ihren Dienst als Schulsekret\u00e4rin. Frau Jelena Timmen kommt als Lehramtsanw\u00e4rterin in unser Kollegium.<\/p>\n<h6>2008\/2009:<\/h6>\n<p>40-j\u00e4hriges Dienstjubil\u00e4um von Herrn Bernd Jansen. Verabschiedung des P\u00e4dagogen Otto Lanfermann in den Ruhestand.<\/p>\n<h6>2009\/2010:<\/h6>\n<p>Verabschiedung von Frau Haltern in den Ruhestand.<\/p>\n<h6><strong><br><\/strong><br><br><\/h6>\n<p>&nbsp;<\/p>\n<p>&nbsp;<\/p>\n<p>&nbsp;<\/p>\n","protected":false},"excerpt":{"rendered":"<p>2000\/2001: Da Frau Haltern \u00fcber einen nicht absehbaren Zeitraum erkrankte, \u00fcbernimmt Frau Thomes nach den Herbstferien Frau Halterns erstes Schuljahr. Die Sch\u00fcler der dritten Klasse von Frau Thomes werden auf die Parallelklassen verteilt. Mit Beginn des Schuljahres kommt Herr Adam mit 4 Stunden evangelischer Religion in die Grundschule.&nbsp; Aus Platzmangel muss eine Klasse im Geb\u00e4ude &hellip; <a href=\"https:\/\/wordpress.nibis.de\/gsesterw\/2000-2001-2009-2010\/\" class=\"more-link\"><span class=\"screen-reader-text\">2000\/2001-2009\/2010<\/span> weiterlesen <span class=\"meta-nav\">&rarr;<\/span><\/a><\/p>\n","protected":false},"author":9193300,"featured_media":0,"parent":0,"menu_order":0,"comment_status":"closed","ping_status":"closed","template":"","meta":{"footnotes":""},"class_list":["post-428","page","type-page","status-publish","hentry"],"_links":{"self":[{"href":"https:\/\/wordpress.nibis.de\/gsesterw\/wp-json\/wp\/v2\/pages\/428","targetHints":{"allow":["GET"]}}],"collection":[{"href":"https:\/\/wordpress.nibis.de\/gsesterw\/wp-json\/wp\/v2\/pages"}],"about":[{"href":"https:\/\/wordpress.nibis.de\/gsesterw\/wp-json\/wp\/v2\/types\/page"}],"author":[{"embeddable":true,"href":"https:\/\/wordpress.nibis.de\/gsesterw\/wp-json\/wp\/v2\/users\/9193300"}],"replies":[{"embeddable":true,"href":"https:\/\/wordpress.nibis.de\/gsesterw\/wp-json\/wp\/v2\/comments?post=428"}],"version-history":[{"count":3,"href":"https:\/\/wordpress.nibis.de\/gsesterw\/wp-json\/wp\/v2\/pages\/428\/revisions"}],"predecessor-version":[{"id":434,"href":"https:\/\/wordpress.nibis.de\/gsesterw\/wp-json\/wp\/v2\/pages\/428\/revisions\/434"}],"wp:attachment":[{"href":"https:\/\/wordpress.nibis.de\/gsesterw\/wp-json\/wp\/v2\/media?parent=428"}],"curies":[{"name":"wp","href":"https:\/\/api.w.org\/{rel}","templated":true}]}}