{"id":433,"date":"2020-03-30T17:10:55","date_gmt":"2020-03-30T15:10:55","guid":{"rendered":"https:\/\/wordpress.nibis.de\/gsesterw\/?page_id=433"},"modified":"2021-08-20T19:11:31","modified_gmt":"2021-08-20T17:11:31","slug":"2010-11-2019-20","status":"publish","type":"page","link":"https:\/\/wordpress.nibis.de\/gsesterw\/2010-11-2019-20\/","title":{"rendered":"2010\/2011 &#8211; 2018\/2019"},"content":{"rendered":"\n<h6>2010\/11:<\/h6>\n<p><strong>Abordnungen f\u00fcr das laufende Schuljahr:<\/strong><\/p>\n<p>Frau Thomes (24 Stunden nach Hilkenbrook)<br \/>Herr Grewe (5 Stunden an das Schulzentrum Esterwegen)<\/p>\n<p><strong>Besondere Anl\u00e4sse:<\/strong><\/p>\n<p>Am 18.12.2010 findet ein Schulfest unter dem Motto \u201eBald ist Weihnachten\u201c. Herr Grewe feiert am 18.02.2010 sein 40-j\u00e4hriges Dienstjubil\u00e4um. Kai Engelke wird am 06.07.2010 in den Ruhestand verabschiedet.<\/p>\n<h6>2011\/12:<\/h6>\n<p><strong>Abordnungen f\u00fcr das laufende Jahr:<\/strong><\/p>\n<p>Frau Kober (5 Stunden nach B\u00f6rgerwald)<br \/>Frau Klein (3 Stunden nach Bockhorst)<br \/>Frau Hanneken (4 Stunden an die F\u00f6rderschule Esterwegen ab 01.10.)<br \/>Herr Burchard (6 Stunden an die F\u00f6rderschule Esterwegen ab 01.10.)<\/p>\n<p><em><strong>Mit dem Schuljahresbeginn des Schuljahres 2011\/12 wird die Grundschule Esterwegen eine offene Ganztagsschule.<\/strong><\/em><\/p>\n<p><strong>Besondere Anl\u00e4sse:<\/strong><\/p>\n<p>Frau Sigrid Thomes feiert am 05.09.2011 ihr 25-j\u00e4hriges Dienstjubil\u00e4um. Am 14.10.2011 feiert Frau Ursula Mayr ihr 40-j\u00e4hriges Dienstjubil\u00e4um. Am 20.07.2012 wird Herr Bernd Jansen in die Freistellungsphase verabschiedet.<\/p>\n<h6>2012\/13:<\/h6>\n<p><strong>Personelle Ver\u00e4nderungen\/Abordnungen f\u00fcr das laufende Jahr:<\/strong><\/p>\n<p>Zum Schuljahresbeginn kommt Frau Marion Schmitz-B\u00fcter neu in das Kollegium und \u00fcbernimmt die Leitung des Schulkindergartens.<br \/>Frau G. Hermes wird mit 8 Wochenstunden von der GS Hilkenbrook an die GS Esterwegen abgeordnet.<\/p>\n<p><strong>Besondere Anl\u00e4sse:<\/strong><\/p>\n<p>Vom 28.05. bis zum 31.05.2013 findet an der Grundschule eine Projektwoche mit dem Zauberer Casablanca statt. Am 01.06.2013\u00a0 f\u00fchren die Sch\u00fcler ihre Zauberkunstst\u00fccke auf dem Schulfest vor.<\/p>\n<h6>2013\/14:<\/h6>\n<p><strong>Personelle Ver\u00e4nderungen\/Abordnungen f\u00fcr das laufende Jahr:<\/strong><\/p>\n<p>Zum Schuljahresbeginn kommt Frau Esther Jansen neu in das Kollegium. das erste Schuljahr wird zum ersten Mal seit langem wieder dreiz\u00fcgig. Es gibt keine Abordnungen.<\/p>\n<p><strong>Besondere Anl\u00e4sse:<\/strong><\/p>\n<p>Frau Thekla Willoh feiert am 23.09.2013 ihr 40-j\u00e4hriges Dienstjubil\u00e4um. Am 01.12.2013 verkaufen die Viertkl\u00e4ssler auf dem Nikolausmarkt ihre Bastelarbeiten vom Basteltag &#8211; &#8222;Kinder helfen Kindern &#8211; f\u00fcr die Opfer der Taifuns auf den Philipinen. Am 29.01.2014 wird Frau Thekla Willoh in den Ruhestand verabschiedet. Die Tanz-AG tritt am 18.06. und am 16.07. auf der Landesgartenschau in Papenburg auf.<\/p>\n<h6>2014\/15:<\/h6>\n<p><strong>Abordnungen f\u00fcr das laufende Schuljahr:<\/strong><\/p>\n<p>Da im ersten Schuljahr 2 Kinder zur Dreiz\u00fcgigkeit fehlen, kommt es zu einem Stunden\u00fcberhang, sodass Frau E. Jansen, Frau Klein, Frau Kober und Herr Grewe an die Oberschule abgeordnet werden.<\/p>\n<p><strong>Besondere Anl\u00e4sse:<\/strong><\/p>\n<p>Vom 06.07. bis zum 09.07.2015 findet eine Schulinspektion statt. Am 22.07.2015 wird Frau Barbara Klein in den Ruhestand verabschiedet.<\/p>\n<h6>2015\/16:<\/h6>\n<p><strong>Personelle Ver\u00e4nderungen\/ Abordnungen f\u00fcr das laufende Jahr:<\/strong><\/p>\n<p>Als Abordnung kommt Frau Anja V\u00f6lker von der Grundschule Breddenberg in das Kollegium und \u00fcbernimmt ein 3. Schuljahr. Ihr Referendariat beginnt Frau Lisa Middelbeck. Am 01.02.2016 kommt Frau Vera Grave neu in das Kollegium.<\/p>\n<p><b>Besondere Anl\u00e4sse:<\/b><\/p>\n<p>Am 18.09.2015 feiert Frau Karin Kober ihr 40-j\u00e4hriges Dienstjubil\u00e4um. Herr J\u00fcrgen Adam wird am 22.01.2016 in den Ruhestand verabschiedet. Am 22.02.2016 finden die Personalratswahlen statt: gew\u00e4hlt werden Frau Thekla Hanneken und Frau Heide Nienaber als ihre Vertretung. Am 21.\/22.07.2016 werden Frau Frau Anja V\u00f6lker und die Konrektorin Frau Gabriele Jansen verabschiedet.<\/p>\n<h6>2016\/17:<\/h6>\n<p><strong>personelle Ver\u00e4nderungen\/ Abordnungen f\u00fcr das laufende Schuljahr:<\/strong><\/p>\n<p>Frau Baalmann-Schuten kommt als Konrektorin neu in das Kollegium. Frau Kerstin Stindt beginnt im Sommer als Vertretungskraft und startet im Januar als Lehramtsanw\u00e4rterin an der Grundschule.<\/p>\n<p><strong>Besondere Anl\u00e4sse:<\/strong><\/p>\n<p>Herr Grewe und Frau Ursula Mayr werden in den Ruhestand verabschiedet.<\/p>\n<h6>2017\/18:<\/h6>\n<p><strong>Personelle Ver\u00e4nderungen\/ Abordnungen f\u00fcr das laufende Jahr:<\/strong><\/p>\n<p>Zum Schuljahresbeginn \u00fcbernimmt Frau Baalmann-Schuten die Schulleitung als Nachfolgerin von Herrn Grewe. Frau Ingrid Hempen \u00fcbernimmt kommissarisch f\u00fcr ein Jahr die Funktion der Konrektorin.<br \/><br \/>Da weiterhin akuter Lehrermangel herrscht, gibt es mehrere Abordnungen und Vertretungskr\u00e4fte, um den Unterricht zu gew\u00e4rleisten. Von der Oberschule werden Frau Helmers und Frau Schoon abgeordnet und von der Grundschule Herzlake Herr Lammers. Als Vertretungskr\u00e4fte kommen nach Abschluss der Masterarbeit Frau Borgmann und Frau Elbers in das Kollegium. Au\u00dferdem haben sich Frau Mayr und Herr Grewe bereit erkl\u00e4rt, auch nach ihrer Pensionierung die Grundschule mit jeweils 6 Stunden zu unterst\u00fctzen. Zum zweiten Halbjahr gibt es weitere personelle Ver\u00e4nderungen. Frau Elbers verl\u00e4sst die Grundschule. Frau Borgmann beginnt ihren Vorbereitungsdienst. Neu in das Kollegium kommt Frau Christine Kampen.<\/p>\n<p><strong>Besondere Anl\u00e4sse:<\/strong><\/p>\n<p>Am 08.11.2017 wird Frau Baalmann-Schuten wird nach Ablauf der Probezeit offiziell zur Schulleiterin ernannt. Am 16.02.2018 wird sie feierlich in ihr Amt eingef\u00fchrt.<\/p>\n<h6>2018\/19:<\/h6>\n<p><strong>Personelle Ver\u00e4nderungen\/ Abordnungen f\u00fcr das laufende Jahr:<\/strong><\/p>\n<p>Zu Beginn des Schuljahres 2018\/2019 gibt es einige Ver\u00e4nderungen. Seit dem 01.08.2018 \u00fcbernehmen Frau Funke und Frau H\u00f6mmen kommissarisch die Funktionsstelle der Konrektorin an der Grundschule Esterwegen, welche bisher von Frau Hempen ausge\u00fcbt wurde. An dieser Stelle recht herzlichen Dank an Frau Hempen f\u00fcr Ihren Einsatz. Als neue Kolleginnen begr\u00fc\u00dfen wir in unserem Team Frau Becker und Frau Stindt. Zudem werden uns Frau Mayr, Herr Lammers und Herr Grewe in diesem Schuljahr weiterhin unterst\u00fctzen. Der Ganztagsbetrieb beginnt ab dem 13.08.2018. Herr Mayr, der uns seit dem Beginn des Ganztagsbetriebes im Nachmittagsangebot unterst\u00fctzt hat, wird seine T\u00e4tigkeit in diesem Schuljahr nicht fortsetzen. Auch bei ihm m\u00f6chten wir uns bedanken. Des weiteren k\u00f6nnen wir im Bereich des Ganztagsbetriebes bzw. Betreuung Frau Kassens und Frau Schmidt als neue Mitarbeiterinnen begr\u00fc\u00dfen.<\/p>\n<p>Zum Beginn des 2. Schulhalbjahres gibt es wiederum einige personellen Ver\u00e4nderungen. Zum 27.01.2019 endet der Vertrag von Frau Ruf-Kemper, die uns im ersten Schulhalbjahr als Vertretungskraft unterst\u00fctzt hat. Ab dem 01.02.2019 \u00fcbernehmen Herr kl. Siemer und Herr Hibben, die bis zum Ende des Schuljahres vom Albertus Magnus Gymnasium Fiesoythe stundenweise abgeordnet sind, anteilig Musik- und Sachunterricht.<\/p>\n<p>Zum Schuljahresende beenden die Lehrkr\u00e4fte Frau Mayr, Frau Becker, Herr Grewe, Herr Hibben, Herr Pastor Hill und Herr kl. Siemer ihre T\u00e4tigkeit an unserer Grundschule. Wir bedanken uns f\u00fcr ihren Einsatz und w\u00fcnschen f\u00fcr die Zukunft alles Gute.<\/p>\n<p>\u00a0<\/p>\n<p>\u00a0<\/p>\n<p>\u00a0<\/p>\n<p>\u00a0<\/p>\n<p>\u00a0<\/p>\n","protected":false},"excerpt":{"rendered":"<p>2010\/11: Abordnungen f\u00fcr das laufende Schuljahr: Frau Thomes (24 Stunden nach Hilkenbrook)Herr Grewe (5 Stunden an das Schulzentrum Esterwegen) Besondere Anl\u00e4sse: Am 18.12.2010 findet ein Schulfest unter dem Motto \u201eBald ist Weihnachten\u201c. Herr Grewe feiert am 18.02.2010 sein 40-j\u00e4hriges Dienstjubil\u00e4um. Kai Engelke wird am 06.07.2010 in den Ruhestand verabschiedet. 2011\/12: Abordnungen f\u00fcr das laufende Jahr: &hellip; <a href=\"https:\/\/wordpress.nibis.de\/gsesterw\/2010-11-2019-20\/\" class=\"more-link\"><span class=\"screen-reader-text\">2010\/2011 &#8211; 2018\/2019<\/span> weiterlesen <span class=\"meta-nav\">&rarr;<\/span><\/a><\/p>\n","protected":false},"author":9193300,"featured_media":0,"parent":0,"menu_order":0,"comment_status":"closed","ping_status":"closed","template":"","meta":{"footnotes":""},"class_list":["post-433","page","type-page","status-publish","hentry"],"_links":{"self":[{"href":"https:\/\/wordpress.nibis.de\/gsesterw\/wp-json\/wp\/v2\/pages\/433","targetHints":{"allow":["GET"]}}],"collection":[{"href":"https:\/\/wordpress.nibis.de\/gsesterw\/wp-json\/wp\/v2\/pages"}],"about":[{"href":"https:\/\/wordpress.nibis.de\/gsesterw\/wp-json\/wp\/v2\/types\/page"}],"author":[{"embeddable":true,"href":"https:\/\/wordpress.nibis.de\/gsesterw\/wp-json\/wp\/v2\/users\/9193300"}],"replies":[{"embeddable":true,"href":"https:\/\/wordpress.nibis.de\/gsesterw\/wp-json\/wp\/v2\/comments?post=433"}],"version-history":[{"count":3,"href":"https:\/\/wordpress.nibis.de\/gsesterw\/wp-json\/wp\/v2\/pages\/433\/revisions"}],"predecessor-version":[{"id":974,"href":"https:\/\/wordpress.nibis.de\/gsesterw\/wp-json\/wp\/v2\/pages\/433\/revisions\/974"}],"wp:attachment":[{"href":"https:\/\/wordpress.nibis.de\/gsesterw\/wp-json\/wp\/v2\/media?parent=433"}],"curies":[{"name":"wp","href":"https:\/\/api.w.org\/{rel}","templated":true}]}}