{"id":755,"date":"2021-05-03T14:53:53","date_gmt":"2021-05-03T12:53:53","guid":{"rendered":"https:\/\/wordpress.nibis.de\/gsesterw\/?page_id=755"},"modified":"2021-06-23T15:26:43","modified_gmt":"2021-06-23T13:26:43","slug":"b","status":"publish","type":"page","link":"https:\/\/wordpress.nibis.de\/gsesterw\/b\/","title":{"rendered":"b"},"content":{"rendered":"<p><strong>Beratungsgespr\u00e4che<\/strong><br \/>\nDie Schulen bieten zwei Beratungsgespr\u00e4che im vierten Schuljahr(meist um die Herbstferien und vor den Osterferien) an, damit die Erziehungsberechtigten optimal vorbereitet und eigenverantwortlich \u00fcber den weiteren Bildungsweg ihres Kindes<br \/>\nentscheiden k\u00f6nnen. Auf Wunsch der Eltern wird eine Schullaufbahnempfehlung ausgesprochen.<\/p>\n<p><strong>Beschwerden<\/strong><br \/>\nAn unserer Schule arbeiten viele Menschen zusammen, wobei sich Schulleitung und Kollegium immer wieder darum bem\u00fchen, eine zwar leistungsorientierte, jedoch immer freundliche und unterst\u00fctzende Atmosph\u00e4re zu erzeugen, in der zwischenmenschliche Probleme minimiert, aber nicht ausgeschlossen werden k\u00f6nnen. Grunds\u00e4tzlich nehmen wir Beschwerden ernst und gehen Problemen zeitnah und professionell auf den Grund.<\/p>\n<p><strong>Besucher<\/strong><br \/>\nBesucher melden sich im Sekretariat an. Zur Zeit ist aufgrund der<br \/>\nCoronapandemie ein aktueller, negativer Test beim Betreten des<br \/>\nSchulgeb\u00e4udes verpflichtend.<\/p>\n<p><strong>Beurlaubung<\/strong><br \/>\nFalls Eltern aus dringenden Gr\u00fcnden die Beurlaubung ihres Kindes<br \/>\nw\u00fcnschen, so wenden sie sich in schriftlicher Form an den Klassenlehrer \/ die Klassenlehrerin. Beurlaubungen f\u00fcr mehrere Tage m\u00fcssen von der Schulleiterin ausgesprochen werden. Bei Familienfeiern am Ort oder in der n\u00e4heren Umgebung besteht f\u00fcr den Sch\u00fcler \/ die Sch\u00fclerin am Tag nach der Feier Schulpflicht. Beurlaubungen vor und nach den Ferien werden nur in absoluten H\u00e4rtef\u00e4llen durch die Schulleiterin ausgesprochen. Hierf\u00fcr muss ein Antrag gestellt werden.<\/p>\n<p><strong>B\u00fccherei<\/strong><br \/>\nEinmal w\u00f6chentlich besuchen wir jeweils klassenweise die B\u00fccherei. Die Kinder erhalten einen Leseausweis, der j\u00e4hrlich nach Bezahlung einer Pauschale von 2 Euro um ein Jahr verl\u00e4ngert wird.<br \/>\nDie Ausleihe von B\u00fcchern ist kostenlos.<\/p>\n<p><strong>Bundesjugendspiele<\/strong><br \/>\nEinmal j\u00e4hrlich vor den Sommerferien finden unsere Bundesjugendspiele in der Leichtathletik statt. Alle Kinder der dritten und vierten Klasse k\u00e4mpfen hier um eine Teilnahme-, Sieger- oder Ehrenurkunde. \u00a0Die Disziplinen, an denen die Sch\u00fclerInnen teilnehmen, lauten:<\/p>\n<ul>\n<li>50 Meter Sprint<\/li>\n<li>800 Langstreckenlauf<\/li>\n<li>Weitsprung<\/li>\n<li>Weitwurf<\/li>\n<\/ul>\n<p>Zur\u00fcck zum\u00a0<a href=\"https:\/\/wordpress.nibis.de\/gsesterw\/abc-der-grundschule\/\">ABC der Grundschule<\/a>.<\/p>\n","protected":false},"excerpt":{"rendered":"<p>Beratungsgespr\u00e4che Die Schulen bieten zwei Beratungsgespr\u00e4che im vierten Schuljahr(meist um die Herbstferien und vor den Osterferien) an, damit die Erziehungsberechtigten optimal vorbereitet und eigenverantwortlich \u00fcber den weiteren Bildungsweg ihres Kindes entscheiden k\u00f6nnen. Auf Wunsch der Eltern wird eine Schullaufbahnempfehlung ausgesprochen. Beschwerden An unserer Schule arbeiten viele Menschen zusammen, wobei sich Schulleitung und Kollegium immer wieder &hellip; <a href=\"https:\/\/wordpress.nibis.de\/gsesterw\/b\/\" class=\"more-link\"><span class=\"screen-reader-text\">b<\/span> weiterlesen <span class=\"meta-nav\">&rarr;<\/span><\/a><\/p>\n","protected":false},"author":9193300,"featured_media":0,"parent":0,"menu_order":0,"comment_status":"closed","ping_status":"closed","template":"","meta":{"footnotes":""},"class_list":["post-755","page","type-page","status-publish","hentry"],"_links":{"self":[{"href":"https:\/\/wordpress.nibis.de\/gsesterw\/wp-json\/wp\/v2\/pages\/755","targetHints":{"allow":["GET"]}}],"collection":[{"href":"https:\/\/wordpress.nibis.de\/gsesterw\/wp-json\/wp\/v2\/pages"}],"about":[{"href":"https:\/\/wordpress.nibis.de\/gsesterw\/wp-json\/wp\/v2\/types\/page"}],"author":[{"embeddable":true,"href":"https:\/\/wordpress.nibis.de\/gsesterw\/wp-json\/wp\/v2\/users\/9193300"}],"replies":[{"embeddable":true,"href":"https:\/\/wordpress.nibis.de\/gsesterw\/wp-json\/wp\/v2\/comments?post=755"}],"version-history":[{"count":4,"href":"https:\/\/wordpress.nibis.de\/gsesterw\/wp-json\/wp\/v2\/pages\/755\/revisions"}],"predecessor-version":[{"id":889,"href":"https:\/\/wordpress.nibis.de\/gsesterw\/wp-json\/wp\/v2\/pages\/755\/revisions\/889"}],"wp:attachment":[{"href":"https:\/\/wordpress.nibis.de\/gsesterw\/wp-json\/wp\/v2\/media?parent=755"}],"curies":[{"name":"wp","href":"https:\/\/api.w.org\/{rel}","templated":true}]}}