{"id":757,"date":"2021-05-03T14:55:26","date_gmt":"2021-05-03T12:55:26","guid":{"rendered":"https:\/\/wordpress.nibis.de\/gsesterw\/?page_id=757"},"modified":"2021-05-03T15:10:29","modified_gmt":"2021-05-03T13:10:29","slug":"c","status":"publish","type":"page","link":"https:\/\/wordpress.nibis.de\/gsesterw\/c\/","title":{"rendered":"C"},"content":{"rendered":"<p><strong>Chaos<\/strong><br \/>\nErinnern Sie Ihr Kind regelm\u00e4\u00dfig daran, die Schultasche und die Federmappe zu kontrollieren. Dieses erleichtert die schulische Arbeit.<\/p>\n<p>Zur\u00fcck zum\u00a0<a href=\"https:\/\/wordpress.nibis.de\/gsesterw\/abc-der-grundschule\/\">ABC der Grundschule<\/a>.<\/p>\n","protected":false},"excerpt":{"rendered":"<p>Chaos Erinnern Sie Ihr Kind regelm\u00e4\u00dfig daran, die Schultasche und die Federmappe zu kontrollieren. Dieses erleichtert die schulische Arbeit. Zur\u00fcck zum\u00a0ABC der Grundschule.<\/p>\n","protected":false},"author":9193300,"featured_media":0,"parent":0,"menu_order":0,"comment_status":"closed","ping_status":"closed","template":"","meta":{"footnotes":""},"class_list":["post-757","page","type-page","status-publish","hentry"],"_links":{"self":[{"href":"https:\/\/wordpress.nibis.de\/gsesterw\/wp-json\/wp\/v2\/pages\/757","targetHints":{"allow":["GET"]}}],"collection":[{"href":"https:\/\/wordpress.nibis.de\/gsesterw\/wp-json\/wp\/v2\/pages"}],"about":[{"href":"https:\/\/wordpress.nibis.de\/gsesterw\/wp-json\/wp\/v2\/types\/page"}],"author":[{"embeddable":true,"href":"https:\/\/wordpress.nibis.de\/gsesterw\/wp-json\/wp\/v2\/users\/9193300"}],"replies":[{"embeddable":true,"href":"https:\/\/wordpress.nibis.de\/gsesterw\/wp-json\/wp\/v2\/comments?post=757"}],"version-history":[{"count":2,"href":"https:\/\/wordpress.nibis.de\/gsesterw\/wp-json\/wp\/v2\/pages\/757\/revisions"}],"predecessor-version":[{"id":764,"href":"https:\/\/wordpress.nibis.de\/gsesterw\/wp-json\/wp\/v2\/pages\/757\/revisions\/764"}],"wp:attachment":[{"href":"https:\/\/wordpress.nibis.de\/gsesterw\/wp-json\/wp\/v2\/media?parent=757"}],"curies":[{"name":"wp","href":"https:\/\/api.w.org\/{rel}","templated":true}]}}