{"id":759,"date":"2021-05-03T15:06:57","date_gmt":"2021-05-03T13:06:57","guid":{"rendered":"https:\/\/wordpress.nibis.de\/gsesterw\/?page_id=759"},"modified":"2021-06-23T15:43:26","modified_gmt":"2021-06-23T13:43:26","slug":"abc-der-grundschule","status":"publish","type":"page","link":"https:\/\/wordpress.nibis.de\/gsesterw\/abc-der-grundschule\/","title":{"rendered":"ABC der Grundschule"},"content":{"rendered":"<p><strong>Liebe Eltern,<\/strong><\/p>\n<p>wir begr\u00fc\u00dfen Sie und vor allem Ihr Kind recht herzlich an unserer Schule!<\/p>\n<p>Unser kleines ABC m\u00f6chte Ihnen als Eltern dabei helfen, sich mit den Begebenheiten an unserer Schule vertraut zu machen.<\/p>\n<p>Hinter den folgenden Buchstaben finden Sie alle wichtigen Informationen \u00fcber den Schulalltag sowie\u00a0 \u00fcber Absprachen und Regelungen der Grundschule Esterwegen.<\/p>\n<p><em>Ein Klick &#8211; und schon wissen Sie Bescheid!<\/em><\/p>\n<p><strong><a href=\"https:\/\/wordpress.nibis.de\/gsesterw\/abc-der-grundschule-esterwegen-a\/\">A <\/a><\/strong><\/p>\n<p><strong><a href=\"https:\/\/wordpress.nibis.de\/gsesterw\/b\/\">B<\/a><\/strong><\/p>\n<p><strong><a href=\"https:\/\/wordpress.nibis.de\/gsesterw\/c\/\">C<\/a><\/strong><\/p>\n<p><strong><a href=\"https:\/\/wordpress.nibis.de\/gsesterw\/d\/\">D<\/a><\/strong><\/p>\n<p><strong><a href=\"https:\/\/wordpress.nibis.de\/gsesterw\/e\/\">E<\/a><\/strong><\/p>\n<p><strong><a href=\"https:\/\/wordpress.nibis.de\/gsesterw\/f\/\">F<\/a><\/strong><\/p>\n<p><strong><a href=\"https:\/\/wordpress.nibis.de\/gsesterw\/g\/\">G<\/a><\/strong><\/p>\n<p><strong><a href=\"https:\/\/wordpress.nibis.de\/gsesterw\/h\/\">H<\/a><\/strong><\/p>\n<p><strong><a href=\"https:\/\/wordpress.nibis.de\/gsesterw\/i\/\">I<\/a><\/strong><\/p>\n<p><strong>J<\/strong><\/p>\n<p><strong><a href=\"https:\/\/wordpress.nibis.de\/gsesterw\/k\/\">K<\/a><\/strong><\/p>\n<p><strong><a href=\"https:\/\/wordpress.nibis.de\/gsesterw\/l\/\">L<\/a><\/strong><\/p>\n<p><strong><a href=\"https:\/\/wordpress.nibis.de\/gsesterw\/m\/\">M<\/a><\/strong><\/p>\n<p><strong><a href=\"https:\/\/wordpress.nibis.de\/gsesterw\/n\/\">N<\/a><\/strong><\/p>\n<p><strong>O<\/strong><\/p>\n<p><strong><a href=\"https:\/\/wordpress.nibis.de\/gsesterw\/p\/\">P<\/a><\/strong><\/p>\n<p><strong>Q<\/strong><\/p>\n<p><strong><a href=\"https:\/\/wordpress.nibis.de\/gsesterw\/r\/\">R<\/a><\/strong><\/p>\n<p><strong><a href=\"https:\/\/wordpress.nibis.de\/gsesterw\/s\/\">S<\/a><\/strong><\/p>\n<p><strong><a href=\"https:\/\/wordpress.nibis.de\/gsesterw\/t\/\">T<\/a><\/strong><\/p>\n<p><strong><a href=\"https:\/\/wordpress.nibis.de\/gsesterw\/u\/\">U<\/a><\/strong><\/p>\n<p><strong><a href=\"https:\/\/wordpress.nibis.de\/gsesterw\/v\/\">V<\/a><\/strong><\/p>\n<p><strong><a href=\"https:\/\/wordpress.nibis.de\/gsesterw\/w\/\">W<\/a><\/strong><\/p>\n<p><strong>X<\/strong><\/p>\n<p><strong>Y<\/strong><\/p>\n<p><strong><a href=\"https:\/\/wordpress.nibis.de\/gsesterw\/z\/\">Z<\/a><\/strong><\/p>\n<p>Rufen Sie uns gerne an oder kontaktieren Sie uns per Mail, dann k\u00f6nnen wir einen Termin f\u00fcr ein pers\u00f6nliches Gespr\u00e4ch vereinbaren.<\/p>\n<p>Wir w\u00fcnschen Ihnen und Ihrem Kind eine sch\u00f6ne Schulzeit!<\/p>\n<p>Auf eine gute und vertrauensvolle Zusammenarbeit freuen sich die Schulleitung, das Kollegium, die Sekret\u00e4rinnen und<br \/>\ndie Hausmeister.<\/p>\n","protected":false},"excerpt":{"rendered":"<p>Liebe Eltern, wir begr\u00fc\u00dfen Sie und vor allem Ihr Kind recht herzlich an unserer Schule! Unser kleines ABC m\u00f6chte Ihnen als Eltern dabei helfen, sich mit den Begebenheiten an unserer Schule vertraut zu machen. Hinter den folgenden Buchstaben finden Sie alle wichtigen Informationen \u00fcber den Schulalltag sowie\u00a0 \u00fcber Absprachen und Regelungen der Grundschule Esterwegen. Ein &hellip; <a href=\"https:\/\/wordpress.nibis.de\/gsesterw\/abc-der-grundschule\/\" class=\"more-link\"><span class=\"screen-reader-text\">ABC der Grundschule<\/span> weiterlesen <span class=\"meta-nav\">&rarr;<\/span><\/a><\/p>\n","protected":false},"author":9193300,"featured_media":760,"parent":0,"menu_order":0,"comment_status":"closed","ping_status":"closed","template":"","meta":{"footnotes":""},"class_list":["post-759","page","type-page","status-publish","has-post-thumbnail","hentry"],"_links":{"self":[{"href":"https:\/\/wordpress.nibis.de\/gsesterw\/wp-json\/wp\/v2\/pages\/759","targetHints":{"allow":["GET"]}}],"collection":[{"href":"https:\/\/wordpress.nibis.de\/gsesterw\/wp-json\/wp\/v2\/pages"}],"about":[{"href":"https:\/\/wordpress.nibis.de\/gsesterw\/wp-json\/wp\/v2\/types\/page"}],"author":[{"embeddable":true,"href":"https:\/\/wordpress.nibis.de\/gsesterw\/wp-json\/wp\/v2\/users\/9193300"}],"replies":[{"embeddable":true,"href":"https:\/\/wordpress.nibis.de\/gsesterw\/wp-json\/wp\/v2\/comments?post=759"}],"version-history":[{"count":5,"href":"https:\/\/wordpress.nibis.de\/gsesterw\/wp-json\/wp\/v2\/pages\/759\/revisions"}],"predecessor-version":[{"id":901,"href":"https:\/\/wordpress.nibis.de\/gsesterw\/wp-json\/wp\/v2\/pages\/759\/revisions\/901"}],"wp:featuredmedia":[{"embeddable":true,"href":"https:\/\/wordpress.nibis.de\/gsesterw\/wp-json\/wp\/v2\/media\/760"}],"wp:attachment":[{"href":"https:\/\/wordpress.nibis.de\/gsesterw\/wp-json\/wp\/v2\/media?parent=759"}],"curies":[{"name":"wp","href":"https:\/\/api.w.org\/{rel}","templated":true}]}}