{"id":789,"date":"2021-05-25T13:13:12","date_gmt":"2021-05-25T11:13:12","guid":{"rendered":"https:\/\/wordpress.nibis.de\/gsesterw\/?page_id=789"},"modified":"2021-05-25T13:14:03","modified_gmt":"2021-05-25T11:14:03","slug":"d","status":"publish","type":"page","link":"https:\/\/wordpress.nibis.de\/gsesterw\/d\/","title":{"rendered":"D"},"content":{"rendered":"<p><strong>Digitales Lernen<\/strong><\/p>\n<ul>\n<li>IServ als Kommunikationsplattform (Lehrer, Lehrerinnen und<br \/>\nEltern, Sch\u00fclerinnen und Sch\u00fcler sind \u00fcber eigene Email-Adressen erreichbar. Informationen in digitaler statt gedruckter Form)<\/li>\n<li>Lernen mit der Anton-App<\/li>\n<li>Smart-Display, Smart-Board statt Tafel als Medium<\/li>\n<li>Lernen mithilfe von Tabletts (digitale \u00dcbungsm\u00f6glichkeiten,<\/li>\n<li>Recherche f\u00fcr Referate, Erkl\u00e4rvideos erstellen, Dokumentation und Pr\u00e4sentation von Experimenten, Entdeckungen, Ergebnissen,\u2026)<\/li>\n<li>Homeschooling erm\u00f6glichen (Videokonferenzen, Aufgaben<br \/>\nonline, Arbeit mit Padlets, Erkl\u00e4rvideos)<\/li>\n<\/ul>\n<p>zur\u00fcck zum\u00a0<a href=\"https:\/\/wordpress.nibis.de\/gsesterw\/abc-der-grundschule\/\">ABC der Grundschule<\/a><\/p>\n","protected":false},"excerpt":{"rendered":"<p>Digitales Lernen IServ als Kommunikationsplattform (Lehrer, Lehrerinnen und Eltern, Sch\u00fclerinnen und Sch\u00fcler sind \u00fcber eigene Email-Adressen erreichbar. Informationen in digitaler statt gedruckter Form) Lernen mit der Anton-App Smart-Display, Smart-Board statt Tafel als Medium Lernen mithilfe von Tabletts (digitale \u00dcbungsm\u00f6glichkeiten, Recherche f\u00fcr Referate, Erkl\u00e4rvideos erstellen, Dokumentation und Pr\u00e4sentation von Experimenten, Entdeckungen, Ergebnissen,\u2026) Homeschooling erm\u00f6glichen (Videokonferenzen, Aufgaben &hellip; <a href=\"https:\/\/wordpress.nibis.de\/gsesterw\/d\/\" class=\"more-link\"><span class=\"screen-reader-text\">D<\/span> weiterlesen <span class=\"meta-nav\">&rarr;<\/span><\/a><\/p>\n","protected":false},"author":9193300,"featured_media":0,"parent":0,"menu_order":0,"comment_status":"closed","ping_status":"closed","template":"","meta":{"footnotes":""},"class_list":["post-789","page","type-page","status-publish","hentry"],"_links":{"self":[{"href":"https:\/\/wordpress.nibis.de\/gsesterw\/wp-json\/wp\/v2\/pages\/789","targetHints":{"allow":["GET"]}}],"collection":[{"href":"https:\/\/wordpress.nibis.de\/gsesterw\/wp-json\/wp\/v2\/pages"}],"about":[{"href":"https:\/\/wordpress.nibis.de\/gsesterw\/wp-json\/wp\/v2\/types\/page"}],"author":[{"embeddable":true,"href":"https:\/\/wordpress.nibis.de\/gsesterw\/wp-json\/wp\/v2\/users\/9193300"}],"replies":[{"embeddable":true,"href":"https:\/\/wordpress.nibis.de\/gsesterw\/wp-json\/wp\/v2\/comments?post=789"}],"version-history":[{"count":2,"href":"https:\/\/wordpress.nibis.de\/gsesterw\/wp-json\/wp\/v2\/pages\/789\/revisions"}],"predecessor-version":[{"id":791,"href":"https:\/\/wordpress.nibis.de\/gsesterw\/wp-json\/wp\/v2\/pages\/789\/revisions\/791"}],"wp:attachment":[{"href":"https:\/\/wordpress.nibis.de\/gsesterw\/wp-json\/wp\/v2\/media?parent=789"}],"curies":[{"name":"wp","href":"https:\/\/api.w.org\/{rel}","templated":true}]}}