{"id":80,"date":"2019-12-10T14:35:57","date_gmt":"2019-12-10T13:35:57","guid":{"rendered":"https:\/\/wordpress.nibis.de\/gsesterw\/?page_id=80"},"modified":"2021-05-03T14:36:21","modified_gmt":"2021-05-03T12:36:21","slug":"schulprogramm","status":"publish","type":"page","link":"https:\/\/wordpress.nibis.de\/gsesterw\/schulprogramm\/","title":{"rendered":"Schulprogramm"},"content":{"rendered":"\n<div class=\"wp-block-group\"><div class=\"wp-block-group__inner-container is-layout-flow wp-block-group-is-layout-flow\">\n<h5>Vorwort-Pr\u00e4ambel zum Schulprogramm<\/h5>\n<p>Die Grundschule Esterwegen ist<\/p>\n<ul>\n<li>ein Ort des Lernens<\/li>\n<li>ein Ort der Weitergabe des Wissens<\/li>\n<li>ein Ort des Erwerbens von Sach- und Fachkenntnissen<\/li>\n<li>ein Ort der Weiterentwicklung und freien Entfaltung der Pers\u00f6nlichkeit.<\/li>\n<li>ein Ort der Erfahrung und Begegnung mit Personen, Gruppen, Vereinen und anderen Einrichtungen des \u00f6ffentlichen Lebens der Gemeinde.<\/li>\n<\/ul>\n<h6>Die Gestaltung des Schullebens folgt den im nieders\u00e4chsischen Schulgesetz festgelegten Zielen.<\/h6>\n<p>Der Unterricht und das Schulleben sollen an den ganzheitlichen Anforderungen der menschlichen Pers\u00f6nlichkeit orientiert sein.<\/p>\n<p>Die heutige Schule ber\u00fccksichtigt die kindlichen Bed\u00fcrfnissen von K\u00f6rper, Geist und Seele.<\/p>\n<p>Sie will auf ein lebenslanges Lernen vorbereiten und dazu beitragen, wichtige Impulse zur Entwicklung der Pers\u00f6nlichkeit zu geben.<\/p>\n<p>Im \u00fcberschaubaren Rahmen der Schule sind alle am Schulleben Beteiligten bestrebt, die Werte und Ideale der demokratischen Gesellschaft mit Leben zu f\u00fcllen, entsprechende Umgangsformen einzu\u00fcben und in den Alltag umzusetzen.<\/p>\n<p>So wird Gewalt als Mittel der Auseinandersetzung abgelehnt und stattdessen werden konstruktive Formen der Konfliktl\u00f6sung einge\u00fcbt.<\/p>\n<p>Die Gleichberechtigung von Jungen und M\u00e4dchen, Starken und Schwachen, die Integration Benachteiligter und die Toleranz gegen\u00fcber Fremdem ist die Grundlage des sozialen Miteinanders der Sch\u00fclergemeinschaft.<\/p>\n<p>F\u00fcr das Zusammenleben aller am Schulleben Beteiligten tr\u00e4gt jeder Einzelne einen Teil der Verantwortung. Jeder soll seine pers\u00f6nlichen F\u00e4higkeiten und M\u00f6glichkeiten einbringen, um so Lernen und Leben in der Gemeinschaft der Schule zu bereichern. Die Schulordnung setzt hierf\u00fcr einen Rahmen.<\/p>\n<h6 style=\"text-align: center\"><span style=\"color: #70c454\"><strong>Unsere p\u00e4dagogisch\/didaktischen \u00dcberlegungen und Informationen zum Schulleben k\u00f6nnen auf Wunsch in der Schule eingesehen werden. Ein kleiner \u00dcberblick folgt zudem hier:<\/strong><\/span><\/h6>\n<p><strong>Die regelm\u00e4\u00dfige Teilnahme an den folgenden Programmen, Projekten und Wettbewerben ist f\u00fcr uns eine Herzensangelegenheit:<\/strong><\/p>\n<ul>\n<li>Sportabzeichenaktion<\/li>\n<li>Schulfu\u00dfball (Jugend trainiert f\u00fcr Olympia)<\/li>\n<li>NTV-Schultennis-Cup<\/li>\n<li>Klasse &#8211; Kids<\/li>\n<li>Bundesjugendspiele<\/li>\n<li>Skipping Hearts (Seilspringen macht Schule &#8211; Pr\u00e4ventionsprojekt der Deutschen Herzstiftung)<\/li>\n<li>Klimaprojekt (Energieteamschulungen, Gr\u00fcne Meilen &#8211; kleine Klimasch\u00fctzer unterwegs)<\/li>\n<li>Waldjugendspiele<\/li>\n<li>Antolin (Mit Lesen punkten)<\/li>\n<li>Stiftung Lesen: Welttag des Buches (Schreib- und Kreativwettbewerb)<\/li>\n<li>Kleine Alltagshelden<\/li>\n<li>Aktion &#8222;Gelbe F\u00fc\u00dfe&#8220;<\/li>\n<li>Plattdeutscher Lesewettbewerb<\/li>\n<li>Radfahrausbildung und -pr\u00fcfung<\/li>\n<li>Kartoffelsammelaktion<\/li>\n<\/ul>\n<p><strong>Erfolgreiche Kooperation mit au\u00dferschulischen Organisationen:<\/strong><\/p>\n<ul>\n<li>Kirchengemeinde St. Johannes, Esterwegen: Besuch der B\u00fccherei, Ganztags-AG \u201eJesus-Detektive\u201c)<\/li>\n<li>-luth. Lukas-Kirchengemeinde Werlte (LernRaum des Begegnungsscaf\u00e9s in Esterwegen)<\/li>\n<li>Johannesburg GmbH, Surwold<\/li>\n<li>Sportverein Esterwegen<\/li>\n<li>Heimatverein Esterwegen<\/li>\n<li>J\u00e4ger \/ Falkner (s. Waldjugendspiele)<\/li>\n<li>Energieregion H\u00fcmmling, Werlte<\/li>\n<li>Katholische Kindertagesst\u00e4tte St. Marien, Esterwegen<\/li>\n<li>Polizei-Station H\u00fcmmling-Esterwegen<\/li>\n<li>Freiwillige Feuerwehr Esterwegen<\/li>\n<\/ul>\n<p><strong>Erfolgreiche Zusammenarbeit mit anderen Schulen:<\/strong><\/p>\n<ul>\n<li>Grund- und Oberschulen der SG Nordh\u00fcmmling (Schulverbund in Planung)<\/li>\n<li>Pestalozzischule Papenburg<\/li>\n<li>Erich K\u00e4stner-Schule, S\u00f6gel<\/li>\n<\/ul>\n<h6>Zurzeit widmen wir uns insbesondere diesen Schwerpunkten:<\/h6>\n<p><strong><u>Aktive \/ Bewegte Schule<\/u><\/strong><\/p>\n<ul>\n<li>Rhythmisierender Wechsel von Lern-, Bewegungs- und Entspannungsphasen w\u00e4hrend des Unterrichts<\/li>\n<li>Umsetzung von bewegten Pausen<\/li>\n<li>Bewegungsangebote im Rahmen der schulischen Arbeitsgemeinschaften<\/li>\n<li>Bewegungsangebote im Rahmen der Arbeitsgemeinschaften des Offenen Ganztages<\/li>\n<li>Teilnahme an vielf\u00e4ltigen sportliche Veranstaltungen (s. auch Teilnahme an Programmen, Projekten und Wettbewerben)<\/li>\n<li>Anregung der Bewegung durch abwechslungsreiches und kindgerechtes Pausenspielangebot \u2192 Unterst\u00fctzung durch den F\u00f6rderverein Esterwegen<\/li>\n<\/ul>\n<p><strong><u>Digitales Lernen<\/u><\/strong><\/p>\n<ul>\n<li>IServ als Kommunikationsplattform (Lehrer und Eltern \/ <br \/>\u00a0Sch\u00fcler sind \u00fcber eine eigene Email-Adresse erreich-\u00a0\u00a0 <br \/>\u00a0bar, Informationen in digitaler statt gedruckter Form)<\/li>\n<li>Lernen mit der Anton-App<\/li>\n<li>Smart-Display statt Tafel als Medium<\/li>\n<li>Lernen mithilfe\u00a0 von Tablets (digitale \u00dcbungsm\u00f6glichkeiten,<\/li>\n<li>Recherche f\u00fcr Referate, Erkl\u00e4rvideos erstellen, Dokumentation und Pr\u00e4sentation von Experimenten, Entdeckungen, Ergebnissen,\u2026)<\/li>\n<li>Homeschooling erm\u00f6glichen (Videokonferenzen, Aufgaben online, Arbeit mit Padlets, Erkl\u00e4rvideos)<\/li>\n<\/ul>\n<p>\u00a0<\/p>\n<\/div><\/div>\n\n\n","protected":false},"excerpt":{"rendered":"<p>Vorwort-Pr\u00e4ambel zum Schulprogramm Die Grundschule Esterwegen ist ein Ort des Lernens ein Ort der Weitergabe des Wissens ein Ort des Erwerbens von Sach- und Fachkenntnissen ein Ort der Weiterentwicklung und freien Entfaltung der Pers\u00f6nlichkeit. ein Ort der Erfahrung und Begegnung mit Personen, Gruppen, Vereinen und anderen Einrichtungen des \u00f6ffentlichen Lebens der Gemeinde. Die Gestaltung des &hellip; <a href=\"https:\/\/wordpress.nibis.de\/gsesterw\/schulprogramm\/\" class=\"more-link\"><span class=\"screen-reader-text\">Schulprogramm<\/span> weiterlesen <span class=\"meta-nav\">&rarr;<\/span><\/a><\/p>\n","protected":false},"author":9193300,"featured_media":0,"parent":0,"menu_order":0,"comment_status":"closed","ping_status":"closed","template":"","meta":{"footnotes":""},"class_list":["post-80","page","type-page","status-publish","hentry"],"_links":{"self":[{"href":"https:\/\/wordpress.nibis.de\/gsesterw\/wp-json\/wp\/v2\/pages\/80","targetHints":{"allow":["GET"]}}],"collection":[{"href":"https:\/\/wordpress.nibis.de\/gsesterw\/wp-json\/wp\/v2\/pages"}],"about":[{"href":"https:\/\/wordpress.nibis.de\/gsesterw\/wp-json\/wp\/v2\/types\/page"}],"author":[{"embeddable":true,"href":"https:\/\/wordpress.nibis.de\/gsesterw\/wp-json\/wp\/v2\/users\/9193300"}],"replies":[{"embeddable":true,"href":"https:\/\/wordpress.nibis.de\/gsesterw\/wp-json\/wp\/v2\/comments?post=80"}],"version-history":[{"count":9,"href":"https:\/\/wordpress.nibis.de\/gsesterw\/wp-json\/wp\/v2\/pages\/80\/revisions"}],"predecessor-version":[{"id":750,"href":"https:\/\/wordpress.nibis.de\/gsesterw\/wp-json\/wp\/v2\/pages\/80\/revisions\/750"}],"wp:attachment":[{"href":"https:\/\/wordpress.nibis.de\/gsesterw\/wp-json\/wp\/v2\/media?parent=80"}],"curies":[{"name":"wp","href":"https:\/\/api.w.org\/{rel}","templated":true}]}}