{"id":804,"date":"2021-05-25T13:35:28","date_gmt":"2021-05-25T11:35:28","guid":{"rendered":"https:\/\/wordpress.nibis.de\/gsesterw\/?page_id=804"},"modified":"2025-08-20T15:10:10","modified_gmt":"2025-08-20T13:10:10","slug":"g","status":"publish","type":"page","link":"https:\/\/wordpress.nibis.de\/gsesterw\/g\/","title":{"rendered":"G"},"content":{"rendered":"<p><strong>Ganztag<\/strong><br \/>Im Rahmen der \u201eOffenen Ganztagsschule\u201c bieten wir ab 12.30 Uhr eine Betreuung in der Mittagspause, eine Hausaufgabenbeaufsichtigung und Lernzeit sowie die Teilnahme an verschiedenen AGs an. Das Bildungsangebot der Ganztagsschule geht \u00fcber die Erteilung des Pflichtunterrichts hinaus und soll f\u00fcr die Kinder Kenntnisse, F\u00e4higkeiten und Fertigkeiten aus anderen Lebensbereichen erfahrbar machen (nicht nur f\u00fcr Kinder aus bildungsfernen Elternh\u00e4usern). Durch lernunterst\u00fctzende Angebote (z.B. Hausaufgabenbetreuung,<br \/>F\u00f6rderunterricht und F\u00f6rderangebote, spezifische F\u00f6rderma\u00dfnahmen) sollen Hilfen gegeben, Defizite ausgeglichen und Entwicklungen gef\u00f6rdert werden. Erholungsphasen sollen durch ein entsprechendes Freizeitangebot sichergestellt werden. Im Anschluss an das Mittagessen halten wir Freizeitangebote f\u00fcr unverzichtbar, damit dem nat\u00fcrlichen Bed\u00fcrfnis zur Regeneration und Entspannung entsprochen werden kann. Den Freizeitbereich verstehen wir als offenes Angebot, sodass sich die Sch\u00fcler und Sch\u00fclerinnen drinnen und drau\u00dfen in den daf\u00fcr vorgesehenen R\u00e4umlichkeiten und Pl\u00e4tzen ausruhen, miteinander sprechen, spielen, toben, singen, lachen und malen k\u00f6nnen. Diese Art der offenen Strukturierung erm\u00f6glicht ein bed\u00fcrfnisgerechtes und individuelles Ausprobieren bei einer Vielzahl von Angeboten.<\/p>\n<p><strong>Geburtstag<\/strong><br \/>Falls Ihr Kind an seinem Geburtstag etwas mitbringen m\u00f6chte, bitten wir um festen Kuchen, ( geschnitten, mit Servietten, oder um einzeln eingepackte S\u00fc\u00dfigkeiten. Auch ein Spiel oder ein Buch f\u00fcr die Klasse ist sehr beliebt. Jeder entscheidet dar\u00fcber selbst.<\/p>\n<p><strong>Gelbe F\u00fc\u00dfe (Aktion Verkehrserziehung)<\/strong>\u00a0 \u00a0 \u00a0 \u00a0 \u00a0 \u00a0 \u00a0 \u00a0 \u00a0 \u00a0 \u00a0 \u00a0 \u00a0 \u00a0 \u00a0 \u00a0 \u00a0 \u00a0 \u00a0 \u00a0 \u00a0 \u00a0 \u00a0 \u00a0 \u00a0 \u00a0 \u00a0 \u00a0 \u00a0 \u00a0 \u00a0 \u00a0 Um den Schulweg f\u00fcr Kinder sicherer zu machen, f\u00fchren wir regelm\u00e4\u00dfig die Aktion \u201eGelbe F\u00fc\u00dfe\u201c mit Hilfe der Polizei durch. Hierbei werden auf dem Gehweg Kennzeichnungen in Form von kleinen F\u00fc\u00dfen in Schrittl\u00e4nge mit gelber Signalfarbe markiert. Diese \u201egelben F\u00fc\u00dfe\u201c zeigen den Erstkl\u00e4sslern und dem Schulkindergarten, auf welchem Weg sie m\u00f6glichst sicher die Stra\u00dfe \u00fcberqueren k\u00f6nnen, um zur Schule bzw. nach Hause zu gelangen. Vor der Schule handelt es sich um die Stelle, die vor Schulbeginn und nach Schulschluss zus\u00e4tzlich durch Eltern und Sch\u00fclerlotsen gesichert wird. Am Bordstein haben die \u201egelben F\u00fc\u00dfe\u201c geschlossene Stellung. Hier sollen die Sch\u00fcler und Sch\u00fclerinnen stehen bleiben und schauen, ob die Stra\u00dfe frei ist. Gemeinsam mit der Polizei \u00fcben unsere Schulanf\u00e4nger zudem das \u00dcberqueren der Stra\u00dfe an der Fu\u00dfg\u00e4ngerampel.<\/p>\n<p><strong>Geldsammlungen<\/strong><br \/>Wenn Geldsammlungen anstehen, geben Sie den Geldbetrag bitte in einem verschlossenen Briefumschlag mit Name, Summe und Verwendungszweck mit. Bitte zahlen Sie umgehend zum genannten<br \/>Termin mit passenden M\u00fcnzen\/Scheinen. Geld zu wechseln ist nicht m\u00f6glich und erfordert zu viel Unterrichtszeit.<\/p>\n<p><strong>Gesundheitliche Einschr\u00e4nkungen<\/strong><br \/>Informieren Sie bitte umgehend die Klassenleitung \u00fcber gesundheitliche Einschr\u00e4nkungen (Allergien, Asthma usw.) und evtl. medikament\u00f6se Behandlung.<\/p>\n<p><strong>Gottesdienste<\/strong><br \/>Es finden regelm\u00e4\u00dfig Gottesdienste zu folgenden Anl\u00e4ssen statt: Einschulung, Abschluss der Klasse 4, Aschermittwoch (kath.), Bu\u00df- und Bettag (ev.).<\/p>\n<p><strong>Gr\u00fcne Meilen (Aktion Klimaprojekt)<\/strong>\u00a0 \u00a0 \u00a0 \u00a0 \u00a0 \u00a0 \u00a0 \u00a0 \u00a0 \u00a0 \u00a0 \u00a0 \u00a0 \u00a0 \u00a0 \u00a0 \u00a0 \u00a0 \u00a0 \u00a0 \u00a0 \u00a0 \u00a0 \u00a0 \u00a0 \u00a0 \u00a0 \u00a0 \u00a0 \u00a0 \u00a0 \u00a0 \u00a0 \u00a0 Aus den Jahrg\u00e4ngen 3 und 4 sammeln die Sch\u00fcler und Sch\u00fclerinnen der Umwelt zuliebe \u201egr\u00fcne Meilen\u201c. Dies bedeutet, dass die Kinder eine Woche lang auf einen klimafreundlichen Schulweg und auf eine klimafreundliche Freizeitgestaltung achten. Statt mit dem Auto zur Schule zu fahren, wird auf das Fahrrad zur\u00fcckgegriffen oder der Weg zu Fu\u00df bew\u00e4ltigt. Neben dem klimafreundlichen Schulweg dokumentieren die SuS auch flei\u00dfig das Sparen von Energie und das Essen und Trinken klimafreundlicher Lebensmittel.<\/p>\n<p>Insgesamt konnten die Kinder der Grundschule Esterwegen im letzten Jahr <em>1190 <\/em>gr\u00fcne Meilen sammeln!<\/p>\n<p>Damit die Klimaschutzaktivit\u00e4ten in der Politik Geh\u00f6r finden, werden Ergebnisse an die UN-Klima-Konferenz geschickt.<\/p>\n<p>\u00a0<\/p>\n<p>Zur\u00fcck zum\u00a0<a href=\"https:\/\/wordpress.nibis.de\/gsesterw\/abc-der-grundschule\/\">ABC der Grundschule<\/a>.<\/p>\n\n","protected":false},"excerpt":{"rendered":"<p>GanztagIm Rahmen der \u201eOffenen Ganztagsschule\u201c bieten wir ab 12.30 Uhr eine Betreuung in der Mittagspause, eine Hausaufgabenbeaufsichtigung und Lernzeit sowie die Teilnahme an verschiedenen AGs an. Das Bildungsangebot der Ganztagsschule geht \u00fcber die Erteilung des Pflichtunterrichts hinaus und soll f\u00fcr die Kinder Kenntnisse, F\u00e4higkeiten und Fertigkeiten aus anderen Lebensbereichen erfahrbar machen (nicht nur f\u00fcr Kinder &hellip; <a href=\"https:\/\/wordpress.nibis.de\/gsesterw\/g\/\" class=\"more-link\"><span class=\"screen-reader-text\">G<\/span> weiterlesen <span class=\"meta-nav\">&rarr;<\/span><\/a><\/p>\n","protected":false},"author":9193300,"featured_media":0,"parent":0,"menu_order":0,"comment_status":"closed","ping_status":"closed","template":"","meta":{"footnotes":""},"class_list":["post-804","page","type-page","status-publish","hentry"],"_links":{"self":[{"href":"https:\/\/wordpress.nibis.de\/gsesterw\/wp-json\/wp\/v2\/pages\/804","targetHints":{"allow":["GET"]}}],"collection":[{"href":"https:\/\/wordpress.nibis.de\/gsesterw\/wp-json\/wp\/v2\/pages"}],"about":[{"href":"https:\/\/wordpress.nibis.de\/gsesterw\/wp-json\/wp\/v2\/types\/page"}],"author":[{"embeddable":true,"href":"https:\/\/wordpress.nibis.de\/gsesterw\/wp-json\/wp\/v2\/users\/9193300"}],"replies":[{"embeddable":true,"href":"https:\/\/wordpress.nibis.de\/gsesterw\/wp-json\/wp\/v2\/comments?post=804"}],"version-history":[{"count":6,"href":"https:\/\/wordpress.nibis.de\/gsesterw\/wp-json\/wp\/v2\/pages\/804\/revisions"}],"predecessor-version":[{"id":1750,"href":"https:\/\/wordpress.nibis.de\/gsesterw\/wp-json\/wp\/v2\/pages\/804\/revisions\/1750"}],"wp:attachment":[{"href":"https:\/\/wordpress.nibis.de\/gsesterw\/wp-json\/wp\/v2\/media?parent=804"}],"curies":[{"name":"wp","href":"https:\/\/api.w.org\/{rel}","templated":true}]}}