{"id":811,"date":"2021-05-25T13:40:49","date_gmt":"2021-05-25T11:40:49","guid":{"rendered":"https:\/\/wordpress.nibis.de\/gsesterw\/?page_id=811"},"modified":"2021-05-25T13:40:49","modified_gmt":"2021-05-25T11:40:49","slug":"h","status":"publish","type":"page","link":"https:\/\/wordpress.nibis.de\/gsesterw\/h\/","title":{"rendered":"H"},"content":{"rendered":"<p><strong>Handys<\/strong><br \/>\nDas Mitbringen und Benutzen von Handys oder Smartphones ist<br \/>\ngrunds\u00e4tzlich nicht erlaubt! Sollte ein Ger\u00e4t doch im Schulranzen sein, kommt die Schule nicht f\u00fcr die Kosten bei Verlust oder bei einem Schaden auf.<\/p>\n<p><strong>Hausaufgaben<\/strong><br \/>\nHausaufgaben dienen der Erg\u00e4nzung, der Festigung oder der Anwendung der Unterrichtsarbeit. Die in der Schule erworbenen F\u00e4higkeiten sollten dabei selbstst\u00e4ndig angewandt werden. Ein ruhiger Arbeitsplatz und eine geregelte Zeiteinteilung sorgen daf\u00fcr, dass ihr Kind konzentriert arbeiten kann.<\/p>\n<p><strong>Homepage<\/strong><br \/>\nUnsere Homepage finden Sie unter:<br \/>\nwww.grundschule-esterwegen.de<\/p>\n<p><strong>Hofdienst<\/strong><br \/>\nDer Hofdienst wird im w\u00f6chentlichen Wechsel, Klassenweise durchgef\u00fchrt.<\/p>\n<p>Zur\u00fcck zum\u00a0<a href=\"https:\/\/wordpress.nibis.de\/gsesterw\/abc-der-grundschule\/\">ABC der Grundschule<\/a>.<\/p>\n","protected":false},"excerpt":{"rendered":"<p>Handys Das Mitbringen und Benutzen von Handys oder Smartphones ist grunds\u00e4tzlich nicht erlaubt! Sollte ein Ger\u00e4t doch im Schulranzen sein, kommt die Schule nicht f\u00fcr die Kosten bei Verlust oder bei einem Schaden auf. Hausaufgaben Hausaufgaben dienen der Erg\u00e4nzung, der Festigung oder der Anwendung der Unterrichtsarbeit. Die in der Schule erworbenen F\u00e4higkeiten sollten dabei selbstst\u00e4ndig &hellip; <a href=\"https:\/\/wordpress.nibis.de\/gsesterw\/h\/\" class=\"more-link\"><span class=\"screen-reader-text\">H<\/span> weiterlesen <span class=\"meta-nav\">&rarr;<\/span><\/a><\/p>\n","protected":false},"author":9193300,"featured_media":0,"parent":0,"menu_order":0,"comment_status":"closed","ping_status":"closed","template":"","meta":{"footnotes":""},"class_list":["post-811","page","type-page","status-publish","hentry"],"_links":{"self":[{"href":"https:\/\/wordpress.nibis.de\/gsesterw\/wp-json\/wp\/v2\/pages\/811","targetHints":{"allow":["GET"]}}],"collection":[{"href":"https:\/\/wordpress.nibis.de\/gsesterw\/wp-json\/wp\/v2\/pages"}],"about":[{"href":"https:\/\/wordpress.nibis.de\/gsesterw\/wp-json\/wp\/v2\/types\/page"}],"author":[{"embeddable":true,"href":"https:\/\/wordpress.nibis.de\/gsesterw\/wp-json\/wp\/v2\/users\/9193300"}],"replies":[{"embeddable":true,"href":"https:\/\/wordpress.nibis.de\/gsesterw\/wp-json\/wp\/v2\/comments?post=811"}],"version-history":[{"count":1,"href":"https:\/\/wordpress.nibis.de\/gsesterw\/wp-json\/wp\/v2\/pages\/811\/revisions"}],"predecessor-version":[{"id":812,"href":"https:\/\/wordpress.nibis.de\/gsesterw\/wp-json\/wp\/v2\/pages\/811\/revisions\/812"}],"wp:attachment":[{"href":"https:\/\/wordpress.nibis.de\/gsesterw\/wp-json\/wp\/v2\/media?parent=811"}],"curies":[{"name":"wp","href":"https:\/\/api.w.org\/{rel}","templated":true}]}}