{"id":815,"date":"2021-05-25T13:49:27","date_gmt":"2021-05-25T11:49:27","guid":{"rendered":"https:\/\/wordpress.nibis.de\/gsesterw\/?page_id=815"},"modified":"2026-03-07T10:47:36","modified_gmt":"2026-03-07T09:47:36","slug":"k","status":"publish","type":"page","link":"https:\/\/wordpress.nibis.de\/gsesterw\/k\/","title":{"rendered":"K"},"content":{"rendered":"<p><strong>Karneval<\/strong><br \/>\nKarneval ist ein Highlight f\u00fcr unsere Schulkinder, aber sicherlich auch eine echte Herausforderung f\u00fcr alle Lehrkr\u00e4fte und p\u00e4dagogischen Mitarbeiterinnen an unserer Schule. Die Kinder feiern traditionsgem\u00e4\u00df am Rosenmontag mit ihren Lehrkr\u00e4ften Karneval in der Klassengemeinschaft. Die Schultaschen bleiben an diesem Tag zu Hause und die Jungen und M\u00e4dchen kommen verkleidet zur Schule, denn heute stehen Spiel, Spa\u00df und Spannung auf dem Programm.<\/p>\n<p><strong>Kartoffelsammelaktion<\/strong>\u00a0 \u00a0 \u00a0 \u00a0 \u00a0 \u00a0 \u00a0 \u00a0 \u00a0 \u00a0 \u00a0 \u00a0 \u00a0 \u00a0 \u00a0 \u00a0 \u00a0 \u00a0 \u00a0 \u00a0 \u00a0 \u00a0 \u00a0\u00a0 \u00a0 \u00a0 \u00a0 \u00a0 \u00a0 \u00a0 \u00a0 \u00a0 \u00a0 \u00a0 \u00a0 \u00a0 \u00a0 \u00a0 \u00a0 \u00a0 \u00a0 \u00a0 \u00a0 \u00a0 \u00a0 \u00a0 \u00a0 \u00a0 \u00a0 Jedes Jahr folgen Sch\u00fclerinnen und Sch\u00fcler der Klassen 2 der Einladung des \u00f6rtlichen Heimatvereins und machen sich auf den Weg zu einem nahe gelegenen Kartoffelacker. Dort wird den Kindern gezeigt, wie die Kartoffeln mit einem Roder aus der Erde geholt werden. Anschlie\u00dfend sammeln die Kinder mit Feuereifer die Kartoffeln ein. Nach getaner Arbeit darf jedes Kind als Belohnung selbst gesammelte Kartoffeln mit nach Hause nehmen. Ein weiterer Teil der Ernte wird an einem Projekttag in der Grundschule unter Mithilfe engagierter Eltern zu leckeren Gerichten verarbeitet.<\/p>\n<p><strong> Kindergarten, siehe auch Schnuppertage\u00a0 \u00a0<\/strong>\u00a0 \u00a0 \u00a0 \u00a0 \u00a0 \u00a0 \u00a0 \u00a0 \u00a0 \u00a0 \u00a0 \u00a0 \u00a0 \u00a0 \u00a0 \u00a0 \u00a0 \u00a0 \u00a0 \u00a0 \u00a0 \u00a0 \u00a0 \u00a0 \u00a0 \u00a0 \u00a0 \u00a0 \u00a0 Die Kooperation mit dem Kindergarten Esterwegen und den anderen Schulen der Samtgemeinde Nordh\u00fcmmling und mit dem Schultr\u00e4ger hat f\u00fcr uns einen hohen Stellenwert.<\/p>\n<p><strong>Klasse! Kids \u00a0 \u00a0 \u00a0 \u00a0 \u00a0 \u00a0 \u00a0 \u00a0 \u00a0 \u00a0 \u00a0 \u00a0 \u00a0 \u00a0 \u00a0 \u00a0 \u00a0 \u00a0 \u00a0 \u00a0 \u00a0 \u00a0 \u00a0 \u00a0 \u00a0 \u00a0 \u00a0 \u00a0 \u00a0 \u00a0 \u00a0 \u00a0 \u00a0 \u00a0 \u00a0 \u00a0 \u00a0 \u00a0 \u00a0 \u00a0 \u00a0 \u00a0 \u00a0 \u00a0 \u00a0 \u00a0 \u00a0 \u00a0 \u00a0 \u00a0 \u00a0 \u00a0 \u00a0 \u00a0 \u00a0 \u00a0 \u00a0 \u00a0 \u00a0 \u00a0 \u00a0 \u00a0 <\/strong>Zwei Wochen lang bekommen die SuS der Klassen 4 im Rahmen des Projektes \u201eKlasse! Kids\u201c t\u00e4glich kostenlos die Emszeitung. Im Deutschunterricht wird das Medium ausf\u00fchrlich behandelt. Die Tageszeitung dient unterrichtsbegleitend als zus\u00e4tzliche Informationsquelle und l\u00e4sst sich fast ohne zus\u00e4tzlichen Zeitaufwand in den Rahmenplan integrieren. F\u00fcr LehrerInnen gibt es umfangreiches Unterrichtsmaterial mit spielerischen Elementen, das den Einstieg in verschiedene Thematiken unterschiedlicher Unterrichtsf\u00e4cher liefert.<\/p>\n<p><strong>Klassenausfl\u00fcge<\/strong><br \/>\nJede Lehrkraft sollte wenigstens einmal pro Jahr, vorzugsweise mit der eigenen Klasse, einen Ausflug planen und durchf\u00fchren.<\/p>\n<p><strong>Klimaprojekt (Kooperation mit dem Klimacenter Werlte) \u00a0 \u00a0 \u00a0 \u00a0 \u00a0 \u00a0 \u00a0 \u00a0 \u00a0 \u00a0 \u00a0<\/strong>Jede teilnehmende Schule erh\u00e4lt f\u00fcr ihre Bem\u00fchungen eine Pr\u00e4mie aufgrund von Projektaktivit\u00e4ten. Ziel ist es, die Schulen dazu anzuregen, durch einfache p\u00e4dagogische Ma\u00dfnahmen und Aktivit\u00e4ten Energie einzusparen. Die Sch\u00fclerInnen sollen dabei die Sachzusammenh\u00e4nge und vorhandenen Energiesparpotentiale nicht nur technisch-wissenschaftlich verstehen und kennenlernen, sondern auch selbst suchen, entdecken und erfahren, wie erfolgreich ver\u00e4ndertes Verhalten sein kann. \u201eWenn sie das Erlernte zu Hause anwenden, k\u00f6nnen sie selbst zu Multiplikatoren in ihrem privaten Umfeld werden. \u201c Zu Beginn des Projekts stehen Energieteamschulungen f\u00fcr die Sch\u00fclerinnen und Sch\u00fcler sowie Fortbildungen f\u00fcr Lehrkr\u00e4fte auf dem Programm. Die Aktivit\u00e4ten der Schulen werden mithilfe eines Fragebogens festgehalten und mittels eines Schl\u00fcssels zu einer Pr\u00e4mienzahlung umgerechnet. Zus\u00e4tzlich wird ein Energiecontrolling in allen Schulgeb\u00e4uden der vier Samtgemeinden Werlte, S\u00f6gel, Lathen und Nordh\u00fcmmling eingef\u00fchrt, da das Controlling alleine schon zu Einsparungen f\u00fchren kann<\/p>\n<p><strong>Kopierkosten<\/strong><br \/>\nUm Ihren Kindern differenzierte und interessante Arbeitsmaterialien anbieten zu k\u00f6nnen, sammeln wir pro Halbjahr einen festgelegten Betrag ein.<\/p>\n<div class=\"ace-line\">\n<p><strong>Krankmeldung \u00a0 \u00a0 \u00a0 \u00a0 \u00a0 \u00a0 \u00a0 \u00a0 \u00a0 \u00a0 \u00a0 \u00a0 \u00a0 \u00a0 \u00a0 \u00a0 \u00a0 \u00a0 \u00a0 \u00a0 \u00a0 \u00a0 \u00a0 \u00a0 \u00a0 \u00a0 \u00a0 \u00a0 \u00a0 \u00a0 \u00a0 \u00a0 \u00a0 \u00a0 \u00a0 \u00a0 \u00a0 \u00a0 \u00a0 \u00a0 \u00a0 \u00a0 \u00a0 \u00a0 \u00a0 \u00a0 \u00a0 \u00a0 \u00a0 \u00a0 \u00a0 \u00a0 \u00a0 \u00a0 \u00a0 \u00a0 \u00a0 \u00a0 \u00a0 <\/strong><span style=\"font-size: revert\">Kann ein Kind aus zwingenden Gr\u00fcnden (z. B. Krankheit) nicht am Unterricht teilnehmen, muss die Schule bis sp\u00e4testens 7:45 Uhr informiert werden. Bitte geben Sie Name, Klasse, Grund der Abwesenheit und die voraussichtliche Dauer an. Die Krankmeldung erfolgt per E-Mail gleichzeitig an das Sekretariat (<\/span><a href=\"&#x6d;&#97;&#x69;&#108;t&#x6f;&#58;s&#x65;&#107;&#x72;&#x65;t&#x61;&#114;i&#x61;&#116;&#x40;&#x67;s&#x2d;&#101;s&#x74;&#101;r&#x77;&#101;&#x67;&#101;n&#x2e;&#100;e\" target=\"_blank\" rel=\"noopener noreferrer\">se&#107;&#114;&#101;&#x74;&#x61;&#x72;&#x69;at&#64;&#103;&#115;&#x2d;&#x65;&#x73;&#x74;er&#119;&#101;&#103;&#x65;&#x6e;&#x2e;&#x64;e<\/a><span style=\"font-size: revert\">) <\/span><u>und<\/u><span style=\"font-size: revert\"> an die Klassenlehrkraft. Die E-Mail gilt gleichzeitig als schriftliche Entschuldigung. Nur in Ausnahmef\u00e4llen ist eine telefonische Abmeldung m\u00f6glich. In diesem Fall muss nach der R\u00fcckkehr des Kindes eine schriftliche Entschuldigung bei der Klassenlehrkraft abgegeben werden (per E-Mail oder in Papierform). Dauert die Erkrankung l\u00e4nger als zwei Tage, ist am dritten Tag der Abwesenheit eine \u00e4rztliche Bescheinigung vorzulegen.<\/span><\/p>\n<\/div>\n<p>Zur\u00fcck zum\u00a0<a href=\"https:\/\/wordpress.nibis.de\/gsesterw\/abc-der-grundschule\/\">ABC der Grundschule<\/a>.<\/p>\n","protected":false},"excerpt":{"rendered":"<p>Karneval Karneval ist ein Highlight f\u00fcr unsere Schulkinder, aber sicherlich auch eine echte Herausforderung f\u00fcr alle Lehrkr\u00e4fte und p\u00e4dagogischen Mitarbeiterinnen an unserer Schule. Die Kinder feiern traditionsgem\u00e4\u00df am Rosenmontag mit ihren Lehrkr\u00e4ften Karneval in der Klassengemeinschaft. Die Schultaschen bleiben an diesem Tag zu Hause und die Jungen und M\u00e4dchen kommen verkleidet zur Schule, denn heute &hellip; <a href=\"https:\/\/wordpress.nibis.de\/gsesterw\/k\/\" class=\"more-link\"><span class=\"screen-reader-text\">K<\/span> weiterlesen <span class=\"meta-nav\">&rarr;<\/span><\/a><\/p>\n","protected":false},"author":9193300,"featured_media":0,"parent":0,"menu_order":0,"comment_status":"closed","ping_status":"closed","template":"","meta":{"footnotes":""},"class_list":["post-815","page","type-page","status-publish","hentry"],"_links":{"self":[{"href":"https:\/\/wordpress.nibis.de\/gsesterw\/wp-json\/wp\/v2\/pages\/815","targetHints":{"allow":["GET"]}}],"collection":[{"href":"https:\/\/wordpress.nibis.de\/gsesterw\/wp-json\/wp\/v2\/pages"}],"about":[{"href":"https:\/\/wordpress.nibis.de\/gsesterw\/wp-json\/wp\/v2\/types\/page"}],"author":[{"embeddable":true,"href":"https:\/\/wordpress.nibis.de\/gsesterw\/wp-json\/wp\/v2\/users\/9193300"}],"replies":[{"embeddable":true,"href":"https:\/\/wordpress.nibis.de\/gsesterw\/wp-json\/wp\/v2\/comments?post=815"}],"version-history":[{"count":9,"href":"https:\/\/wordpress.nibis.de\/gsesterw\/wp-json\/wp\/v2\/pages\/815\/revisions"}],"predecessor-version":[{"id":2072,"href":"https:\/\/wordpress.nibis.de\/gsesterw\/wp-json\/wp\/v2\/pages\/815\/revisions\/2072"}],"wp:attachment":[{"href":"https:\/\/wordpress.nibis.de\/gsesterw\/wp-json\/wp\/v2\/media?parent=815"}],"curies":[{"name":"wp","href":"https:\/\/api.w.org\/{rel}","templated":true}]}}