{"id":818,"date":"2021-05-25T13:54:06","date_gmt":"2021-05-25T11:54:06","guid":{"rendered":"https:\/\/wordpress.nibis.de\/gsesterw\/?page_id=818"},"modified":"2025-08-20T14:56:22","modified_gmt":"2025-08-20T12:56:22","slug":"l","status":"publish","type":"page","link":"https:\/\/wordpress.nibis.de\/gsesterw\/l\/","title":{"rendered":"L"},"content":{"rendered":"<p><strong>L\u00e4use<\/strong><br \/>\nWo viele Menschen zusammenleben, kommt es immer wieder zu Ansteckungen. Dies hat nichts mit mangelnder Sauberkeit oder K\u00f6rperhygiene zu tun. Sollten Sie feststellen, dass Ihr Kind von L\u00e4usen befallen ist, dann verst\u00e4ndigen Sie bitte sofort die Schule. Nach der Behandlung mit einem entsprechenden L\u00e4usemittel darf ihr Kind die Schule wieder besuchen. Beim Auftreten von L\u00e4usen wird die Schulgemeinschaft per Elternbrief informiert.<\/p>\n<p><strong>Lernmittel<\/strong><br \/>\nZur Beschaffung von Lernmitteln bietet das Land Niedersachsen den Eltern der \u00f6ffentlichen Schulen an, ben\u00f6tigte Schulb\u00fccher gegen Zahlung eines bestimmten Betrags auszuleihen. Dies geschieht auf freiwilliger Basis. Die H\u00f6he dieser Leihgeb\u00fchr betr\u00e4gt 30 % des Anschaffungspreises. F\u00fcr Familien mit drei oder mehr schulpflichtigen Kindern werden f\u00fcr jedes Kind 80% des von der jeweiligen Schule festgesetzten Betrages f\u00fcr die Ausleihe erhoben.<br \/>\nNach Ablauf des Schuljahres werden alle B\u00fccher auf Besch\u00e4digungen \u00fcberpr\u00fcft. Werden ausgeliehene Lernmittel besch\u00e4digt oder nicht fristgem\u00e4\u00df abgegeben, sind die Eltern zum Ersatz des Schadens in H\u00f6he des Zeitwertes verpflichtet. Alle anderen Lernmittel m\u00fcssen Sie selbst kaufen. Rechtzeitig vor Beginn der Ferien erh\u00e4lt Ihr Kind die aktuelle Materialliste.<\/p>\n<p><strong>Lesen<\/strong><br \/>\nDie F\u00f6rderung der Lesekompetenz ist uns ein gro\u00dfes Anliegen. Unterst\u00fctzend sind dabei die w\u00f6chentlichen Besuche der Schulb\u00fccherei, Klassenlekt\u00fcren und der Einsatz von Lesepaten. Regelm\u00e4\u00dfig findet ein plattdeutscher Lesewettbewerb statt.<\/p>\n<p><strong>Leitbild<\/strong><br \/>\n<em>Unser Motto: Lernen und sich wohlf\u00fchlen<\/em><br \/>\nWir gestalten eine vertrauensvolle Lernumwelt f\u00fcr unsere Sch\u00fcler, Lehrkr\u00e4fte, Erzieher und Eltern.<br \/>\nJedes Kind soll sich in der Schule wohlf\u00fchlen, angstfrei lernen und sich individuell und optimal entwickeln.<\/p>\n<p><strong>Lernzielkontrollen<\/strong><br \/>\nDie Sch\u00fcler tragen die Termine f\u00fcr die Klassenarbeiten, die fr\u00fchzeitig bekannt gegeben werden, in ihren Schulplaner ein.<\/p>\n<p><strong>Loslassen<\/strong><br \/>\nWir m\u00f6chten die Kinder zur Selbstst\u00e4ndigkeit erziehen und bemerken immer wieder, dass es einigen Eltern schwerf\u00e4llt, ihre Kinder loszulassen. Etwas allein zu schaffen, ohne Mama oder Papa an der Seite, st\u00e4rkt das Selbstbewusstsein Ihres Kindes und macht Ihr Kind zu Recht stolz. Den Weg vom Schulhof in die Klasse schafft Ihr Kind innerhalb k\u00fcrzester Zeit sicherlich ganz schnell ohne Hilfe.<\/p>\n<p><strong>Low-T-Ball\u00a0<\/strong>\u00a0 \u00a0 \u00a0 \u00a0 \u00a0 \u00a0 \u00a0 \u00a0 \u00a0 \u00a0 \u00a0 \u00a0 \u00a0 \u00a0 \u00a0 \u00a0 \u00a0 \u00a0 \u00a0 \u00a0 \u00a0 \u00a0 \u00a0 \u00a0 \u00a0 \u00a0 \u00a0 \u00a0 \u00a0 \u00a0 \u00a0 \u00a0 \u00a0 \u00a0 \u00a0 \u00a0 \u00a0 \u00a0 \u00a0 \u00a0 \u00a0 \u00a0 \u00a0 \u00a0 \u00a0 \u00a0 \u00a0 \u00a0 \u00a0 \u00a0 \u00a0 \u00a0 \u00a0 \u00a0 \u00a0 \u00a0 \u00a0 \u00a0 \u00a0 \u00a0 Kleinere Wettk\u00e4mpfe werden mit Hilfe der Eltern in der Turnhalle durchgef\u00fchrt. Das Spielfeld ist aus der Vogelperspektive betrachtet \u00e4hnlich einem Tennisfeld. Die Spielidee besteht darin einen gro\u00dfvolumigen Ball mit einem Tennisschl\u00e4ger unter einen Brett hindurch zu schlagen. Dadurch ist es jetzt m\u00f6glich, dass jeder \u2013 auch wenn er vorher noch nie einen Tennisschl\u00e4ger in der Hand hatte \u2013 die Interaktion beim Ball-R\u00fcckschlagsport erlebt.<\/p>\n<p>Zur\u00fcck zum\u00a0<a href=\"https:\/\/wordpress.nibis.de\/gsesterw\/abc-der-grundschule\/\">ABC der Grundschule<\/a>.<\/p>\n","protected":false},"excerpt":{"rendered":"<p>L\u00e4use Wo viele Menschen zusammenleben, kommt es immer wieder zu Ansteckungen. Dies hat nichts mit mangelnder Sauberkeit oder K\u00f6rperhygiene zu tun. Sollten Sie feststellen, dass Ihr Kind von L\u00e4usen befallen ist, dann verst\u00e4ndigen Sie bitte sofort die Schule. Nach der Behandlung mit einem entsprechenden L\u00e4usemittel darf ihr Kind die Schule wieder besuchen. Beim Auftreten von &hellip; <a href=\"https:\/\/wordpress.nibis.de\/gsesterw\/l\/\" class=\"more-link\"><span class=\"screen-reader-text\">L<\/span> weiterlesen <span class=\"meta-nav\">&rarr;<\/span><\/a><\/p>\n","protected":false},"author":9193300,"featured_media":0,"parent":0,"menu_order":0,"comment_status":"closed","ping_status":"closed","template":"","meta":{"footnotes":""},"class_list":["post-818","page","type-page","status-publish","hentry"],"_links":{"self":[{"href":"https:\/\/wordpress.nibis.de\/gsesterw\/wp-json\/wp\/v2\/pages\/818","targetHints":{"allow":["GET"]}}],"collection":[{"href":"https:\/\/wordpress.nibis.de\/gsesterw\/wp-json\/wp\/v2\/pages"}],"about":[{"href":"https:\/\/wordpress.nibis.de\/gsesterw\/wp-json\/wp\/v2\/types\/page"}],"author":[{"embeddable":true,"href":"https:\/\/wordpress.nibis.de\/gsesterw\/wp-json\/wp\/v2\/users\/9193300"}],"replies":[{"embeddable":true,"href":"https:\/\/wordpress.nibis.de\/gsesterw\/wp-json\/wp\/v2\/comments?post=818"}],"version-history":[{"count":3,"href":"https:\/\/wordpress.nibis.de\/gsesterw\/wp-json\/wp\/v2\/pages\/818\/revisions"}],"predecessor-version":[{"id":1735,"href":"https:\/\/wordpress.nibis.de\/gsesterw\/wp-json\/wp\/v2\/pages\/818\/revisions\/1735"}],"wp:attachment":[{"href":"https:\/\/wordpress.nibis.de\/gsesterw\/wp-json\/wp\/v2\/media?parent=818"}],"curies":[{"name":"wp","href":"https:\/\/api.w.org\/{rel}","templated":true}]}}