{"id":82,"date":"2019-12-10T14:36:53","date_gmt":"2019-12-10T13:36:53","guid":{"rendered":"https:\/\/wordpress.nibis.de\/gsesterw\/?page_id=82"},"modified":"2026-04-10T18:12:36","modified_gmt":"2026-04-10T16:12:36","slug":"leitbild","status":"publish","type":"page","link":"https:\/\/wordpress.nibis.de\/gsesterw\/leitbild\/","title":{"rendered":"Leitbild"},"content":{"rendered":"\n<h4 style=\"text-align: center\"><span style=\"color: #000000\"><strong>Unser Motto:\u00a0 <\/strong><\/span><em><span style=\"color: #000000\"><strong>Lernen und sich wohlf\u00fchlen<\/strong><\/span><\/em><\/h4>\n<div class=\"wp-block-image\" style=\"text-align: center\"><a href=\"https:\/\/wordpress.nibis.de\/gsesterw\/files\/2026\/04\/50E0BA2E-F762-44BB-9285-A22BE00C0D93-scaled.jpeg\"><img loading=\"lazy\" decoding=\"async\" class=\"wpa-warning wpa-image-missing-alt aligncenter size-full wp-image-2089\" src=\"https:\/\/wordpress.nibis.de\/gsesterw\/files\/2026\/04\/50E0BA2E-F762-44BB-9285-A22BE00C0D93-scaled.jpeg\" alt=\"\" width=\"2560\" height=\"2560\" data-warning=\"Missing alt text\" srcset=\"https:\/\/wordpress.nibis.de\/gsesterw\/files\/2026\/04\/50E0BA2E-F762-44BB-9285-A22BE00C0D93-scaled.jpeg 2560w, https:\/\/wordpress.nibis.de\/gsesterw\/files\/2026\/04\/50E0BA2E-F762-44BB-9285-A22BE00C0D93-768x768.jpeg 768w, https:\/\/wordpress.nibis.de\/gsesterw\/files\/2026\/04\/50E0BA2E-F762-44BB-9285-A22BE00C0D93-100x100.jpeg 100w, https:\/\/wordpress.nibis.de\/gsesterw\/files\/2026\/04\/50E0BA2E-F762-44BB-9285-A22BE00C0D93-1536x1536.jpeg 1536w, https:\/\/wordpress.nibis.de\/gsesterw\/files\/2026\/04\/50E0BA2E-F762-44BB-9285-A22BE00C0D93-2048x2048.jpeg 2048w\" sizes=\"auto, (max-width: 2560px) 100vw, 2560px\" \/><\/a><\/div>\n<p style=\"text-align: center\">Wir gestalten eine vertrauensvolle Lernumwelt f\u00fcr unsere Sch\u00fcler, Lehrkr\u00e4fte, Erzieher und Eltern.<\/p>\n<p style=\"text-align: center\">Jedes Kind soll sich in der Schule wohlf\u00fchlen, angstfrei lernen und sich individuell und optimal entwickeln.<\/p>\n<h6><strong>Leits\u00e4tze zur Unterrichtsarbeit:<\/strong><\/h6>\n<ul>\n<li>Die Lehrkr\u00e4fte schaffen die f\u00fcr den Lernerfolg n\u00f6tigen Voraussetzungen, in denen die Kinder insbesondere auch das eigene Lernen lernen.<\/li>\n<li>Geeignete Arbeits- und Organisationsformen sollen die Eigeninitiative der Sch\u00fcler f\u00f6rdern und sie zum selbstst\u00e4ndigen Wissenserwerb bef\u00e4higen.<\/li>\n<li>Lernen und Leistung sind und bleiben wesentliche Elemente unserer Schulqualit\u00e4t.<\/li>\n<li>Wir sehen das einzelne Kind ganzheitlich und bem\u00fchen uns um eine ihm angepasste F\u00f6rderung.<\/li>\n<li>Unser Unterricht soll kindgerecht und handlungsorientiert sein.<\/li>\n<li>Wir wollen eine lernende Schule sein, die durch moderne Konzepte der Weiterentwicklung vorantreibt und stets geeignete Umsetzungsm\u00f6glichkeiten vorh\u00e4lt.<\/li>\n<li>Wir vermitteln so die notwendigen Kompetenzen f\u00fcr die erfolgreiche Mitarbeit an den weiterf\u00fchrenden Schulen und legen den Grundstein f\u00fcr ein selbstverantwortliches Lernen.<\/li>\n<\/ul>\n<h6>Leits\u00e4tze zum Schulklima<\/h6>\n<ul>\n<li>Erzieherische und ethische Werte bilden das Fundament unserer Schule, in der Toleranz eine gro\u00dfe Rolle spielt.<\/li>\n<li>Das Klima an unserer Schule ist gepr\u00e4gt von Freundlichkeit, Offenheit und Respekt.<\/li>\n<li>Wir st\u00e4rken das Selbstwertgef\u00fchl der Kinder, aber leiten sie auch an, Regeln zu akzeptieren und einzuhalten. Wir achten auf h\u00f6fliche Umgangsformen.<\/li>\n<li>Die Integration von Kindern mit speziellen Voraussetzungen hat einen hohen Stellenwert. Wir leiten alle an, die Verschiedenheiten nat\u00fcrlich anzunehmen.<\/li>\n<\/ul>\n<h6>Leits\u00e4tze zur Elternarbeit<\/h6>\n<ul>\n<li>Uns ist es wichtig, dass Eltern und Lehrer gemeinsam den Bildungs- und Erziehungsauftrag umsetzen.<\/li>\n<li>Wir legen Wert darauf, die Eltern f\u00fcr die Belange der Schule zu interessieren und sie einzubeziehen.<\/li>\n<li>Wir bem\u00fchen uns, bei auftretenden Problemen gemeinsam mit den Eltern eine L\u00f6sung zu finden.<\/li>\n<\/ul>\n<h6>Leits\u00e4tze zur au\u00dferschulischen Arbeit<\/h6>\n<ul>\n<li>Wir sind eine offene Schule und ist ist besonders wichtig, dass die \u00d6ffentlichkeit die Schule mit ihren Aufgaben, Bed\u00fcrfnissen, Aktivit\u00e4ten und Zielen wahrnimmt.<\/li>\n<li>Informationsveranstaltungen unterst\u00fctzen die Zusammenarbeit zwischen Schule und \u00d6ffentlichkeit.<\/li>\n<li>Au\u00dferschulische Lernorte, Institutionen und Vereine beziehen wir in den Unterricht mit ein.<\/li>\n<li>Die Kooperation mit dem Kindergarten Esterwegen und den anderen Schulen der Samtgemeinde Nordh\u00fcmmling und mit dem Schultr\u00e4ger hat f\u00fcr uns einen hohen Stellenwert.<\/li>\n<\/ul>\n<p>\u00a0<\/p>\n","protected":false},"excerpt":{"rendered":"<p>Unser Motto:\u00a0 Lernen und sich wohlf\u00fchlen Wir gestalten eine vertrauensvolle Lernumwelt f\u00fcr unsere Sch\u00fcler, Lehrkr\u00e4fte, Erzieher und Eltern. Jedes Kind soll sich in der Schule wohlf\u00fchlen, angstfrei lernen und sich individuell und optimal entwickeln. Leits\u00e4tze zur Unterrichtsarbeit: Die Lehrkr\u00e4fte schaffen die f\u00fcr den Lernerfolg n\u00f6tigen Voraussetzungen, in denen die Kinder insbesondere auch das eigene Lernen &hellip; <a href=\"https:\/\/wordpress.nibis.de\/gsesterw\/leitbild\/\" class=\"more-link\"><span class=\"screen-reader-text\">Leitbild<\/span> weiterlesen <span class=\"meta-nav\">&rarr;<\/span><\/a><\/p>\n","protected":false},"author":9193300,"featured_media":0,"parent":0,"menu_order":0,"comment_status":"closed","ping_status":"closed","template":"","meta":{"footnotes":""},"class_list":["post-82","page","type-page","status-publish","hentry"],"_links":{"self":[{"href":"https:\/\/wordpress.nibis.de\/gsesterw\/wp-json\/wp\/v2\/pages\/82","targetHints":{"allow":["GET"]}}],"collection":[{"href":"https:\/\/wordpress.nibis.de\/gsesterw\/wp-json\/wp\/v2\/pages"}],"about":[{"href":"https:\/\/wordpress.nibis.de\/gsesterw\/wp-json\/wp\/v2\/types\/page"}],"author":[{"embeddable":true,"href":"https:\/\/wordpress.nibis.de\/gsesterw\/wp-json\/wp\/v2\/users\/9193300"}],"replies":[{"embeddable":true,"href":"https:\/\/wordpress.nibis.de\/gsesterw\/wp-json\/wp\/v2\/comments?post=82"}],"version-history":[{"count":6,"href":"https:\/\/wordpress.nibis.de\/gsesterw\/wp-json\/wp\/v2\/pages\/82\/revisions"}],"predecessor-version":[{"id":2091,"href":"https:\/\/wordpress.nibis.de\/gsesterw\/wp-json\/wp\/v2\/pages\/82\/revisions\/2091"}],"wp:attachment":[{"href":"https:\/\/wordpress.nibis.de\/gsesterw\/wp-json\/wp\/v2\/media?parent=82"}],"curies":[{"name":"wp","href":"https:\/\/api.w.org\/{rel}","templated":true}]}}