{"id":820,"date":"2021-05-25T13:59:19","date_gmt":"2021-05-25T11:59:19","guid":{"rendered":"https:\/\/wordpress.nibis.de\/gsesterw\/?page_id=820"},"modified":"2021-05-25T13:59:55","modified_gmt":"2021-05-25T11:59:55","slug":"m","status":"publish","type":"page","link":"https:\/\/wordpress.nibis.de\/gsesterw\/m\/","title":{"rendered":"M"},"content":{"rendered":"<p><strong>Mensa<\/strong><br \/>\nDie Mensa wird von der Johannesburg GmbH Surwold betrieben. Die zentrale Ausbildungsk\u00fcche der Johannesburg GmbH wird zum gro\u00dfen Teil mit Produkten aus der eigenen G\u00e4rtnerei, Landwirtschaft, Fleischerei und B\u00e4ckerei beliefert. Von Montag bis Donnerstag wird dort ein ansprechendes Mittagsmen\u00fc f\u00fcr die Mensa in Esterwegen zubereitet. Es werden t\u00e4glich ab 12.30 Uhr wechselnd zwei ausgewogene, vollwertige Hauptgerichte zu folgenden Preisen angeboten.<\/p>\n<table>\n<tbody>\n<tr>\n<td>Men\u00fc I<\/td>\n<td>Men\u00fc II<\/td>\n<td>Dessert<\/td>\n<\/tr>\n<tr>\n<td>2,80 \u20ac<\/td>\n<td>2,50 \u20ac<\/td>\n<td>0,50 \u20ac<\/td>\n<\/tr>\n<\/tbody>\n<\/table>\n<p>In der Mensa wird ein modernes Bestell- und Bezahlsystem eingesetzt: Nachdem Sie entschieden haben, dass Ihr Kind an der Schulverpflegung teilnehmen soll, bitten wir um Mitteilung im B\u00fcro (Telefon: 05955\/935430).<br \/>\nDer Sch\u00fcler, die Sch\u00fclerin erh\u00e4lt daraufhin eine Geldwertkarte. Diese wird dem Sch\u00fcler im B\u00fcro f\u00fcr 20,00\u20ac ausgeh\u00e4ndigt. In dem Betrag ist 5,00\u20ac Kartenpfand enthalten und 15,00\u20ac werden als Startguthaben auf der Karte registriert. Die Bankverbindung zur \u00dcberweisung weiterer Geldbetr\u00e4ge f\u00fcr die Schulverpflegung auf das Verpflegungskonto lautet:<br \/>\n<em><strong>Kontoinhaber: Johannesburg GmbH<\/strong><\/em><br \/>\n<em><strong>Institut: Sparkasse Emsland <\/strong><\/em><br \/>\n<em><strong>Bankleitzahl: 266 500 01 <\/strong><\/em><br \/>\n<em><strong>Kontonummer: 1080013939<\/strong><\/em><br \/>\nBitte als Verwendungszweck die Nummer der Geldwertkarte angeben. Die Bestellung der Mittagsverpflegung f\u00fcr die n\u00e4chste Woche<br \/>\nmuss bis Freitag 12.00 Uhr \u00fcber das Internet oder \u00fcber ein Bestellterminal in der Aula erfolgen.<br \/>\nFalls Ihr Kind erkrankt und nicht zur Schule kommt, bitten wir um Abmeldung f\u00fcr die Mittagsverpflegung (bitte Kartennummer angeben)<br \/>\nbis 9.00 Uhr vormittags im Schulsekretariat (Telefon: 05955 &#8211;<br \/>\n935430). Wir werden daraufhin eine Gutschrift auf dem Konto des<br \/>\nSch\u00fclers\/ der Sch\u00fclerin vornehmen. Die Sch\u00fcler und Sch\u00fclerinnen<br \/>\nwerden in der Mittagspause von Aufsichtspersonen betreut. Die<br \/>\nSchultaschen werden in der Grundschule abgestellt. Gemeinsam mit<br \/>\nder Aufsichtsperson gehen alle Kinder zum Mittagessen in die Men-sa. Kinder, die nicht an der Schulverpflegung teilnehmen, bringen<br \/>\nbitte ein Lunchpaket (Brot, Obst) mit. Nach dem Mittagessen gehen<br \/>\ndie Sch\u00fcler in Begleitung zur Grundschule zur\u00fcck.<\/p>\n<p>Zur\u00fcck zum\u00a0<a href=\"https:\/\/wordpress.nibis.de\/gsesterw\/abc-der-grundschule\/\">ABC der Grundschule<\/a>.<\/p>\n","protected":false},"excerpt":{"rendered":"<p>Mensa Die Mensa wird von der Johannesburg GmbH Surwold betrieben. Die zentrale Ausbildungsk\u00fcche der Johannesburg GmbH wird zum gro\u00dfen Teil mit Produkten aus der eigenen G\u00e4rtnerei, Landwirtschaft, Fleischerei und B\u00e4ckerei beliefert. Von Montag bis Donnerstag wird dort ein ansprechendes Mittagsmen\u00fc f\u00fcr die Mensa in Esterwegen zubereitet. Es werden t\u00e4glich ab 12.30 Uhr wechselnd zwei ausgewogene, &hellip; <a href=\"https:\/\/wordpress.nibis.de\/gsesterw\/m\/\" class=\"more-link\"><span class=\"screen-reader-text\">M<\/span> weiterlesen <span class=\"meta-nav\">&rarr;<\/span><\/a><\/p>\n","protected":false},"author":9193300,"featured_media":0,"parent":0,"menu_order":0,"comment_status":"closed","ping_status":"closed","template":"","meta":{"footnotes":""},"class_list":["post-820","page","type-page","status-publish","hentry"],"_links":{"self":[{"href":"https:\/\/wordpress.nibis.de\/gsesterw\/wp-json\/wp\/v2\/pages\/820","targetHints":{"allow":["GET"]}}],"collection":[{"href":"https:\/\/wordpress.nibis.de\/gsesterw\/wp-json\/wp\/v2\/pages"}],"about":[{"href":"https:\/\/wordpress.nibis.de\/gsesterw\/wp-json\/wp\/v2\/types\/page"}],"author":[{"embeddable":true,"href":"https:\/\/wordpress.nibis.de\/gsesterw\/wp-json\/wp\/v2\/users\/9193300"}],"replies":[{"embeddable":true,"href":"https:\/\/wordpress.nibis.de\/gsesterw\/wp-json\/wp\/v2\/comments?post=820"}],"version-history":[{"count":1,"href":"https:\/\/wordpress.nibis.de\/gsesterw\/wp-json\/wp\/v2\/pages\/820\/revisions"}],"predecessor-version":[{"id":821,"href":"https:\/\/wordpress.nibis.de\/gsesterw\/wp-json\/wp\/v2\/pages\/820\/revisions\/821"}],"wp:attachment":[{"href":"https:\/\/wordpress.nibis.de\/gsesterw\/wp-json\/wp\/v2\/media?parent=820"}],"curies":[{"name":"wp","href":"https:\/\/api.w.org\/{rel}","templated":true}]}}