{"id":822,"date":"2021-05-25T14:01:23","date_gmt":"2021-05-25T12:01:23","guid":{"rendered":"https:\/\/wordpress.nibis.de\/gsesterw\/?page_id=822"},"modified":"2021-05-25T14:01:23","modified_gmt":"2021-05-25T12:01:23","slug":"n","status":"publish","type":"page","link":"https:\/\/wordpress.nibis.de\/gsesterw\/n\/","title":{"rendered":"N"},"content":{"rendered":"<p><strong>Notfall<\/strong><br \/>\nEs kann vorkommen, dass Ihrem Kind w\u00e4hrend des Unterrichts \u00fcbel wird, es in der Pause st\u00fcrzt oder sich anderweitig verletzt. In diesem Fall m\u00fcssen wir sichergehen k\u00f6nnen, dass wir Sie, die Gro\u00dfeltern oder eine andere Betreuungsperson schnell und problemlos erreichen k\u00f6nnen. Ein Anrufbeantworter n\u00fctzt uns in diesen F\u00e4llen wenig! Bitte hinterlegen Sie daher eine Notfalltelefonnummer. Sollte sich Ihre Telefonnummer einmal ge\u00e4ndert haben, teilen Sie uns dies bitte umgehend mit.<\/p>\n<p>Zur\u00fcck zum\u00a0<a href=\"https:\/\/wordpress.nibis.de\/gsesterw\/abc-der-grundschule\/\">ABC der Grundschule<\/a>.<\/p>\n","protected":false},"excerpt":{"rendered":"<p>Notfall Es kann vorkommen, dass Ihrem Kind w\u00e4hrend des Unterrichts \u00fcbel wird, es in der Pause st\u00fcrzt oder sich anderweitig verletzt. In diesem Fall m\u00fcssen wir sichergehen k\u00f6nnen, dass wir Sie, die Gro\u00dfeltern oder eine andere Betreuungsperson schnell und problemlos erreichen k\u00f6nnen. Ein Anrufbeantworter n\u00fctzt uns in diesen F\u00e4llen wenig! Bitte hinterlegen Sie daher eine &hellip; <a href=\"https:\/\/wordpress.nibis.de\/gsesterw\/n\/\" class=\"more-link\"><span class=\"screen-reader-text\">N<\/span> weiterlesen <span class=\"meta-nav\">&rarr;<\/span><\/a><\/p>\n","protected":false},"author":9193300,"featured_media":0,"parent":0,"menu_order":0,"comment_status":"closed","ping_status":"closed","template":"","meta":{"footnotes":""},"class_list":["post-822","page","type-page","status-publish","hentry"],"_links":{"self":[{"href":"https:\/\/wordpress.nibis.de\/gsesterw\/wp-json\/wp\/v2\/pages\/822","targetHints":{"allow":["GET"]}}],"collection":[{"href":"https:\/\/wordpress.nibis.de\/gsesterw\/wp-json\/wp\/v2\/pages"}],"about":[{"href":"https:\/\/wordpress.nibis.de\/gsesterw\/wp-json\/wp\/v2\/types\/page"}],"author":[{"embeddable":true,"href":"https:\/\/wordpress.nibis.de\/gsesterw\/wp-json\/wp\/v2\/users\/9193300"}],"replies":[{"embeddable":true,"href":"https:\/\/wordpress.nibis.de\/gsesterw\/wp-json\/wp\/v2\/comments?post=822"}],"version-history":[{"count":1,"href":"https:\/\/wordpress.nibis.de\/gsesterw\/wp-json\/wp\/v2\/pages\/822\/revisions"}],"predecessor-version":[{"id":823,"href":"https:\/\/wordpress.nibis.de\/gsesterw\/wp-json\/wp\/v2\/pages\/822\/revisions\/823"}],"wp:attachment":[{"href":"https:\/\/wordpress.nibis.de\/gsesterw\/wp-json\/wp\/v2\/media?parent=822"}],"curies":[{"name":"wp","href":"https:\/\/api.w.org\/{rel}","templated":true}]}}