{"id":824,"date":"2021-05-25T14:04:34","date_gmt":"2021-05-25T12:04:34","guid":{"rendered":"https:\/\/wordpress.nibis.de\/gsesterw\/?page_id=824"},"modified":"2025-08-20T14:57:43","modified_gmt":"2025-08-20T12:57:43","slug":"p","status":"publish","type":"page","link":"https:\/\/wordpress.nibis.de\/gsesterw\/p\/","title":{"rendered":"P"},"content":{"rendered":"<p><strong>Paten<\/strong><br \/>\nTraditionell \u00fcbernehmen die Sch\u00fcler und Sch\u00fclerinnen der 4. Klassen die Patenschaft f\u00fcr die neuen Erstkl\u00e4ssler. In den ersten Schulwochen sind sie, neben der Lehrer\/-innen, wichtige Ansprechpartner und Ansprechpartnerinnen bei Fragen und Problemen. Sie geben Spielanregungen in den Pausen, vermitteln bei Konflikten, sprechen Mut zu usw. Letztlich profitieren sowohl Paten als auch Schulanf\u00e4nger von diesem Unterst\u00fctzungssystem.<\/p>\n<p><strong>Parken<\/strong><br \/>\nViele Kinder der Grundschule Esterwegen werden mit dem Auto zur Schule gebracht und wieder abgeholt. Da die Parkm\u00f6glichkeiten in unmittelbarer Schuln\u00e4he begrenzt sind, kommt es insbesondere zu den Bring- und Abholzeiten immer wieder zu untragbaren Situationen. Leidtragende sind Ihre Kinder, die mit der entstehenden Un\u00fcbersichtlichkeit deutlich \u00fcberfordert und dadurch v\u00f6llig unn\u00f6tig einer besonderen Gef\u00e4hrdung ausgesetzt sind. Bitte parken Sie daher nur auf ausgewiesenen Parkpl\u00e4tzen.<\/p>\n<p><strong>Pause<\/strong><br \/>\nDie erste Hofpause findet von 9:40 Uhr bis 10:00 Uhr statt. Lehrkr\u00e4fte sorgen f\u00fcr die Pausenaufsicht. Die Kinder sollen, wann immer m\u00f6glich, die Pausen an der frischen Luft verbringen. In allen Klassen steht Pausenspielzeug zur Verf\u00fcgung, sodass sich die Kinder nach Lust und Laune austoben k\u00f6nnen. Ferner laden Kletterger\u00fcste, Schaukeln, Turnstangen, Tischtennisplatten sowie Fu\u00dfballtore zum Spielen ein. Sollte es einmal witterungsbedingt nicht m\u00f6glich sein, dass die Kinder die Pause drau\u00dfen verbringen, bleiben sie im Schulgeb\u00e4ude. W\u00e4hrend der \u201eRegenpause\u201c spielen die Kinder unter Aufsicht einer Lehrkraft im Klassenzimmer. Unsere zweite Hofpause findet von 11:30 Uhr bis 11:45 Uhr statt. Den Kindern ist es nicht erlaubt, w\u00e4hrend der Pausen das Schulgel\u00e4nde zu verlassen!<\/p>\n<p><strong>Plattdeutscher Lesewettbewerb \u00a0 \u00a0 \u00a0 \u00a0 \u00a0 \u00a0 \u00a0 \u00a0 \u00a0 \u00a0 \u00a0 \u00a0 \u00a0 \u00a0 \u00a0 \u00a0 \u00a0 \u00a0 \u00a0 \u00a0 \u00a0 \u00a0 \u00a0 \u00a0 \u00a0 \u00a0 \u00a0 \u00a0 \u00a0 \u00a0 \u00a0 \u00a0 \u00a0 \u00a0 \u00a0 \u00a0 <\/strong>Kinder, die Plattdeutsch sprechen k\u00f6nnen, sind l\u00e4ngst eine Seltenheit. Alle zwei Jahre f\u00fchren die Landschaftsverb\u00e4nde gemeinsam und mit Unterst\u00fctzung durch die Sparkassen und die Nieders\u00e4chsische Sparkassenstiftung im Einvernehmen mit dem Nieders\u00e4chsischen Kultusministerium und den Schulaufsichtsbeh\u00f6rden den Plattdeutschen Lesewettbewerb f\u00fcr Sch\u00fclerinnen und Sch\u00fcler ab der dritten Jahrgangsstufen durch. Gem\u00e4\u00df dem Erlass des Nieders\u00e4chsischen Kultusministers vom 29.04.1986 ist der Plattdeutsche Lesewettbewerb f\u00fcr die Sch\u00fcler eine schulische Veranstaltung.\u00a0 Ziel des Wettbewerbs ist es, die Freude am plattdeutschen Lesen und an der niederdeutschen Sprache zu wecken. Sch\u00fclerinnen und Sch\u00fcler, die das Plattdeutsche nicht vom Elternhaus aus als Umgangssprache mitbringen, sondern es neu erlernt haben, sollen ausdr\u00fccklich zur Teilnahme ermuntert werden.<\/p>\n<p>Zur\u00fcck zum\u00a0<a href=\"https:\/\/wordpress.nibis.de\/gsesterw\/abc-der-grundschule\/\">ABC der Grundschule<\/a>.<\/p>\n","protected":false},"excerpt":{"rendered":"<p>Paten Traditionell \u00fcbernehmen die Sch\u00fcler und Sch\u00fclerinnen der 4. Klassen die Patenschaft f\u00fcr die neuen Erstkl\u00e4ssler. In den ersten Schulwochen sind sie, neben der Lehrer\/-innen, wichtige Ansprechpartner und Ansprechpartnerinnen bei Fragen und Problemen. Sie geben Spielanregungen in den Pausen, vermitteln bei Konflikten, sprechen Mut zu usw. Letztlich profitieren sowohl Paten als auch Schulanf\u00e4nger von diesem &hellip; <a href=\"https:\/\/wordpress.nibis.de\/gsesterw\/p\/\" class=\"more-link\"><span class=\"screen-reader-text\">P<\/span> weiterlesen <span class=\"meta-nav\">&rarr;<\/span><\/a><\/p>\n","protected":false},"author":9193300,"featured_media":0,"parent":0,"menu_order":0,"comment_status":"closed","ping_status":"closed","template":"","meta":{"footnotes":""},"class_list":["post-824","page","type-page","status-publish","hentry"],"_links":{"self":[{"href":"https:\/\/wordpress.nibis.de\/gsesterw\/wp-json\/wp\/v2\/pages\/824","targetHints":{"allow":["GET"]}}],"collection":[{"href":"https:\/\/wordpress.nibis.de\/gsesterw\/wp-json\/wp\/v2\/pages"}],"about":[{"href":"https:\/\/wordpress.nibis.de\/gsesterw\/wp-json\/wp\/v2\/types\/page"}],"author":[{"embeddable":true,"href":"https:\/\/wordpress.nibis.de\/gsesterw\/wp-json\/wp\/v2\/users\/9193300"}],"replies":[{"embeddable":true,"href":"https:\/\/wordpress.nibis.de\/gsesterw\/wp-json\/wp\/v2\/comments?post=824"}],"version-history":[{"count":3,"href":"https:\/\/wordpress.nibis.de\/gsesterw\/wp-json\/wp\/v2\/pages\/824\/revisions"}],"predecessor-version":[{"id":1736,"href":"https:\/\/wordpress.nibis.de\/gsesterw\/wp-json\/wp\/v2\/pages\/824\/revisions\/1736"}],"wp:attachment":[{"href":"https:\/\/wordpress.nibis.de\/gsesterw\/wp-json\/wp\/v2\/media?parent=824"}],"curies":[{"name":"wp","href":"https:\/\/api.w.org\/{rel}","templated":true}]}}