{"id":826,"date":"2021-05-25T14:06:56","date_gmt":"2021-05-25T12:06:56","guid":{"rendered":"https:\/\/wordpress.nibis.de\/gsesterw\/?page_id=826"},"modified":"2025-08-20T14:58:28","modified_gmt":"2025-08-20T12:58:28","slug":"r","status":"publish","type":"page","link":"https:\/\/wordpress.nibis.de\/gsesterw\/r\/","title":{"rendered":"R"},"content":{"rendered":"<p><strong>Radfahrausbildung \u00a0 \u00a0 \u00a0 \u00a0 \u00a0 \u00a0 \u00a0 \u00a0 \u00a0 \u00a0 \u00a0 \u00a0 \u00a0 \u00a0 \u00a0 \u00a0 \u00a0 \u00a0 \u00a0 \u00a0 \u00a0 \u00a0 \u00a0 \u00a0 \u00a0 \u00a0 \u00a0 \u00a0 \u00a0 \u00a0 \u00a0 \u00a0 \u00a0 \u00a0 \u00a0 \u00a0 \u00a0 \u00a0 \u00a0 \u00a0 \u00a0 \u00a0 \u00a0 \u00a0 \u00a0 \u00a0 \u00a0 \u00a0 \u00a0 \u00a0 \u00a0 <\/strong>Intensiv werden die Viertkl\u00e4ssler auf den theoretischen und praktischen Abschluss einer Radfahrausbildung vorbereitet. Nach einer theoretischen Radfahrpr\u00fcfung findet ein praktischer Teil statt. In der Gemeinde Esterwegen k\u00f6nnen Viertkl\u00e4ssler dann\u00a0 ihr praktisches K\u00f6nnen unter Beweis stellen. Zudem wird in allen Klassen j\u00e4hrlich die Verkehrssicherheit der Fahrr\u00e4der aller Sch\u00fclerinnen, die mit dem Rad zur Schule kommen, \u00fcberpr\u00fcft.<\/p>\n<p><strong>Regeln und Rituale<\/strong><br \/>\nOhne Regeln geht es nicht, auch nicht an unserer Schule. Das Zusammenleben und -arbeiten bedingt, dass sich JEDER an abgesprochene Regeln halten muss. Regeln und Rituale erleichtern das gemeinsame Arbeiten und Spielen. Jede Klasse hat ihre Vereinbarungen, an deren Entstehung die Kinder beteiligt sind. Auf diese Weise f\u00fchlen sie sich verantwortlich f\u00fcr ein harmonisches Miteinander. Den \u00fcbergeordneten Rahmen bildet die Schulordnung.<\/p>\n<p>Zur\u00fcck zum\u00a0<a href=\"https:\/\/wordpress.nibis.de\/gsesterw\/abc-der-grundschule\/\">ABC der Grundschule<\/a>.<\/p>\n","protected":false},"excerpt":{"rendered":"<p>Radfahrausbildung \u00a0 \u00a0 \u00a0 \u00a0 \u00a0 \u00a0 \u00a0 \u00a0 \u00a0 \u00a0 \u00a0 \u00a0 \u00a0 \u00a0 \u00a0 \u00a0 \u00a0 \u00a0 \u00a0 \u00a0 \u00a0 \u00a0 \u00a0 \u00a0 \u00a0 \u00a0 \u00a0 \u00a0 \u00a0 \u00a0 \u00a0 \u00a0 \u00a0 \u00a0 \u00a0 \u00a0 \u00a0 \u00a0 \u00a0 \u00a0 \u00a0 \u00a0 \u00a0 \u00a0 \u00a0 \u00a0 \u00a0 \u00a0 \u00a0 \u00a0 \u00a0 Intensiv werden die &hellip; <a href=\"https:\/\/wordpress.nibis.de\/gsesterw\/r\/\" class=\"more-link\"><span class=\"screen-reader-text\">R<\/span> weiterlesen <span class=\"meta-nav\">&rarr;<\/span><\/a><\/p>\n","protected":false},"author":9193300,"featured_media":0,"parent":0,"menu_order":0,"comment_status":"closed","ping_status":"closed","template":"","meta":{"footnotes":""},"class_list":["post-826","page","type-page","status-publish","hentry"],"_links":{"self":[{"href":"https:\/\/wordpress.nibis.de\/gsesterw\/wp-json\/wp\/v2\/pages\/826","targetHints":{"allow":["GET"]}}],"collection":[{"href":"https:\/\/wordpress.nibis.de\/gsesterw\/wp-json\/wp\/v2\/pages"}],"about":[{"href":"https:\/\/wordpress.nibis.de\/gsesterw\/wp-json\/wp\/v2\/types\/page"}],"author":[{"embeddable":true,"href":"https:\/\/wordpress.nibis.de\/gsesterw\/wp-json\/wp\/v2\/users\/9193300"}],"replies":[{"embeddable":true,"href":"https:\/\/wordpress.nibis.de\/gsesterw\/wp-json\/wp\/v2\/comments?post=826"}],"version-history":[{"count":4,"href":"https:\/\/wordpress.nibis.de\/gsesterw\/wp-json\/wp\/v2\/pages\/826\/revisions"}],"predecessor-version":[{"id":1737,"href":"https:\/\/wordpress.nibis.de\/gsesterw\/wp-json\/wp\/v2\/pages\/826\/revisions\/1737"}],"wp:attachment":[{"href":"https:\/\/wordpress.nibis.de\/gsesterw\/wp-json\/wp\/v2\/media?parent=826"}],"curies":[{"name":"wp","href":"https:\/\/api.w.org\/{rel}","templated":true}]}}