{"id":833,"date":"2021-05-25T14:15:59","date_gmt":"2021-05-25T12:15:59","guid":{"rendered":"https:\/\/wordpress.nibis.de\/gsesterw\/?page_id=833"},"modified":"2021-05-25T14:15:59","modified_gmt":"2021-05-25T12:15:59","slug":"u","status":"publish","type":"page","link":"https:\/\/wordpress.nibis.de\/gsesterw\/u\/","title":{"rendered":"U"},"content":{"rendered":"<p><strong>Unterrichtsausfall<\/strong><br \/>\nBei einem witterungsbedingten Unterrichtsausfall k\u00f6nnen Sie sich<br \/>\nwie folgt informieren.<br \/>\n\u2022\u00a0 \u00a0 www.emsland.de<br \/>\n\u2022\u00a0 \u00a0 www.vmz-niedersachsen.de<br \/>\n\u2022\u00a0 \u00a0 kostenfreie Landkreis Emsland-App<br \/>\n\u2022\u00a0 \u00a0 Verkehrsnachrichten im Radio, NDR 2 oder ffn<br \/>\n\u2022\u00a0 \u00a0 und nat\u00fcrlich \u00fcber IServ.<\/p>\n<p><strong>Unterrichts- und Pausenzeiten<\/strong><br \/>\nDie Grundschule Esterwegen ist eine offene Ganztagsschule mit einer verl\u00e4sslichen Unterrichtszeit montags bis freitags von 08.00 bis<br \/>\n12.30 Uhr.<br \/>\n08.00 \u2013 09.40 Uhr\u00a0 \u00a0Unterrichtsblock mit gemeinsamen Fr\u00fchst\u00fcck<br \/>\n09.40 \u2013 09.55 Uhr\u00a0 \u00a01. Pause<br \/>\n09.55 \u2013 10.40 Uhr\u00a0 \u00a0Unterricht<br \/>\n10.40 \u2013 10.45 Uhr\u00a0 \u00a0Bewegungspause<br \/>\n10.45 \u2013 11.30 Uhr\u00a0 \u00a0Unterricht<br \/>\n11. 30 \u2013 11.45 Uhr\u00a0 \u00a02. Pause<br \/>\n11.45 \u2013 12.30 Uhr\u00a0 \u00a0Unterricht\/Betreuung<br \/>\n12.30 \u2013 12.35 Uhr\u00a0 \u00a0Bewegungspause<br \/>\n12.35 \u2013 13.20 Uhr\u00a0 \u00a0Unterricht<br \/>\n12.30 \u2013 15.30 Uhr\u00a0 \u00a0Ganztagsangebot<\/p>\n<p>Zur\u00fcck zum\u00a0<a href=\"https:\/\/wordpress.nibis.de\/gsesterw\/abc-der-grundschule\/\">ABC der Grundschule<\/a>.<\/p>\n","protected":false},"excerpt":{"rendered":"<p>Unterrichtsausfall Bei einem witterungsbedingten Unterrichtsausfall k\u00f6nnen Sie sich wie folgt informieren. \u2022\u00a0 \u00a0 www.emsland.de \u2022\u00a0 \u00a0 www.vmz-niedersachsen.de \u2022\u00a0 \u00a0 kostenfreie Landkreis Emsland-App \u2022\u00a0 \u00a0 Verkehrsnachrichten im Radio, NDR 2 oder ffn \u2022\u00a0 \u00a0 und nat\u00fcrlich \u00fcber IServ. Unterrichts- und Pausenzeiten Die Grundschule Esterwegen ist eine offene Ganztagsschule mit einer verl\u00e4sslichen Unterrichtszeit montags bis freitags von &hellip; <a href=\"https:\/\/wordpress.nibis.de\/gsesterw\/u\/\" class=\"more-link\"><span class=\"screen-reader-text\">U<\/span> weiterlesen <span class=\"meta-nav\">&rarr;<\/span><\/a><\/p>\n","protected":false},"author":9193300,"featured_media":0,"parent":0,"menu_order":0,"comment_status":"closed","ping_status":"closed","template":"","meta":{"footnotes":""},"class_list":["post-833","page","type-page","status-publish","hentry"],"_links":{"self":[{"href":"https:\/\/wordpress.nibis.de\/gsesterw\/wp-json\/wp\/v2\/pages\/833","targetHints":{"allow":["GET"]}}],"collection":[{"href":"https:\/\/wordpress.nibis.de\/gsesterw\/wp-json\/wp\/v2\/pages"}],"about":[{"href":"https:\/\/wordpress.nibis.de\/gsesterw\/wp-json\/wp\/v2\/types\/page"}],"author":[{"embeddable":true,"href":"https:\/\/wordpress.nibis.de\/gsesterw\/wp-json\/wp\/v2\/users\/9193300"}],"replies":[{"embeddable":true,"href":"https:\/\/wordpress.nibis.de\/gsesterw\/wp-json\/wp\/v2\/comments?post=833"}],"version-history":[{"count":1,"href":"https:\/\/wordpress.nibis.de\/gsesterw\/wp-json\/wp\/v2\/pages\/833\/revisions"}],"predecessor-version":[{"id":834,"href":"https:\/\/wordpress.nibis.de\/gsesterw\/wp-json\/wp\/v2\/pages\/833\/revisions\/834"}],"wp:attachment":[{"href":"https:\/\/wordpress.nibis.de\/gsesterw\/wp-json\/wp\/v2\/media?parent=833"}],"curies":[{"name":"wp","href":"https:\/\/api.w.org\/{rel}","templated":true}]}}