{"id":835,"date":"2021-05-25T14:20:25","date_gmt":"2021-05-25T12:20:25","guid":{"rendered":"https:\/\/wordpress.nibis.de\/gsesterw\/?page_id=835"},"modified":"2021-06-23T15:40:43","modified_gmt":"2021-06-23T13:40:43","slug":"v","status":"publish","type":"page","link":"https:\/\/wordpress.nibis.de\/gsesterw\/v\/","title":{"rendered":"V"},"content":{"rendered":"<p><strong>Verkehrserziehung<\/strong><br \/>\nIhr Kind sollte m\u00f6glichst bald selbstst\u00e4ndig zur Schule kommen. \u00dcben Sie das richtige Verhalten an schwierigen Stellen, und bilden Sie \u201eWegpatenschaften\u201c. Wir besprechen im Rahmen des Sachunterrichts das Thema Verkehr intensiv in den ersten Schulwochen. Alle Schulanf\u00e4nger sollten in der dunklen Jahreszeit die Westen des ADAC tragen. Au\u00dferdem f\u00fchrt die Polizei in Zusammenarbeit mit der Grundschule das Projekt \u201egelbe F\u00fc\u00dfe\u201c zum Schuljahresbeginn durch.<\/p>\n<p><strong>Verl\u00e4ssliche Grundschule<\/strong><br \/>\nDie Grundschule Esterwegen ist seit 2003 eine Verl\u00e4ssliche Grundschule. Das bedeutet, dass f\u00fcr Eltern und Kinder verl\u00e4ssliche Unterrichtszeiten im Rahmen von 5 Zeitstunden angeboten und von ihnen genutzt werden k\u00f6nnen. Um auch f\u00fcr den Schulkindergarten sowie f\u00fcr die Klassen 1 und 2 einen entsprechenden Zeitrahmen einhalten zu k\u00f6nnen, wird an der Schule ein Betreuungsangebot vorgehalten, welches von allen Schulkindergartenkindern und Erst- und Zweitkl\u00e4sslern genutzt werden kann. Zur Teilnahme an der Betreuung m\u00fcssen Sie Ihr Kind anmelden. Dazu erhalten Sie rechtzeitig vor der Einschulung weitere Informationen. Die Anmeldung ist verbindlich und gilt f\u00fcr 1 Schulhalbjahr. Sollten Sie die Betreuung im 2. Schulhalbjahr nicht mehr in Anspruch nehmen wollen, bitten wir bis zum 31.10. eines jeden Kalenderjahres um telefonische Abmeldung im Sekretariat. Bei Abwesenheit einer Lehrkraft wird eine p\u00e4dagogische Mitarbeiterin bzw. ein p\u00e4dagogischer Mitarbeiter eingesetzt, der die Lehrkraft vertritt, sodass kein Unterricht ausf\u00e4llt und die Kinder in der Schule verbleiben k\u00f6nnen.<\/p>\n<p><strong>Versicherungsschutz<\/strong><br \/>\nTrotz aller Bem\u00fchungen lassen sich Unf\u00e4lle im Schulbereich leider nicht ausschlie\u00dfen. Ihre Kinder sind grunds\u00e4tzlich durch den Ge-meindeunfallversicherungsverband gegen gesundheitliche Sch\u00e4den gesch\u00fctzt. Der Versicherungsschutz erstreckt sich auf: Schulwege, Unterrichtsg\u00e4nge, Unterricht, Besichtigungen, Pausen, Sportunterricht, Schul- und Klassenfeiern, Ausfl\u00fcge. Bitte geben Sie uns Bescheid, wenn Sie wegen einer Verletzung w\u00e4hrend der Schulzeit \u00e4rztliche Hilfe in Anspruch nehmen, damit wir eine Unfallmeldung schreiben k\u00f6nnen. Wir m\u00f6chten noch einmal ausdr\u00fccklich darauf hinweisen, dass der Versicherungsschutz und die Aufsichtspflicht der Schule erl\u00f6schen, wenn Ihre Tochter oder Ihr Sohn w\u00e4hrend der Mittagspause und am Nachmittag das Schulgel\u00e4nde unerlaubt verl\u00e4sst. Bitte weisen Sie Ihre Kinder darauf hin, dass sie das Schulgel\u00e4nde w\u00e4hrend der Mittagspause und am Nachmittag nicht bzw. nur mit Sondergenehmigung verlassen d\u00fcrfen.<\/p>\n<p>Zur\u00fcck zum\u00a0<a href=\"https:\/\/wordpress.nibis.de\/gsesterw\/abc-der-grundschule\/\">ABC der Grundschule<\/a>.<\/p>\n","protected":false},"excerpt":{"rendered":"<p>Verkehrserziehung Ihr Kind sollte m\u00f6glichst bald selbstst\u00e4ndig zur Schule kommen. \u00dcben Sie das richtige Verhalten an schwierigen Stellen, und bilden Sie \u201eWegpatenschaften\u201c. Wir besprechen im Rahmen des Sachunterrichts das Thema Verkehr intensiv in den ersten Schulwochen. Alle Schulanf\u00e4nger sollten in der dunklen Jahreszeit die Westen des ADAC tragen. Au\u00dferdem f\u00fchrt die Polizei in Zusammenarbeit mit &hellip; <a href=\"https:\/\/wordpress.nibis.de\/gsesterw\/v\/\" class=\"more-link\"><span class=\"screen-reader-text\">V<\/span> weiterlesen <span class=\"meta-nav\">&rarr;<\/span><\/a><\/p>\n","protected":false},"author":9193300,"featured_media":0,"parent":0,"menu_order":0,"comment_status":"closed","ping_status":"closed","template":"","meta":{"footnotes":""},"class_list":["post-835","page","type-page","status-publish","hentry"],"_links":{"self":[{"href":"https:\/\/wordpress.nibis.de\/gsesterw\/wp-json\/wp\/v2\/pages\/835","targetHints":{"allow":["GET"]}}],"collection":[{"href":"https:\/\/wordpress.nibis.de\/gsesterw\/wp-json\/wp\/v2\/pages"}],"about":[{"href":"https:\/\/wordpress.nibis.de\/gsesterw\/wp-json\/wp\/v2\/types\/page"}],"author":[{"embeddable":true,"href":"https:\/\/wordpress.nibis.de\/gsesterw\/wp-json\/wp\/v2\/users\/9193300"}],"replies":[{"embeddable":true,"href":"https:\/\/wordpress.nibis.de\/gsesterw\/wp-json\/wp\/v2\/comments?post=835"}],"version-history":[{"count":3,"href":"https:\/\/wordpress.nibis.de\/gsesterw\/wp-json\/wp\/v2\/pages\/835\/revisions"}],"predecessor-version":[{"id":899,"href":"https:\/\/wordpress.nibis.de\/gsesterw\/wp-json\/wp\/v2\/pages\/835\/revisions\/899"}],"wp:attachment":[{"href":"https:\/\/wordpress.nibis.de\/gsesterw\/wp-json\/wp\/v2\/media?parent=835"}],"curies":[{"name":"wp","href":"https:\/\/api.w.org\/{rel}","templated":true}]}}