{"id":837,"date":"2021-05-25T14:23:15","date_gmt":"2021-05-25T12:23:15","guid":{"rendered":"https:\/\/wordpress.nibis.de\/gsesterw\/?page_id=837"},"modified":"2025-08-20T15:05:42","modified_gmt":"2025-08-20T13:05:42","slug":"w","status":"publish","type":"page","link":"https:\/\/wordpress.nibis.de\/gsesterw\/w\/","title":{"rendered":"W"},"content":{"rendered":"<p><strong>Waffen<\/strong><br \/>\nLaut Schulerlass ist das Mitbringen von Waffen, Munition und vergleichbaren Gegenst\u00e4nden sowie von Chemikalien in Schulen verboten.<\/p>\n<p><strong>Waldjugendspiele<\/strong><br \/>\nIn Zusammenarbeit mit dem Hegering werden j\u00e4hrlich \u201eWaldjugendspiele\u201c im 3. Jahrgang durchgef\u00fchrt. Im Unterricht werden die wichtigsten Waldtiere, B\u00e4ume und Verhaltensregeln erarbeitet. In kleinen Gruppen k\u00f6nnen die Kinder ihr Wissen dann an verschiedenen Stationen unter Beweis stellen. Diese Stationen werden von einigen engagierten Eltern betreut.<\/p>\n<p><strong>Welttag des Buches (Schreib- und Kreativwettbewerb)<\/strong>\u00a0 \u00a0 \u00a0 \u00a0 \u00a0 \u00a0 \u00a0 \u00a0 \u00a0 \u00a0 \u00a0 \u00a0 \u00a0 F\u00fcr die schulische Lesef\u00f6rderung sind die Aktionen rund um den Welttag des Buches von besonderer Bedeutung. Diese sollen den Kindern und Jugendlichen vor allem Freude am Lesen und an B\u00fcchern vermitteln. In diesem Sinne veranstalten der B\u00f6rsenverein des Deutschen Buchhandels und seine Mitglieder, der \u00f6rtliche Buchhandel, der cbj-Verlag, die Stiftung Lesen sowie die Deutsche Post AG und das ZDF seit 2007 eine Buch-Gutschein-Aktion: Bei einem Besuch einer teilnehmenden Buchhandlung k\u00f6nnen angemeldete Sch\u00fclerinnen und Sch\u00fcler der Jahrgangsstufe 4\u00a0 gegen Vorlage eines Buch-Gutscheins kostenlos ein Exemplar des Welttagbuchs &#8222;Ich schenk dir eine Geschichte&#8220; erhalten. Die Kosten f\u00fcr das Buch tr\u00e4gt die Buchhandlung.<\/p>\n<p><strong>Wettbewerbe\/ Aktionen<\/strong><br \/>\nDie Grundschule Esterwegen f\u00fchrt regelm\u00e4\u00dfig folgende Aktionen, Wettbewerbe durch:<br \/>\n\u2022\u00a0 \u00a0 Sportabzeichenaktion<br \/>\n\u2022\u00a0 \u00a0 Schulfu\u00dfball (Jugend trainiert f\u00fcr Olympia)<br \/>\n\u2022\u00a0 \u00a0 <a href=\"https:\/\/wordpress.nibis.de\/gsesterw\/l\/\">NTV-Schultennis-Cup (Low-T-Ball)<\/a><br \/>\n\u2022\u00a0 \u00a0 <a href=\"https:\/\/wordpress.nibis.de\/gsesterw\/k\/\">Klasse \u2013 Kids<\/a><br \/>\n\u2022\u00a0 \u00a0 <a href=\"https:\/\/wordpress.nibis.de\/gsesterw\/b\/\">Bundesjugendspiele<\/a><br \/>\n\u2022\u00a0 \u00a0 <a href=\"https:\/\/wordpress.nibis.de\/gsesterw\/s\/\">Skipping Hearts (Seilspringen macht Schule)<\/a><br \/>\n\u2022\u00a0 \u00a0 <a href=\"https:\/\/wordpress.nibis.de\/gsesterw\/k\/\">Klimaprojekt (Energieteamschulungen, Gr\u00fcne Meilen)<\/a><br \/>\n\u2022\u00a0 \u00a0 Waldjugendspiele<br \/>\n\u2022\u00a0 \u00a0 <a href=\"https:\/\/wordpress.nibis.de\/gsesterw\/abc-der-grundschule-esterwegen-a\/\">Antolin (Mit Lesen punkten)<\/a><br \/>\n\u2022\u00a0 \u00a0 Stiftung Lesen: Welttag des Buches<br \/>\n\u2022\u00a0 \u00a0 Kleine Alltagshelden<br \/>\n\u2022\u00a0 \u00a0 <a href=\"https:\/\/wordpress.nibis.de\/gsesterw\/g\/\">Aktion \u201eGelbe F\u00fc\u00dfe\u201c<\/a><br \/>\n\u2022\u00a0 \u00a0 <a href=\"https:\/\/wordpress.nibis.de\/gsesterw\/p\/\">Plattdeutscher Lesewettbewerb<\/a><br \/>\n\u2022\u00a0 \u00a0 <a href=\"https:\/\/wordpress.nibis.de\/gsesterw\/r\/\">Radfahrausbildung und -pr\u00fcfung<\/a><br \/>\n\u2022\u00a0 \u00a0 <a href=\"https:\/\/wordpress.nibis.de\/gsesterw\/k\/\">Kartoffelsammelaktion<\/a><\/p>\n<p>Zur\u00fcck zum\u00a0<a href=\"https:\/\/wordpress.nibis.de\/gsesterw\/abc-der-grundschule\/\">ABC der Grundschule<\/a>.<\/p>\n","protected":false},"excerpt":{"rendered":"<p>Waffen Laut Schulerlass ist das Mitbringen von Waffen, Munition und vergleichbaren Gegenst\u00e4nden sowie von Chemikalien in Schulen verboten. Waldjugendspiele In Zusammenarbeit mit dem Hegering werden j\u00e4hrlich \u201eWaldjugendspiele\u201c im 3. Jahrgang durchgef\u00fchrt. Im Unterricht werden die wichtigsten Waldtiere, B\u00e4ume und Verhaltensregeln erarbeitet. In kleinen Gruppen k\u00f6nnen die Kinder ihr Wissen dann an verschiedenen Stationen unter Beweis &hellip; <a href=\"https:\/\/wordpress.nibis.de\/gsesterw\/w\/\" class=\"more-link\"><span class=\"screen-reader-text\">W<\/span> weiterlesen <span class=\"meta-nav\">&rarr;<\/span><\/a><\/p>\n","protected":false},"author":9193300,"featured_media":0,"parent":0,"menu_order":0,"comment_status":"closed","ping_status":"closed","template":"","meta":{"footnotes":""},"class_list":["post-837","page","type-page","status-publish","hentry"],"_links":{"self":[{"href":"https:\/\/wordpress.nibis.de\/gsesterw\/wp-json\/wp\/v2\/pages\/837","targetHints":{"allow":["GET"]}}],"collection":[{"href":"https:\/\/wordpress.nibis.de\/gsesterw\/wp-json\/wp\/v2\/pages"}],"about":[{"href":"https:\/\/wordpress.nibis.de\/gsesterw\/wp-json\/wp\/v2\/types\/page"}],"author":[{"embeddable":true,"href":"https:\/\/wordpress.nibis.de\/gsesterw\/wp-json\/wp\/v2\/users\/9193300"}],"replies":[{"embeddable":true,"href":"https:\/\/wordpress.nibis.de\/gsesterw\/wp-json\/wp\/v2\/comments?post=837"}],"version-history":[{"count":6,"href":"https:\/\/wordpress.nibis.de\/gsesterw\/wp-json\/wp\/v2\/pages\/837\/revisions"}],"predecessor-version":[{"id":1746,"href":"https:\/\/wordpress.nibis.de\/gsesterw\/wp-json\/wp\/v2\/pages\/837\/revisions\/1746"}],"wp:attachment":[{"href":"https:\/\/wordpress.nibis.de\/gsesterw\/wp-json\/wp\/v2\/media?parent=837"}],"curies":[{"name":"wp","href":"https:\/\/api.w.org\/{rel}","templated":true}]}}