{"id":839,"date":"2021-05-25T14:25:24","date_gmt":"2021-05-25T12:25:24","guid":{"rendered":"https:\/\/wordpress.nibis.de\/gsesterw\/?page_id=839"},"modified":"2021-05-25T14:25:24","modified_gmt":"2021-05-25T12:25:24","slug":"z","status":"publish","type":"page","link":"https:\/\/wordpress.nibis.de\/gsesterw\/z\/","title":{"rendered":"Z"},"content":{"rendered":"<p><strong>Zeugnisse<\/strong><br \/>\nAm Ende des ersten Schuljahres erhalten die Sch\u00fcler am letzten Schultag vor den Sommerferien ihr erstes Zeugnis. Anschlie\u00dfend erhalten die Kinder halbj\u00e4hrlich ein Zeugnis. Im ersten und zweiten Schuljahr wird ein Berichtszeugnis erteilt. Es werden darin die F\u00e4higkeiten und Kenntnisse der Kinder beschrieben. Am Ende der Klasse 2 findet eine erste Versetzung statt. Ab Klasse 3 werden Noten erteilt. Auch Ende der Klasse 3 werden die Sch\u00fcler versetzt. Der Unterricht endet jeweils um 10.40 Uhr an den Tagen der Zeugnisausgabe.<\/p>\n<p><strong>Zusammenarbeit<\/strong><br \/>\nWir freuen uns, wenn Sie Zeit finden, an unserem Schulleben teilzunehmen und uns zu unterst\u00fctzen. Es gibt zahlreiche Gelegenheiten sich einzubringen, z. B. in den Schulgremien, als Begleitung bei Schulausfl\u00fcgen, Klassen- und Schulfesten usw. Wir w\u00fcnschen uns eine vertrauensvolle Zusammenarbeit zwischen Elternhaus und Schule, in der auch manchmal schwierige Dinge offen angesprochen und gemeinsam angegangen werden. Vertrauensvolle Zusammenarbeit ist die Grundlage f\u00fcr ein erfolgreiches Lernen.<\/p>\n<p>Zur\u00fcck zum\u00a0<a href=\"https:\/\/wordpress.nibis.de\/gsesterw\/abc-der-grundschule\/\">ABC der Grundschule<\/a>.<\/p>\n","protected":false},"excerpt":{"rendered":"<p>Zeugnisse Am Ende des ersten Schuljahres erhalten die Sch\u00fcler am letzten Schultag vor den Sommerferien ihr erstes Zeugnis. Anschlie\u00dfend erhalten die Kinder halbj\u00e4hrlich ein Zeugnis. Im ersten und zweiten Schuljahr wird ein Berichtszeugnis erteilt. Es werden darin die F\u00e4higkeiten und Kenntnisse der Kinder beschrieben. Am Ende der Klasse 2 findet eine erste Versetzung statt. Ab &hellip; <a href=\"https:\/\/wordpress.nibis.de\/gsesterw\/z\/\" class=\"more-link\"><span class=\"screen-reader-text\">Z<\/span> weiterlesen <span class=\"meta-nav\">&rarr;<\/span><\/a><\/p>\n","protected":false},"author":9193300,"featured_media":0,"parent":0,"menu_order":0,"comment_status":"closed","ping_status":"closed","template":"","meta":{"footnotes":""},"class_list":["post-839","page","type-page","status-publish","hentry"],"_links":{"self":[{"href":"https:\/\/wordpress.nibis.de\/gsesterw\/wp-json\/wp\/v2\/pages\/839","targetHints":{"allow":["GET"]}}],"collection":[{"href":"https:\/\/wordpress.nibis.de\/gsesterw\/wp-json\/wp\/v2\/pages"}],"about":[{"href":"https:\/\/wordpress.nibis.de\/gsesterw\/wp-json\/wp\/v2\/types\/page"}],"author":[{"embeddable":true,"href":"https:\/\/wordpress.nibis.de\/gsesterw\/wp-json\/wp\/v2\/users\/9193300"}],"replies":[{"embeddable":true,"href":"https:\/\/wordpress.nibis.de\/gsesterw\/wp-json\/wp\/v2\/comments?post=839"}],"version-history":[{"count":1,"href":"https:\/\/wordpress.nibis.de\/gsesterw\/wp-json\/wp\/v2\/pages\/839\/revisions"}],"predecessor-version":[{"id":840,"href":"https:\/\/wordpress.nibis.de\/gsesterw\/wp-json\/wp\/v2\/pages\/839\/revisions\/840"}],"wp:attachment":[{"href":"https:\/\/wordpress.nibis.de\/gsesterw\/wp-json\/wp\/v2\/media?parent=839"}],"curies":[{"name":"wp","href":"https:\/\/api.w.org\/{rel}","templated":true}]}}