{"id":84,"date":"2019-12-10T14:37:42","date_gmt":"2019-12-10T13:37:42","guid":{"rendered":"https:\/\/wordpress.nibis.de\/gsesterw\/?page_id=84"},"modified":"2025-12-08T15:09:08","modified_gmt":"2025-12-08T14:09:08","slug":"schulordnung","status":"publish","type":"page","link":"https:\/\/wordpress.nibis.de\/gsesterw\/schulordnung\/","title":{"rendered":"Schulordnung"},"content":{"rendered":"\n<p>So f\u00fchlen wir uns an unserer Schule wohl:<\/p>\n<p><strong>1. Wir gehen freundlich miteinander um!<\/strong><\/p>\n<ul>\n<li>Jeder nimmt R\u00fccksicht auf den anderen.<\/li>\n<li>Wir schlie\u00dfen niemanden aus der Gemeinschaft aus.<\/li>\n<li>Wir lassen uns gegenseitig ausreden.<\/li>\n<li>Niemand darf andere beleidigen.<\/li>\n<li>Niemand darf andere bedrohen oder k\u00f6rperlich angreifen.<\/li>\n<li>Wir wechseln uns bei der Benutzung der Spielger\u00e4te ab.<\/li>\n<li>Fremdes Eigentum darf nicht versteckt, besch\u00e4digt oder gestohlen werden.<\/li>\n<\/ul>\n<p><strong>2. Wir sind eine Gemeinschaft!<\/strong><\/p>\n<ul>\n<li>Wir alle geh\u00f6ren zur Grundschule Esterwegen: die Sch\u00fclerinnen und Sch\u00fcler, alle Besch\u00e4ftigten der GS Esterwegen und auch die Eltern\/ Erziehungsberechtigten sowie Angeh\u00f6rigen der Sch\u00fclerinnen und Sch\u00fcler!<\/li>\n<li>Wir sind alle verscheiden und respektieren dies.<\/li>\n<li>Wir geh\u00f6ren zusammen, auch wenn jemand anders aussieht oder aus einem anderen Land kommt.<\/li>\n<li>Wir alle wollen gemeinsam lernen, arbeiten und Spa\u00df haben. Alle haben das gleiche Recht dazu. Niemand darf andere daran hindern, dieses Recht in Anspruch zu nehmen.\u00a0<\/li>\n<li>Wir nehmen R\u00fccksicht aufeinander. Keiner darf etwas tun, das anderen den Spa\u00df verdirbt, sie st\u00f6rt oder in Gefahr bringt.<\/li>\n<li>Jeder hat Verantwortung f\u00fcr das friedliche Miteinander an unserer Grundschule.<\/li>\n<li>Wir achten aufeinander und helfen uns gegenseitig.<\/li>\n<li>Wir l\u00f6sen Probleme miteinander ohne Gewalt.<\/li>\n<li>Wir sagen &#8222;Stopp&#8220;, wenn wir etwas nicht m\u00f6chten.<\/li>\n<li>Wir holen Hilfe bei Erwachsenen, wenn wir es nicht alleine schaffen.<\/li>\n<\/ul>\n<p><strong>3. Wir sorgen f\u00fcr einen geordneten Schultag!<\/strong><\/p>\n<ul>\n<li>Wir kommen p\u00fcnktlich zur Schule.<\/li>\n<li>Beim ersten Klingeln stellen wir uns auf unserem Klassen-Aufstellplatz auf.<\/li>\n<li>Nach dem Betreten des Schulgeb\u00e4udes h\u00e4ngen wir unsere Jacken und Sportbeutel an die Garderobenhaken des Klassenraums und setzen uns in Ruhe auf unsere Pl\u00e4tze.<\/li>\n<li>Sollte in der ersten Stunde Fachunterricht (Sport, Werken, Textil, Musik) stattfinden, warten wir an unserem Aufstellplatz auf unsere Lehrkraft. Danach stellen wir die Schultaschen in die Ablagef\u00e4cher und begeben uns mit dem Sportbeutel bzw. den Arbeitsmaterialien auf den Aufstellplatz.<\/li>\n<li>Wir bringen jeden Tag unser Arbeitsmaterial vollst\u00e4ndig mit.<\/li>\n<li>Wir gehen sorgf\u00e4ltig mit Arbeitsmaterialien, Spielen und Spielger\u00e4ten um.\u00a0<\/li>\n<li>Wir sorgen f\u00fcr eine ruhige Arbeitsatmosph\u00e4re.<\/li>\n<li>Spielzeug, Sammelkarten usw. lassen wir zu Hause.<\/li>\n<li>Wir fr\u00fchst\u00fccken gemeinsam in der Klasse.<\/li>\n<li>Mit Beginn der Pause gehen wir ruhig und langsam, aber ohne Verz\u00f6gerung, auf den Schulhof.<\/li>\n<li>Wir verbringen die Pausen auf dem Schulhof und verlassen diesen nur \u00a0mit Erlaubnis der Lehrkr\u00e4fte. Im Wald und auf der Stra\u00dfe d\u00fcrfen wir nicht spielen.\u00a0<\/li>\n<li>Beim ersten Klingeln stellen wir uns auf dem Aufstellplatz auf und warten auf unsere Lehrkraft. Dann gehen wir geordnet in den Klassenraum und setzen uns an unsere Tische.\u00a0<\/li>\n<li>Wir toben und rennen nicht auf dem Flur oder im Treppenhaus.<\/li>\n<li>Beginnt der Fachunterricht (Sport, Werken, Textil, Musik) nach einer gro\u00dfen Pause, legen wir vor der gro\u00dfen Pause unsere Sportbeutel oder Arbeitsmaterialien in die Ablagef\u00e4cher und gehen anschlie\u00dfend auf den Schulhof. Nach der Pause warten wir &#8211; wie gewohnt &#8211; auf dem Aufstellplatz, bis die Lehrkraft uns abholt, und nehmen anschlie\u00dfend unsere Sportbeutel und Arbeitsmaterialien aus den Ablagef\u00e4chern.<\/li>\n<li>In der Regenpause bleiben wir alle mit unserer Lehrkraft im Klassenraum.<\/li>\n<\/ul>\n<p><strong>4. Wir achten und sch\u00fctzen unsere Schule!<\/strong><\/p>\n<ul>\n<li>Wir halten unseren Klassenraum, Nebenr\u00e4ume und den Schulhof sauber.<\/li>\n<li>Wir behandeln unsere Schulm\u00f6bel pfleglich.<\/li>\n<li>Wenn wir Sch\u00e4den entdecken, informieren wir eine Lehrkraft.<\/li>\n<li>Wir achten besonders in den Toiletten auf Sauberkeit.<\/li>\n<\/ul>\n<p><strong>5. Wir sch\u00fctzen unsere Umwelt und Gesundheit!<\/strong><\/p>\n<ul>\n<li>Wir helfen mit, Energie zu sparen (Licht, Heizung, Wasser).<\/li>\n<li>Wir vermeiden M\u00fcll.<\/li>\n<li>Wir werfen M\u00fcll in den richtigen Beh\u00e4lter.<\/li>\n<li>Wir verwenden f\u00fcr unser <em>gesundes<\/em> Schulfr\u00fchst\u00fcck Brotdosen und Trinkflaschen.<\/li>\n<li>Wir achten Pflanzen und Tiere.<\/li>\n<\/ul>\n<h5>\u00a0<\/h5>\n<p>\u00a0<\/p>\n<p>\u00a0<\/p>\n<p>\u00a0<\/p>\n","protected":false},"excerpt":{"rendered":"<p>So f\u00fchlen wir uns an unserer Schule wohl: 1. Wir gehen freundlich miteinander um! Jeder nimmt R\u00fccksicht auf den anderen. Wir schlie\u00dfen niemanden aus der Gemeinschaft aus. Wir lassen uns gegenseitig ausreden. Niemand darf andere beleidigen. Niemand darf andere bedrohen oder k\u00f6rperlich angreifen. Wir wechseln uns bei der Benutzung der Spielger\u00e4te ab. Fremdes Eigentum darf &hellip; <a href=\"https:\/\/wordpress.nibis.de\/gsesterw\/schulordnung\/\" class=\"more-link\"><span class=\"screen-reader-text\">Schulordnung<\/span> weiterlesen <span class=\"meta-nav\">&rarr;<\/span><\/a><\/p>\n","protected":false},"author":9193300,"featured_media":0,"parent":0,"menu_order":0,"comment_status":"closed","ping_status":"closed","template":"","meta":{"footnotes":""},"class_list":["post-84","page","type-page","status-publish","hentry"],"_links":{"self":[{"href":"https:\/\/wordpress.nibis.de\/gsesterw\/wp-json\/wp\/v2\/pages\/84","targetHints":{"allow":["GET"]}}],"collection":[{"href":"https:\/\/wordpress.nibis.de\/gsesterw\/wp-json\/wp\/v2\/pages"}],"about":[{"href":"https:\/\/wordpress.nibis.de\/gsesterw\/wp-json\/wp\/v2\/types\/page"}],"author":[{"embeddable":true,"href":"https:\/\/wordpress.nibis.de\/gsesterw\/wp-json\/wp\/v2\/users\/9193300"}],"replies":[{"embeddable":true,"href":"https:\/\/wordpress.nibis.de\/gsesterw\/wp-json\/wp\/v2\/comments?post=84"}],"version-history":[{"count":9,"href":"https:\/\/wordpress.nibis.de\/gsesterw\/wp-json\/wp\/v2\/pages\/84\/revisions"}],"predecessor-version":[{"id":1796,"href":"https:\/\/wordpress.nibis.de\/gsesterw\/wp-json\/wp\/v2\/pages\/84\/revisions\/1796"}],"wp:attachment":[{"href":"https:\/\/wordpress.nibis.de\/gsesterw\/wp-json\/wp\/v2\/media?parent=84"}],"curies":[{"name":"wp","href":"https:\/\/api.w.org\/{rel}","templated":true}]}}