{"id":858,"date":"2021-06-16T13:40:03","date_gmt":"2021-06-16T11:40:03","guid":{"rendered":"https:\/\/wordpress.nibis.de\/gsesterw\/?page_id=858"},"modified":"2021-11-30T15:12:32","modified_gmt":"2021-11-30T14:12:32","slug":"pressespiegel","status":"publish","type":"page","link":"https:\/\/wordpress.nibis.de\/gsesterw\/pressespiegel\/","title":{"rendered":"Pressespiegel"},"content":{"rendered":"<p>Auf dieser Seite erhalten Sie Einblick in aktuelle Zeitungsartikel, in denen \u00fcber unsere Grundschule berichtet wird. Mit einem einfachen Klick auf die Artikel, k\u00f6nnen Sie sich diese n\u00e4her anschauen.<\/p>\n<p>Viel Spa\u00df beim Lesen! \ud83d\ude42<\/p>\n<h6>Bericht vom 18.11.2021:<\/h6>\n<p><em>Sportger\u00e4te f\u00fcr 250 000 Euro<\/em><\/p>\n<p><a href=\"https:\/\/wordpress.nibis.de\/gsesterw\/files\/2021\/11\/neuer-Schulhof-1.jpg\"><img loading=\"lazy\" decoding=\"async\" class=\"aligncenter wp-image-1057 size-full\" src=\"https:\/\/wordpress.nibis.de\/gsesterw\/files\/2021\/11\/neuer-Schulhof-1.jpg\" alt=\"\" width=\"745\" height=\"660\" \/><\/a><\/p>\n<p><strong>Bericht vom 14.04.2021:<\/strong><\/p>\n<p><em>Auf Tuchf\u00fchlung mit K\u00fcken und L\u00e4mmern<\/em><\/p>\n<p><a href=\"https:\/\/wordpress.nibis.de\/gsesterw\/files\/2021\/06\/Bericht-14.04.2021.jpg\"><img loading=\"lazy\" decoding=\"async\" class=\"aligncenter wp-image-861 size-full\" src=\"https:\/\/wordpress.nibis.de\/gsesterw\/files\/2021\/06\/Bericht-14.04.2021.jpg\" alt=\"\" width=\"1267\" height=\"807\" srcset=\"https:\/\/wordpress.nibis.de\/gsesterw\/files\/2021\/06\/Bericht-14.04.2021.jpg 1267w, https:\/\/wordpress.nibis.de\/gsesterw\/files\/2021\/06\/Bericht-14.04.2021-768x489.jpg 768w\" sizes=\"auto, (max-width: 1267px) 100vw, 1267px\" \/><\/a><\/p>\n<p><strong>Bericht vom\u00a0 29.03.2021:<\/strong><\/p>\n<p><em>Larissa B\u00f6hmer k\u00fcmmert sich im ihre Mitsch\u00fcler<\/em><\/p>\n<p><a href=\"https:\/\/wordpress.nibis.de\/gsesterw\/files\/2021\/06\/Bericht-29.03.21.jpg\"><img loading=\"lazy\" decoding=\"async\" class=\"aligncenter wp-image-860 size-full\" src=\"https:\/\/wordpress.nibis.de\/gsesterw\/files\/2021\/06\/Bericht-29.03.21.jpg\" alt=\"\" width=\"644\" height=\"896\" \/><\/a><\/p>\n","protected":false},"excerpt":{"rendered":"<p>Auf dieser Seite erhalten Sie Einblick in aktuelle Zeitungsartikel, in denen \u00fcber unsere Grundschule berichtet wird. Mit einem einfachen Klick auf die Artikel, k\u00f6nnen Sie sich diese n\u00e4her anschauen. Viel Spa\u00df beim Lesen! \ud83d\ude42 Bericht vom 18.11.2021: Sportger\u00e4te f\u00fcr 250 000 Euro Bericht vom 14.04.2021: Auf Tuchf\u00fchlung mit K\u00fcken und L\u00e4mmern Bericht vom\u00a0 29.03.2021: Larissa &hellip; <a href=\"https:\/\/wordpress.nibis.de\/gsesterw\/pressespiegel\/\" class=\"more-link\"><span class=\"screen-reader-text\">Pressespiegel<\/span> weiterlesen <span class=\"meta-nav\">&rarr;<\/span><\/a><\/p>\n","protected":false},"author":9193300,"featured_media":0,"parent":0,"menu_order":0,"comment_status":"closed","ping_status":"closed","template":"","meta":{"footnotes":""},"class_list":["post-858","page","type-page","status-publish","hentry"],"_links":{"self":[{"href":"https:\/\/wordpress.nibis.de\/gsesterw\/wp-json\/wp\/v2\/pages\/858","targetHints":{"allow":["GET"]}}],"collection":[{"href":"https:\/\/wordpress.nibis.de\/gsesterw\/wp-json\/wp\/v2\/pages"}],"about":[{"href":"https:\/\/wordpress.nibis.de\/gsesterw\/wp-json\/wp\/v2\/types\/page"}],"author":[{"embeddable":true,"href":"https:\/\/wordpress.nibis.de\/gsesterw\/wp-json\/wp\/v2\/users\/9193300"}],"replies":[{"embeddable":true,"href":"https:\/\/wordpress.nibis.de\/gsesterw\/wp-json\/wp\/v2\/comments?post=858"}],"version-history":[{"count":5,"href":"https:\/\/wordpress.nibis.de\/gsesterw\/wp-json\/wp\/v2\/pages\/858\/revisions"}],"predecessor-version":[{"id":1059,"href":"https:\/\/wordpress.nibis.de\/gsesterw\/wp-json\/wp\/v2\/pages\/858\/revisions\/1059"}],"wp:attachment":[{"href":"https:\/\/wordpress.nibis.de\/gsesterw\/wp-json\/wp\/v2\/media?parent=858"}],"curies":[{"name":"wp","href":"https:\/\/api.w.org\/{rel}","templated":true}]}}