{"id":108,"date":"2024-04-11T19:43:38","date_gmt":"2024-04-11T17:43:38","guid":{"rendered":"https:\/\/wordpress.nibis.de\/gsestorf\/?page_id=108"},"modified":"2024-05-13T16:39:14","modified_gmt":"2024-05-13T14:39:14","slug":"gesundheitserziehung","status":"publish","type":"page","link":"https:\/\/wordpress.nibis.de\/gsestorf\/gesundheitserziehung\/","title":{"rendered":"Gesundheitserziehung"},"content":{"rendered":"\n<p>Die F\u00f6rderung des Gesundheitsbewusstseins der Sch\u00fclerinnen und Sch\u00fcler bildet neben vielen anderen Bereichen einen wesentlichen Schwerpunkt des Erziehungskonzeptes der Grundschule Estorf.<\/p>\n\n\n\n<p>Dazu geh\u00f6ren u. a. folgende Aktivit\u00e4ten:<\/p>\n\n\n\n<ul class=\"wp-block-list\"><li>Gemeinsames Schulfr\u00fchst\u00fcck (einmal im Monat von Eltern zubereitet)<\/li><li>Teilnahme am Schulobst- und Schulmilchprogramm des Landes Niedersachsen (Bereitstellung von kostenlosem Obst und kostenloser Milch f\u00fcr alle Schulkinder)<\/li><li>\u00a0\u201eZuckerarme Schule\u201c: Wir achten darauf, dass die Kinder ein m\u00f6glichst gesundes Fr\u00fchst\u00fcck mitbringen.<\/li><li>Projekttag &#8222;Mehr bewegen &#8211; besser essen&#8220; (im 3. Schuljahr)<\/li><li>Projekttag &#8222;Skipping Hearts&#8220; (im 3. Schuljahr)<\/li><\/ul>\n\n\n\n<p><\/p>\n\n\n\n<p>Eng verkn\u00fcpft mit der Bildung des Gesundheitsbewusstseins f\u00f6rdern wir die Pers\u00f6nlichkeitsentwicklung der Kinder u. a. dadurch, dass wir mit au\u00dferschulischen Experten zusammenarbeiten:<\/p>\n\n\n\n<ul class=\"wp-block-list\"><li>Gewaltpr\u00e4ventationskurse mit dem Polizeikommissar Jens Mollenhauer aus Hamburg (im 2. und 4. Schuljahr)<\/li><li>Notfalltraining mit dem Rettungsassistenten Frank Risy (im 2. und 4. Schuljahr)<\/li><li>Theaterst\u00fcck gegen sexuelle Gewalt \u201eSascha \u2013 bis hierhin und nicht weiter\u2026\u201c gespielt vom Holzwurm-Theater aus Winsen (3. oder 4. Schuljahr)<\/li><\/ul>\n\n\n\n<p><\/p>\n","protected":false},"excerpt":{"rendered":"<p>Die F\u00f6rderung des Gesundheitsbewusstseins der Sch\u00fclerinnen und Sch\u00fcler bildet neben vielen anderen Bereichen einen wesentlichen Schwerpunkt des Erziehungskonzeptes der Grundschule Estorf. Dazu geh\u00f6ren u. a. folgende Aktivit\u00e4ten: Gemeinsames Schulfr\u00fchst\u00fcck (einmal im Monat von Eltern zubereitet) Teilnahme am Schulobst- und Schulmilchprogramm des Landes Niedersachsen (Bereitstellung von kostenlosem Obst und kostenloser Milch f\u00fcr alle Schulkinder) \u00a0\u201eZuckerarme Schule\u201c: Wir achten darauf, dass die Kinder ein m\u00f6glichst gesundes Fr\u00fchst\u00fcck mitbringen. Projekttag &#8222;Mehr bewegen &#8211; besser essen&#8220; (im 3. Schuljahr) Projekttag &#8222;Skipping Hearts&#8220; (im 3&#8230;.<\/p>\n<p class=\"read-more\"><a class=\"btn btn-default\" href=\"https:\/\/wordpress.nibis.de\/gsestorf\/gesundheitserziehung\/\">Weiterlesen<span class=\"screen-reader-text\"> Weiterlesen<\/span><\/a><\/p>\n","protected":false},"author":9193405,"featured_media":0,"parent":0,"menu_order":0,"comment_status":"closed","ping_status":"closed","template":"","meta":{"footnotes":""},"class_list":["post-108","page","type-page","status-publish","hentry"],"_links":{"self":[{"href":"https:\/\/wordpress.nibis.de\/gsestorf\/wp-json\/wp\/v2\/pages\/108","targetHints":{"allow":["GET"]}}],"collection":[{"href":"https:\/\/wordpress.nibis.de\/gsestorf\/wp-json\/wp\/v2\/pages"}],"about":[{"href":"https:\/\/wordpress.nibis.de\/gsestorf\/wp-json\/wp\/v2\/types\/page"}],"author":[{"embeddable":true,"href":"https:\/\/wordpress.nibis.de\/gsestorf\/wp-json\/wp\/v2\/users\/9193405"}],"replies":[{"embeddable":true,"href":"https:\/\/wordpress.nibis.de\/gsestorf\/wp-json\/wp\/v2\/comments?post=108"}],"version-history":[{"count":6,"href":"https:\/\/wordpress.nibis.de\/gsestorf\/wp-json\/wp\/v2\/pages\/108\/revisions"}],"predecessor-version":[{"id":184,"href":"https:\/\/wordpress.nibis.de\/gsestorf\/wp-json\/wp\/v2\/pages\/108\/revisions\/184"}],"wp:attachment":[{"href":"https:\/\/wordpress.nibis.de\/gsestorf\/wp-json\/wp\/v2\/media?parent=108"}],"curies":[{"name":"wp","href":"https:\/\/api.w.org\/{rel}","templated":true}]}}