{"id":111,"date":"2024-04-11T19:44:23","date_gmt":"2024-04-11T17:44:23","guid":{"rendered":"https:\/\/wordpress.nibis.de\/gsestorf\/?page_id=111"},"modified":"2024-04-11T19:44:23","modified_gmt":"2024-04-11T17:44:23","slug":"soziales-lernen","status":"publish","type":"page","link":"https:\/\/wordpress.nibis.de\/gsestorf\/soziales-lernen\/","title":{"rendered":"Soziales Lernen"},"content":{"rendered":"\n<p><strong>Die WIR- Stunde (Sozialtraining)<\/strong><\/p>\n\n\n\n<p>In der Grundschule Estorf wird seit 2008 eine Stunde in der Woche verwendet, um unter anderem Toleranz, Kooperationsbereitschaft, Konfliktf\u00e4higkeit und Selbstreflexion des eigenen Verhaltens zu lernen. Es werden Konflikte aus dem Schulalltag, aber auch allgemeinere Sorgen und \u00c4ngste thematisiert und in der Gemeinschaft besprochen und aufgearbeitet. Die Wir-Stunde soll den Kindern helfen, ihre eigenen Bed\u00fcrfnisse kennenzulernen und zu \u00e4u\u00dfern, aber auch auf die Bed\u00fcrfnisse der anderen zu achten.<\/p>\n\n\n\n<p><strong>Sch\u00fclerrat<\/strong><\/p>\n\n\n\n<p>Unser Sch\u00fclerrat setzt sich aus allen gew\u00e4hlten Klassensprechern der einzelnen Klassen zusammen. Es werden Probleme und W\u00fcnsche der Sch\u00fclerschaft besprochen und gemeinsam wird nach L\u00f6sungen gesucht. Durch die anwesende Lehrerin werden alle Gedanken der Sch\u00fcler auch im Kollegium besprochen und soweit es geht nach L\u00f6sungen bzw. Umsetzungsm\u00f6glichkeiten gesucht. Der Sch\u00fclerrat ist ein wesentlicher Bestandteil des demokratischen und somit auch sozialen Lernens.<\/p>\n","protected":false},"excerpt":{"rendered":"<p>Die WIR- Stunde (Sozialtraining) In der Grundschule Estorf wird seit 2008 eine Stunde in der Woche verwendet, um unter anderem Toleranz, Kooperationsbereitschaft, Konfliktf\u00e4higkeit und Selbstreflexion des eigenen Verhaltens zu lernen. Es werden Konflikte aus dem Schulalltag, aber auch allgemeinere Sorgen und \u00c4ngste thematisiert und in der Gemeinschaft besprochen und aufgearbeitet. Die Wir-Stunde soll den Kindern helfen, ihre eigenen Bed\u00fcrfnisse kennenzulernen und zu \u00e4u\u00dfern, aber auch auf die Bed\u00fcrfnisse der anderen zu achten. Sch\u00fclerrat Unser Sch\u00fclerrat setzt sich aus allen gew\u00e4hlten&#8230;<\/p>\n<p class=\"read-more\"><a class=\"btn btn-default\" href=\"https:\/\/wordpress.nibis.de\/gsestorf\/soziales-lernen\/\">Weiterlesen<span class=\"screen-reader-text\"> Weiterlesen<\/span><\/a><\/p>\n","protected":false},"author":9193405,"featured_media":0,"parent":0,"menu_order":0,"comment_status":"closed","ping_status":"closed","template":"","meta":{"footnotes":""},"class_list":["post-111","page","type-page","status-publish","hentry"],"_links":{"self":[{"href":"https:\/\/wordpress.nibis.de\/gsestorf\/wp-json\/wp\/v2\/pages\/111","targetHints":{"allow":["GET"]}}],"collection":[{"href":"https:\/\/wordpress.nibis.de\/gsestorf\/wp-json\/wp\/v2\/pages"}],"about":[{"href":"https:\/\/wordpress.nibis.de\/gsestorf\/wp-json\/wp\/v2\/types\/page"}],"author":[{"embeddable":true,"href":"https:\/\/wordpress.nibis.de\/gsestorf\/wp-json\/wp\/v2\/users\/9193405"}],"replies":[{"embeddable":true,"href":"https:\/\/wordpress.nibis.de\/gsestorf\/wp-json\/wp\/v2\/comments?post=111"}],"version-history":[{"count":1,"href":"https:\/\/wordpress.nibis.de\/gsestorf\/wp-json\/wp\/v2\/pages\/111\/revisions"}],"predecessor-version":[{"id":112,"href":"https:\/\/wordpress.nibis.de\/gsestorf\/wp-json\/wp\/v2\/pages\/111\/revisions\/112"}],"wp:attachment":[{"href":"https:\/\/wordpress.nibis.de\/gsestorf\/wp-json\/wp\/v2\/media?parent=111"}],"curies":[{"name":"wp","href":"https:\/\/api.w.org\/{rel}","templated":true}]}}