{"id":115,"date":"2024-04-11T19:45:27","date_gmt":"2024-04-11T17:45:27","guid":{"rendered":"https:\/\/wordpress.nibis.de\/gsestorf\/?page_id=115"},"modified":"2024-05-13T16:45:14","modified_gmt":"2024-05-13T14:45:14","slug":"lesestube","status":"publish","type":"page","link":"https:\/\/wordpress.nibis.de\/gsestorf\/lesestube\/","title":{"rendered":"Lesestube"},"content":{"rendered":"\n<p>Wir haben an unserer Schule im 1. OG neben der Aula eine Lesestube. Diese ist eine Zweigstelle der \u00f6ffentlichen Samtgemeindeb\u00fccherei im Schulzentrum Oldendorf. <\/p>\n\n\n\n<p>Die Leser haben die M\u00f6glichkeit, im Internet unter <\/p>\n\n\n\n<p><a href=\"https:\/\/bibkataloge.de\/oldendorf\/webopac\/desktop\/start.aspx\">https:\/\/bibkataloge.de\/oldendorf\/webopac\/desktop\/start.aspx<\/a>&nbsp;<\/p>\n\n\n\n<p>mit ihrer Leserausweis-Nr. und ihrem Geburtstag (JJJJMMTT) den Katalog der Bibliothek Oldendorf und der Lesestube Estorf sowie ihr eigenes Konto einzusehen. Die Leser k\u00f6nnen die B\u00fccher auch selbst verl\u00e4ngern oder das gew\u00fcnschte Buch vormerken. Unsere Bibliothek nimmt seit 2010 an dem Projekt \u201eLesestart Niedersachsen\u201c teil. Weitere Informationen finden Sie unter&nbsp;<a href=\"http:\/\/www.lesestart.de\/\">www.lesestart.de<\/a>.<\/p>\n\n\n\n<p><\/p>\n\n\n\n<p class=\"has-text-align-center\"><strong>\u00d6ffnungszeiten der Lesestube<\/strong>:<\/p>\n\n\n\n<p class=\"has-text-align-center\">Montag 9.35 \u2013 10.00 Uhr<\/p>\n\n\n\n<p class=\"has-text-align-center\">Donnerstag 9.35 \u2013 10.00 Uhr und 15.00 \u2013 16.00 Uhr<\/p>\n","protected":false},"excerpt":{"rendered":"<p>Wir haben an unserer Schule im 1. OG neben der Aula eine Lesestube. Diese ist eine Zweigstelle der \u00f6ffentlichen Samtgemeindeb\u00fccherei im Schulzentrum Oldendorf. Die Leser haben die M\u00f6glichkeit, im Internet unter https:\/\/bibkataloge.de\/oldendorf\/webopac\/desktop\/start.aspx&nbsp; mit ihrer Leserausweis-Nr. und ihrem Geburtstag (JJJJMMTT) den Katalog der Bibliothek Oldendorf und der Lesestube Estorf sowie ihr eigenes Konto einzusehen. Die Leser k\u00f6nnen die B\u00fccher auch selbst verl\u00e4ngern oder das gew\u00fcnschte Buch vormerken. Unsere Bibliothek nimmt seit 2010 an dem Projekt \u201eLesestart Niedersachsen\u201c teil. Weitere Informationen finden&#8230;<\/p>\n<p class=\"read-more\"><a class=\"btn btn-default\" href=\"https:\/\/wordpress.nibis.de\/gsestorf\/lesestube\/\">Weiterlesen<span class=\"screen-reader-text\"> Weiterlesen<\/span><\/a><\/p>\n","protected":false},"author":9193405,"featured_media":0,"parent":0,"menu_order":0,"comment_status":"closed","ping_status":"closed","template":"","meta":{"footnotes":""},"class_list":["post-115","page","type-page","status-publish","hentry"],"_links":{"self":[{"href":"https:\/\/wordpress.nibis.de\/gsestorf\/wp-json\/wp\/v2\/pages\/115","targetHints":{"allow":["GET"]}}],"collection":[{"href":"https:\/\/wordpress.nibis.de\/gsestorf\/wp-json\/wp\/v2\/pages"}],"about":[{"href":"https:\/\/wordpress.nibis.de\/gsestorf\/wp-json\/wp\/v2\/types\/page"}],"author":[{"embeddable":true,"href":"https:\/\/wordpress.nibis.de\/gsestorf\/wp-json\/wp\/v2\/users\/9193405"}],"replies":[{"embeddable":true,"href":"https:\/\/wordpress.nibis.de\/gsestorf\/wp-json\/wp\/v2\/comments?post=115"}],"version-history":[{"count":7,"href":"https:\/\/wordpress.nibis.de\/gsestorf\/wp-json\/wp\/v2\/pages\/115\/revisions"}],"predecessor-version":[{"id":186,"href":"https:\/\/wordpress.nibis.de\/gsestorf\/wp-json\/wp\/v2\/pages\/115\/revisions\/186"}],"wp:attachment":[{"href":"https:\/\/wordpress.nibis.de\/gsestorf\/wp-json\/wp\/v2\/media?parent=115"}],"curies":[{"name":"wp","href":"https:\/\/api.w.org\/{rel}","templated":true}]}}