{"id":56,"date":"2024-04-11T17:25:02","date_gmt":"2024-04-11T15:25:02","guid":{"rendered":"https:\/\/wordpress.nibis.de\/gsestorf\/?page_id=56"},"modified":"2025-08-09T14:08:59","modified_gmt":"2025-08-09T12:08:59","slug":"lehrkraefte-paedagogische-mitarbeiterinnen","status":"publish","type":"page","link":"https:\/\/wordpress.nibis.de\/gsestorf\/lehrkraefte-paedagogische-mitarbeiterinnen\/","title":{"rendered":"Lehrkr\u00e4fte &amp; P\u00e4dagogische Mitarbeiterinnen"},"content":{"rendered":"\n<figure class=\"wp-block-table\"><table><tbody><tr><td>Nina Heptner<\/td><td>Schulleiterin<\/td><td><\/td><\/tr><tr><td>Vicki Rathmann<\/td><td>Klassenlehrerin<\/td><td>Klasse 1<\/td><\/tr><tr><td>Katharina Koppatz<\/td><td>Klassenlehrerin<\/td><td>Klasse 2a<\/td><\/tr><tr><td>Sophia Peters<\/td><td>Klassenlehrerin <\/td><td>Klasse 2b<\/td><\/tr><tr><td>Vicki Rathmann<\/td><td>Klassenlehrerin<\/td><td>Klasse 3a<\/td><\/tr><tr><td>Rixa Spreckels<\/td><td>Klassenlehrerin<\/td><td>Klasse 3b<\/td><\/tr><tr><td>Christin Dethlefs<\/td><td>Klassenlehrerin<\/td><td>Klasse 4<\/td><\/tr><tr><td>Helena W\u00f6ltge<\/td><td>Fachlehrerin<\/td><td><\/td><\/tr><tr><td>Henrike B\u00f6rtitz<\/td><td>F\u00f6rderschullehrerin<\/td><td><\/td><\/tr><tr><td>Katja Zimmer<\/td><td>Schulsozialarbeiterin<\/td><td><\/td><\/tr><tr><td>Swenja Andres<\/td><td>Sekret\u00e4rin &amp; P\u00e4dagogische Mitarbeiterin<\/td><td><\/td><\/tr><tr><td>Vera Joost<\/td><td>P\u00e4dagogische Mitarbeiterin<\/td><td><\/td><\/tr><tr><td><\/td><td><\/td><td><\/td><\/tr><\/tbody><\/table><\/figure>\n\n\n\n<hr class=\"wp-block-separator is-style-wide\" \/>\n","protected":false},"excerpt":{"rendered":"<p>Nina Heptner Schulleiterin Vicki Rathmann Klassenlehrerin Klasse 1 Katharina Koppatz Klassenlehrerin Klasse 2a Sophia Peters Klassenlehrerin Klasse 2b Vicki Rathmann Klassenlehrerin Klasse 3a Rixa Spreckels Klassenlehrerin Klasse 3b Christin Dethlefs Klassenlehrerin Klasse 4 Helena W\u00f6ltge Fachlehrerin Henrike B\u00f6rtitz F\u00f6rderschullehrerin Katja Zimmer Schulsozialarbeiterin Swenja Andres Sekret\u00e4rin &amp; P\u00e4dagogische Mitarbeiterin Vera Joost P\u00e4dagogische Mitarbeiterin<\/p>\n","protected":false},"author":9193405,"featured_media":0,"parent":0,"menu_order":0,"comment_status":"closed","ping_status":"closed","template":"","meta":{"footnotes":""},"class_list":["post-56","page","type-page","status-publish","hentry"],"_links":{"self":[{"href":"https:\/\/wordpress.nibis.de\/gsestorf\/wp-json\/wp\/v2\/pages\/56","targetHints":{"allow":["GET"]}}],"collection":[{"href":"https:\/\/wordpress.nibis.de\/gsestorf\/wp-json\/wp\/v2\/pages"}],"about":[{"href":"https:\/\/wordpress.nibis.de\/gsestorf\/wp-json\/wp\/v2\/types\/page"}],"author":[{"embeddable":true,"href":"https:\/\/wordpress.nibis.de\/gsestorf\/wp-json\/wp\/v2\/users\/9193405"}],"replies":[{"embeddable":true,"href":"https:\/\/wordpress.nibis.de\/gsestorf\/wp-json\/wp\/v2\/comments?post=56"}],"version-history":[{"count":9,"href":"https:\/\/wordpress.nibis.de\/gsestorf\/wp-json\/wp\/v2\/pages\/56\/revisions"}],"predecessor-version":[{"id":217,"href":"https:\/\/wordpress.nibis.de\/gsestorf\/wp-json\/wp\/v2\/pages\/56\/revisions\/217"}],"wp:attachment":[{"href":"https:\/\/wordpress.nibis.de\/gsestorf\/wp-json\/wp\/v2\/media?parent=56"}],"curies":[{"name":"wp","href":"https:\/\/api.w.org\/{rel}","templated":true}]}}