{"id":61,"date":"2024-04-11T17:36:56","date_gmt":"2024-04-11T15:36:56","guid":{"rendered":"https:\/\/wordpress.nibis.de\/gsestorf\/?page_id=61"},"modified":"2024-05-13T16:53:45","modified_gmt":"2024-05-13T14:53:45","slug":"leitbild","status":"publish","type":"page","link":"https:\/\/wordpress.nibis.de\/gsestorf\/leitbild\/","title":{"rendered":"Leitbild"},"content":{"rendered":"\n<p class=\"has-text-align-center\"><strong>Unsere Gr\u00f6\u00dfe ist unsere St\u00e4rke!<\/strong><\/p>\n\n\n\n<p><strong>Regionaler Bezug<\/strong><\/p>\n\n\n\n<p>Die Grundschule Estorf bietet ca. 100 Sch\u00fclerinnen und Sch\u00fclern aus den Gemeinden Estorf und Kranenburg viel Raum zum Lernen, Spielen und Wachsen. Estorf geh\u00f6rt zur Samtgemeinde Oldendorf-Himmelpforten und liegt zwischen Stade und Bremerv\u00f6rde. Diese l\u00e4ndliche Umgebung erm\u00f6glicht uns eine Vielzahl au\u00dferschulischer Lernorte.<\/p>\n\n\n\n<p><\/p>\n\n\n\n<p class=\"has-text-align-center\"><strong>Leits\u00e4tze<\/strong><\/p>\n\n\n\n<p><strong>1. Leitsatz:&nbsp;Wir sch\u00e4tzen an unserer famili\u00e4ren Schule das vertrauensvolle Miteinander.<\/strong><\/p>\n\n\n\n<p>Wir bieten unseren Sch\u00fclerinnen und Sch\u00fclern ein verl\u00e4ssliches Umfeld, in dem sie wachsen k\u00f6nnen. F\u00fcr unsere Schule engagieren sich Lehrkr\u00e4fte, Eltern und die Dorfgemeinschaft gemeinsam.<\/p>\n\n\n\n<p><strong>2. Leitsatz: Unser Schulleben ist vielf\u00e4ltig.<\/strong><\/p>\n\n\n\n<p>Wir bieten ein breites Angebot an M\u00f6glichkeiten sich auszuprobieren und eigene Interessen zu entdecken, z. B. in Arbeitsgemeinschaften, im Chor, beim Sport, in der Theatergruppe und beim Musizieren.<\/p>\n\n\n\n<p><strong>3. Leitsatz: Wir sehen jedes Kind in seiner Einzigartigkeit.<\/strong><\/p>\n\n\n\n<p>Differenzierte Lernangebote unterst\u00fctzen jedes Kind auf seinem individuellen Lernweg.<\/p>\n\n\n\n<p><strong>4. Leitsatz: Unsere Schule ist ein Ort, an dem nachhaltig und mit Freude gelernt&nbsp; werden kann.<\/strong><\/p>\n\n\n\n<p>Wir achten auf eine motivierende Lernatmosph\u00e4re, indem wir die Interessen der Kinder ber\u00fccksichtigen. Wir vermitteln unseren Sch\u00fclerinnen und Sch\u00fclern eine Vielzahl an Lern- methoden.<\/p>\n\n\n\n<p><strong>5. Leitsatz: Wir achten auf ein respekt- und r\u00fccksichtsvolles Miteinander, denn nur gemeinsam sind wir stark.<\/strong><\/p>\n\n\n\n<p>Wir bieten unseren Sch\u00fclerinnen und Sch\u00fclern zahlreiche gemeinschaftliche und klassen\u00fcbergreifende Aktivit\u00e4ten, z. B. Aulastunden, Projektwochen, Ausfl\u00fcge, Arbeits- gemeinschaften und Schulfeste. Auf das soziale Miteinander und die gemeinsame Verantwortung daf\u00fcr legen wir in unserem Schulalltag besonderen Wert, u. a. in Form von Sozialtraining, Gewaltpr\u00e4vention und Patenschaften.<\/p>\n\n\n\n<p><\/p>\n\n\n\n<p>Estorf, im April 2024<\/p>\n\n\n\n<div data-wp-interactive=\"core\/file\" class=\"wp-block-file\"><object data-wp-bind--hidden=\"!state.hasPdfPreview\" hidden class=\"wp-block-file__embed\" data=\"https:\/\/wordpress.nibis.de\/gsestorf\/files\/2024\/05\/Leitsaetze-Grundschule-Estorf.pdf\" type=\"application\/pdf\" style=\"width:100%;height:600px\" aria-label=\"Einbettung von Einbettung von Leitsaetze-Grundschule-Estorf..\"><\/object><a id=\"wp-block-file--media-1189787c-d3d4-453a-8f7c-c1e781b983ad\" href=\"https:\/\/wordpress.nibis.de\/gsestorf\/files\/2024\/05\/Leitsaetze-Grundschule-Estorf.pdf\">Leitsaetze-Grundschule-Estorf<\/a><a href=\"https:\/\/wordpress.nibis.de\/gsestorf\/files\/2024\/05\/Leitsaetze-Grundschule-Estorf.pdf\" class=\"wp-block-file__button\" download aria-describedby=\"wp-block-file--media-1189787c-d3d4-453a-8f7c-c1e781b983ad\">Herunterladen<\/a><\/div>\n","protected":false},"excerpt":{"rendered":"<p>Unsere Gr\u00f6\u00dfe ist unsere St\u00e4rke! Regionaler Bezug Die Grundschule Estorf bietet ca. 100 Sch\u00fclerinnen und Sch\u00fclern aus den Gemeinden Estorf und Kranenburg viel Raum zum Lernen, Spielen und Wachsen. Estorf geh\u00f6rt zur Samtgemeinde Oldendorf-Himmelpforten und liegt zwischen Stade und Bremerv\u00f6rde. Diese l\u00e4ndliche Umgebung erm\u00f6glicht uns eine Vielzahl au\u00dferschulischer Lernorte. Leits\u00e4tze 1. Leitsatz:&nbsp;Wir sch\u00e4tzen an unserer famili\u00e4ren Schule das vertrauensvolle Miteinander. Wir bieten unseren Sch\u00fclerinnen und Sch\u00fclern ein verl\u00e4ssliches Umfeld, in dem sie wachsen k\u00f6nnen. F\u00fcr unsere Schule engagieren sich Lehrkr\u00e4fte,&#8230;<\/p>\n<p class=\"read-more\"><a class=\"btn btn-default\" href=\"https:\/\/wordpress.nibis.de\/gsestorf\/leitbild\/\">Weiterlesen<span class=\"screen-reader-text\"> Weiterlesen<\/span><\/a><\/p>\n","protected":false},"author":9193405,"featured_media":0,"parent":0,"menu_order":0,"comment_status":"closed","ping_status":"closed","template":"","meta":{"footnotes":""},"class_list":["post-61","page","type-page","status-publish","hentry"],"_links":{"self":[{"href":"https:\/\/wordpress.nibis.de\/gsestorf\/wp-json\/wp\/v2\/pages\/61","targetHints":{"allow":["GET"]}}],"collection":[{"href":"https:\/\/wordpress.nibis.de\/gsestorf\/wp-json\/wp\/v2\/pages"}],"about":[{"href":"https:\/\/wordpress.nibis.de\/gsestorf\/wp-json\/wp\/v2\/types\/page"}],"author":[{"embeddable":true,"href":"https:\/\/wordpress.nibis.de\/gsestorf\/wp-json\/wp\/v2\/users\/9193405"}],"replies":[{"embeddable":true,"href":"https:\/\/wordpress.nibis.de\/gsestorf\/wp-json\/wp\/v2\/comments?post=61"}],"version-history":[{"count":8,"href":"https:\/\/wordpress.nibis.de\/gsestorf\/wp-json\/wp\/v2\/pages\/61\/revisions"}],"predecessor-version":[{"id":189,"href":"https:\/\/wordpress.nibis.de\/gsestorf\/wp-json\/wp\/v2\/pages\/61\/revisions\/189"}],"wp:attachment":[{"href":"https:\/\/wordpress.nibis.de\/gsestorf\/wp-json\/wp\/v2\/media?parent=61"}],"curies":[{"name":"wp","href":"https:\/\/api.w.org\/{rel}","templated":true}]}}