{"id":73,"date":"2024-04-11T17:49:21","date_gmt":"2024-04-11T15:49:21","guid":{"rendered":"https:\/\/wordpress.nibis.de\/gsestorf\/?page_id=73"},"modified":"2024-04-11T17:51:04","modified_gmt":"2024-04-11T15:51:04","slug":"foerderverein","status":"publish","type":"page","link":"https:\/\/wordpress.nibis.de\/gsestorf\/foerderverein\/","title":{"rendered":"F\u00f6rderverein"},"content":{"rendered":"\n<h4 class=\"wp-block-heading\">F\u00f6rderverein der Grundschule Estorf<\/h4>\n\n\n\n<p>Der F\u00f6rderverein der Grundschule Estorf wurde 1998 gegr\u00fcndet und umfasst mittlerweile \u00fcber 260 Mitglieder. Mittels eines Betrags von nur 6 Euro pro Sch\u00fcler\/in im Jahr,&nbsp;&nbsp;bietet der F\u00f6rderverein eine Vielzahl von F\u00f6rderungs- und Unterst\u00fctzungsma\u00dfnahmen. Der F\u00f6rderverein wird von sieben Frauen ehrenamtlich geleitet.<\/p>\n\n\n\n<p>Mehrmals im Jahr organisiert der F\u00f6rderverein Veranstaltungen f\u00fcr die Sch\u00fclerinnen und Sch\u00fcler der Grundschule, aber auch f\u00fcr die Eltern gibt es interessante Angebote. Dar\u00fcber hinaus werden zahlreiche schulinterne Aktionen, Klassenfahrten und Schulmaterial durch den F\u00f6rderverein bezuschusst.<\/p>\n\n\n\n<p>Die \u201eHauptveranstaltung\u201c des F\u00f6rdervereins ist das Schulfest, das alle zwei Jahre vom F\u00f6rderverein organisiert und mitfinanziert wird.<\/p>\n\n\n\n<div data-wp-interactive=\"core\/file\" class=\"wp-block-file\"><object data-wp-bind--hidden=\"!state.hasPdfPreview\" hidden class=\"wp-block-file__embed\" data=\"https:\/\/wordpress.nibis.de\/gsestorf\/files\/2024\/04\/Foerderverein-SEPA-Lastschriftmandat_31.05.2017.pdf\" type=\"application\/pdf\" style=\"width:100%;height:600px\" aria-label=\"Einbettung von Einbettung von Foerderverein-SEPA-Lastschriftmandat_31.05.2017..\"><\/object><a id=\"wp-block-file--media-981c07a1-91ab-431b-a09d-b1e78e8758cd\" href=\"https:\/\/wordpress.nibis.de\/gsestorf\/files\/2024\/04\/Foerderverein-SEPA-Lastschriftmandat_31.05.2017.pdf\">Foerderverein-SEPA-Lastschriftmandat_31.05.2017<\/a><a href=\"https:\/\/wordpress.nibis.de\/gsestorf\/files\/2024\/04\/Foerderverein-SEPA-Lastschriftmandat_31.05.2017.pdf\" class=\"wp-block-file__button\" download aria-describedby=\"wp-block-file--media-981c07a1-91ab-431b-a09d-b1e78e8758cd\">Herunterladen<\/a><\/div>\n","protected":false},"excerpt":{"rendered":"<p>F\u00f6rderverein der Grundschule Estorf Der F\u00f6rderverein der Grundschule Estorf wurde 1998 gegr\u00fcndet und umfasst mittlerweile \u00fcber 260 Mitglieder. Mittels eines Betrags von nur 6 Euro pro Sch\u00fcler\/in im Jahr,&nbsp;&nbsp;bietet der F\u00f6rderverein eine Vielzahl von F\u00f6rderungs- und Unterst\u00fctzungsma\u00dfnahmen. Der F\u00f6rderverein wird von sieben Frauen ehrenamtlich geleitet. Mehrmals im Jahr organisiert der F\u00f6rderverein Veranstaltungen f\u00fcr die Sch\u00fclerinnen und Sch\u00fcler der Grundschule, aber auch f\u00fcr die Eltern gibt es interessante Angebote. Dar\u00fcber hinaus werden zahlreiche schulinterne Aktionen, Klassenfahrten und Schulmaterial durch den F\u00f6rderverein&#8230;<\/p>\n<p class=\"read-more\"><a class=\"btn btn-default\" href=\"https:\/\/wordpress.nibis.de\/gsestorf\/foerderverein\/\">Weiterlesen<span class=\"screen-reader-text\"> Weiterlesen<\/span><\/a><\/p>\n","protected":false},"author":9193405,"featured_media":0,"parent":0,"menu_order":0,"comment_status":"closed","ping_status":"closed","template":"","meta":{"footnotes":""},"class_list":["post-73","page","type-page","status-publish","hentry"],"_links":{"self":[{"href":"https:\/\/wordpress.nibis.de\/gsestorf\/wp-json\/wp\/v2\/pages\/73","targetHints":{"allow":["GET"]}}],"collection":[{"href":"https:\/\/wordpress.nibis.de\/gsestorf\/wp-json\/wp\/v2\/pages"}],"about":[{"href":"https:\/\/wordpress.nibis.de\/gsestorf\/wp-json\/wp\/v2\/types\/page"}],"author":[{"embeddable":true,"href":"https:\/\/wordpress.nibis.de\/gsestorf\/wp-json\/wp\/v2\/users\/9193405"}],"replies":[{"embeddable":true,"href":"https:\/\/wordpress.nibis.de\/gsestorf\/wp-json\/wp\/v2\/comments?post=73"}],"version-history":[{"count":3,"href":"https:\/\/wordpress.nibis.de\/gsestorf\/wp-json\/wp\/v2\/pages\/73\/revisions"}],"predecessor-version":[{"id":78,"href":"https:\/\/wordpress.nibis.de\/gsestorf\/wp-json\/wp\/v2\/pages\/73\/revisions\/78"}],"wp:attachment":[{"href":"https:\/\/wordpress.nibis.de\/gsestorf\/wp-json\/wp\/v2\/media?parent=73"}],"curies":[{"name":"wp","href":"https:\/\/api.w.org\/{rel}","templated":true}]}}