{"id":95,"date":"2024-04-11T19:24:43","date_gmt":"2024-04-11T17:24:43","guid":{"rendered":"https:\/\/wordpress.nibis.de\/gsestorf\/?page_id=95"},"modified":"2026-01-12T12:39:36","modified_gmt":"2026-01-12T11:39:36","slug":"umweltschule-in-europa","status":"publish","type":"page","link":"https:\/\/wordpress.nibis.de\/gsestorf\/umweltschule-in-europa\/","title":{"rendered":"Umweltschule in Europa"},"content":{"rendered":"\n<h2 class=\"wp-block-heading\"><\/h2>\n\n\n\n<p>Es ist uns ein wichtiges Anliegen, Kinder zum Umweltschutz und zu einem nachhaltigen Denken und Handeln anzuregen. Deshalb bewerben wir uns seit 1998 mit immer neuen Projekten um den Titel \u201eUmweltschule in Europa\u201c und sind seitdem ohne Unterbrechung ausgezeichnet worden.&nbsp;<\/p>\n\n\n\n<p>Die Grundschule Estorf verf\u00fcgt \u00fcber eine Photovoltaikanlage auf dem Dach der Sporthalle sowie \u00fcber Sonnenkollektoren zur Warmwasserbereitung und Heizungsunterst\u00fctzung. Mit dem selbstgebauten Solarkocher k\u00f6nnen die Sch\u00fclerinnen und Sch\u00fcler auf dem Schulhof z. B. Tee zubereiten und die Kraft der Sonne erleben. Beim Fahrradkino erfahren die Kinder, wie viel Anstrengung ben\u00f6tigt wird, um Strom zu erzeugen. So werden sie an das Thema &#8222;Erneuerbare Energien&#8220; herangef\u00fchrt. Zudem achten wir besonders darauf, Energie einzusparen sowie M\u00fcll zu vermeiden und zu trennen. Einmal im Jahr gehen alle Kinder und Lehrkr\u00e4fte gemeinsam in der Umgebung M\u00fcll sammeln.<\/p>\n\n\n\n<p>Auch gesunde Ern\u00e4hrung, Gesunderhaltung des eigenen K\u00f6rpers und das Leben anderer Menschen in fremden L\u00e4ndern, damit die Kinder lernen, global und nachhaltig zu denken. Durch viele Projekttage und -wochen (Sportabzeichentag, Bewegungspass, Sportturniere, Skipping Hearts, Zirkus,&#8230;) werden die Sch\u00fclerinnen und Sch\u00fcler motiviert, sich viel zu bewegen, um &#8222;gesund und fit durch den Tag&#8220; zu kommen.<\/p>\n\n\n\n<p>Regelm\u00e4\u00dfig besch\u00e4ftigen sich Arbeitsgemeinschaften mit Umweltthemen. Dabei wurden u. a. Insektenhotels gebaut, Schwalben beobachtet und gez\u00e4hlt und ein Schulgarten angelegt. Au\u00dferdem haben unsere Sch\u00fclerinnen und Sch\u00fcler bei der Wiederansiedlung von St\u00f6ren in der Oste geholfen, sie in den Fluss eingesetzt und Patenschaften \u00fcbernommen.<\/p>\n\n\n\n<div class=\"wp-block-media-text is-stacked-on-mobile\" style=\"grid-template-columns:32% auto\"><figure class=\"wp-block-media-text__media\"><img loading=\"lazy\" decoding=\"async\" width=\"1024\" height=\"768\" src=\"https:\/\/wordpress.nibis.de\/gsestorf\/files\/2024\/04\/IMG-20240222-WA0003-1024x768.jpg\" alt=\"\" class=\"wp-image-96 size-full\" srcset=\"https:\/\/wordpress.nibis.de\/gsestorf\/files\/2024\/04\/IMG-20240222-WA0003-1024x768.jpg 1024w, https:\/\/wordpress.nibis.de\/gsestorf\/files\/2024\/04\/IMG-20240222-WA0003-300x225.jpg 300w, https:\/\/wordpress.nibis.de\/gsestorf\/files\/2024\/04\/IMG-20240222-WA0003-768x576.jpg 768w, https:\/\/wordpress.nibis.de\/gsestorf\/files\/2024\/04\/IMG-20240222-WA0003-1536x1152.jpg 1536w, https:\/\/wordpress.nibis.de\/gsestorf\/files\/2024\/04\/IMG-20240222-WA0003-360x270.jpg 360w, https:\/\/wordpress.nibis.de\/gsestorf\/files\/2024\/04\/IMG-20240222-WA0003.jpg 1600w\" sizes=\"auto, (max-width: 1024px) 100vw, 1024px\" \/><\/figure><div class=\"wp-block-media-text__content\">\n<p><strong>Fahrradkino &#8222;Strom selbst erzeugen&#8220;<\/strong><\/p>\n\n\n\n<p>Beim Fahrradkino erlebten die Sch\u00fclerinnen und Sch\u00fcler auf spannende Weise, wie Energie entsteht. Auf bereitgestellten Fahrr\u00e4dern wurde flei\u00dfig in die Pedale getreten, um gemeinsam den n\u00f6tigen Strom f\u00fcr einen Film zu erzeugen. Dabei wurde schnell klar: Energie ist wertvoll und entsteht nicht einfach auf Knopfdruck. Das gemeinsame Strampeln f\u00f6rderte Teamgeist, Bewegung und ein nachhaltiges Bewusstsein.<\/p>\n<\/div><\/div>\n\n\n\n<hr class=\"wp-block-separator has-alpha-channel-opacity is-style-tw-dashed\" \/>\n\n\n\n<div class=\"wp-block-media-text is-stacked-on-mobile\" style=\"grid-template-columns:31% auto\"><figure class=\"wp-block-media-text__media\"><img loading=\"lazy\" decoding=\"async\" width=\"768\" height=\"1024\" src=\"https:\/\/wordpress.nibis.de\/gsestorf\/files\/2024\/04\/IMG-20240222-WA0007-768x1024.jpg\" alt=\"\" class=\"wp-image-97 size-full\" srcset=\"https:\/\/wordpress.nibis.de\/gsestorf\/files\/2024\/04\/IMG-20240222-WA0007-768x1024.jpg 768w, https:\/\/wordpress.nibis.de\/gsestorf\/files\/2024\/04\/IMG-20240222-WA0007-225x300.jpg 225w, https:\/\/wordpress.nibis.de\/gsestorf\/files\/2024\/04\/IMG-20240222-WA0007-1152x1536.jpg 1152w, https:\/\/wordpress.nibis.de\/gsestorf\/files\/2024\/04\/IMG-20240222-WA0007-203x270.jpg 203w, https:\/\/wordpress.nibis.de\/gsestorf\/files\/2024\/04\/IMG-20240222-WA0007.jpg 1200w\" sizes=\"auto, (max-width: 768px) 100vw, 768px\" \/><\/figure><div class=\"wp-block-media-text__content\">\n<p><strong>Waldtag in Sunde &#8222;Natur hautnah erleben&#8220;<\/strong><\/p>\n\n\n\n<p>Der Waldtag in Sunde, organisiert von den \u00f6rtlichen J\u00e4gern, bietet den Kindern eine besondere Gelegenheit, den Wald mit allen Sinnen zu entdecken. Sie lernten heimische Tiere, ihre Lebensr\u00e4ume und den verantwortungsvollen Umgang mit der Natur kennen. Durch anschauliche Erkl\u00e4rungen und praktische Erlebnisse wird Wissen lebendig und die Wertsch\u00e4tzung f\u00fcr Natur und Umwelt gest\u00e4rkt.<\/p>\n<\/div><\/div>\n\n\n\n<hr class=\"wp-block-separator has-alpha-channel-opacity is-style-tw-dashed\" \/>\n\n\n\n<div class=\"wp-block-media-text is-stacked-on-mobile\" style=\"grid-template-columns:30% auto\"><figure class=\"wp-block-media-text__media\"><img loading=\"lazy\" decoding=\"async\" width=\"1024\" height=\"768\" src=\"https:\/\/wordpress.nibis.de\/gsestorf\/files\/2024\/04\/Schulgarten1-1024x768.jpg\" alt=\"\" class=\"wp-image-98 size-full\" srcset=\"https:\/\/wordpress.nibis.de\/gsestorf\/files\/2024\/04\/Schulgarten1-1024x768.jpg 1024w, https:\/\/wordpress.nibis.de\/gsestorf\/files\/2024\/04\/Schulgarten1-300x225.jpg 300w, https:\/\/wordpress.nibis.de\/gsestorf\/files\/2024\/04\/Schulgarten1-768x576.jpg 768w, https:\/\/wordpress.nibis.de\/gsestorf\/files\/2024\/04\/Schulgarten1-360x270.jpg 360w, https:\/\/wordpress.nibis.de\/gsestorf\/files\/2024\/04\/Schulgarten1.jpg 1280w\" sizes=\"auto, (max-width: 1024px) 100vw, 1024px\" \/><\/figure><div class=\"wp-block-media-text__content\">\n<p><strong>Unser Schulgarten &#8222;Lernen mit Hand und Herz&#8220;<\/strong><\/p>\n\n\n\n<p>Im Schulgarten bauen die Kinder gemeinsam Gem\u00fcse und Getreide an und entdecken die Natur in kleinen, handlungsorientierten Gartenprojekten. Beim Pflanzen, Pflegen und Beobachten erfahren sie, wie Lebensmittel entstehen und wie wichtig ein achtsamer Umgang mit der Umwelt ist. Der Schulgarten bietet kindorientiertes Lernen, das Verantwortung, Nachhaltigkeit und Freude an der Natur verbindet.<\/p>\n<\/div><\/div>\n\n\n\n<hr class=\"wp-block-separator has-alpha-channel-opacity is-style-tw-dashed\" \/>\n\n\n\n<div class=\"wp-block-media-text is-stacked-on-mobile\" style=\"grid-template-columns:32% auto\"><figure class=\"wp-block-media-text__media\"><img loading=\"lazy\" decoding=\"async\" width=\"687\" height=\"1024\" src=\"https:\/\/wordpress.nibis.de\/gsestorf\/files\/2026\/01\/PXL_20250516_113348393.MP_-1-scaled-e1768214656974-687x1024.jpg\" alt=\"\" class=\"wp-image-256 size-full\" srcset=\"https:\/\/wordpress.nibis.de\/gsestorf\/files\/2026\/01\/PXL_20250516_113348393.MP_-1-scaled-e1768214656974-687x1024.jpg 687w, https:\/\/wordpress.nibis.de\/gsestorf\/files\/2026\/01\/PXL_20250516_113348393.MP_-1-scaled-e1768214656974-201x300.jpg 201w, https:\/\/wordpress.nibis.de\/gsestorf\/files\/2026\/01\/PXL_20250516_113348393.MP_-1-scaled-e1768214656974-768x1145.jpg 768w, https:\/\/wordpress.nibis.de\/gsestorf\/files\/2026\/01\/PXL_20250516_113348393.MP_-1-scaled-e1768214656974-100x149.jpg 100w, https:\/\/wordpress.nibis.de\/gsestorf\/files\/2026\/01\/PXL_20250516_113348393.MP_-1-scaled-e1768214656974-1031x1536.jpg 1031w, https:\/\/wordpress.nibis.de\/gsestorf\/files\/2026\/01\/PXL_20250516_113348393.MP_-1-scaled-e1768214656974-1374x2048.jpg 1374w, https:\/\/wordpress.nibis.de\/gsestorf\/files\/2026\/01\/PXL_20250516_113348393.MP_-1-scaled-e1768214656974-181x270.jpg 181w, https:\/\/wordpress.nibis.de\/gsestorf\/files\/2026\/01\/PXL_20250516_113348393.MP_-1-scaled-e1768214656974.jpg 1440w\" sizes=\"auto, (max-width: 687px) 100vw, 687px\" \/><\/figure><div class=\"wp-block-media-text__content\">\n<p><strong>Projekt &#8222;Tauschregal &#8211; Nachhaltigkeit zum Mitmachen&#8220;<\/strong><\/p>\n\n\n\n<p>Mit unserem Tauschregal schaffen wir Raum f\u00fcr nachhaltiges Handeln im Schulalltag. Kinder k\u00f6nnen hier B\u00fccher, Spiele, Kuscheltiere und andere gut erhaltene Dinge tauschen und weitergeben. Begleitet durch gezielte Tauschaktionen lernen sie, dass ausgediente Gegenst\u00e4nde nicht weggeworfen werden m\u00fcssen, sondern anderen Kindern noch Freude bereiten k\u00f6nnen. Das Tauschregal sensibilisiert f\u00fcr einen bewussten Umgang mit Ressourcen und f\u00f6rdert Nachhaltigkeit.<\/p>\n<\/div><\/div>\n\n\n\n<hr class=\"wp-block-separator has-alpha-channel-opacity is-style-tw-dashed\" \/>\n\n\n\n<div class=\"wp-block-media-text is-stacked-on-mobile\" style=\"grid-template-columns:32% auto\"><figure class=\"wp-block-media-text__media\"><img loading=\"lazy\" decoding=\"async\" width=\"687\" height=\"1024\" src=\"https:\/\/wordpress.nibis.de\/gsestorf\/files\/2026\/01\/PXL_20250912_065630667-scaled-e1768214849934-687x1024.jpg\" alt=\"\" class=\"wp-image-258 size-full\" srcset=\"https:\/\/wordpress.nibis.de\/gsestorf\/files\/2026\/01\/PXL_20250912_065630667-scaled-e1768214849934-687x1024.jpg 687w, https:\/\/wordpress.nibis.de\/gsestorf\/files\/2026\/01\/PXL_20250912_065630667-scaled-e1768214849934-201x300.jpg 201w, https:\/\/wordpress.nibis.de\/gsestorf\/files\/2026\/01\/PXL_20250912_065630667-scaled-e1768214849934-768x1145.jpg 768w, https:\/\/wordpress.nibis.de\/gsestorf\/files\/2026\/01\/PXL_20250912_065630667-scaled-e1768214849934-100x149.jpg 100w, https:\/\/wordpress.nibis.de\/gsestorf\/files\/2026\/01\/PXL_20250912_065630667-scaled-e1768214849934-1031x1536.jpg 1031w, https:\/\/wordpress.nibis.de\/gsestorf\/files\/2026\/01\/PXL_20250912_065630667-scaled-e1768214849934-1374x2048.jpg 1374w, https:\/\/wordpress.nibis.de\/gsestorf\/files\/2026\/01\/PXL_20250912_065630667-scaled-e1768214849934-181x270.jpg 181w, https:\/\/wordpress.nibis.de\/gsestorf\/files\/2026\/01\/PXL_20250912_065630667-scaled-e1768214849934.jpg 1440w\" sizes=\"auto, (max-width: 687px) 100vw, 687px\" \/><\/figure><div class=\"wp-block-media-text__content\">\n<p><strong>Projekttag &#8222;Apfel pressen \u2013 Vom Apfel zum Saft&#8220;<\/strong><\/p>\n\n\n\n<p>Beim Projekttag \u201eApfel pressen\u201c erlebten die Kinder alle Schritte vom Apfel bis zum fertigen Saft hautnah. Sie wuschen, schnitten und pressten die \u00c4pfel selbst und konnten den frisch gepressten Saft anschlie\u00dfend gemeinsam genie\u00dfen. So lernten sie, die einzelnen Arbeitsschritte wertzusch\u00e4tzen und erfuhren, wie viel Arbeit in einem Naturprodukt steckt. Erg\u00e4nzende Angebote sensibilisierten die Kinder zus\u00e4tzlich f\u00fcr eine gesunde Ern\u00e4hrung und ausreichend Bewegung als wichtige Grundlagen f\u00fcr einen aktiven und erfolgreichen Tag. Durch die praktischen Erfahrungen wurde das Bewusstsein f\u00fcr gesunde Lebensmittel gest\u00e4rkt und die Freude an Bewegung gef\u00f6rdert.<\/p>\n<\/div><\/div>\n\n\n\n<hr class=\"wp-block-separator has-alpha-channel-opacity is-style-tw-dashed\" \/>\n\n\n\n<div class=\"wp-block-media-text is-stacked-on-mobile\" style=\"grid-template-columns:32% auto\"><figure class=\"wp-block-media-text__media\"><img loading=\"lazy\" decoding=\"async\" width=\"1024\" height=\"858\" src=\"https:\/\/wordpress.nibis.de\/gsestorf\/files\/2026\/01\/PXL_20250522_091836673.MP_-scaled-e1768214874370-1024x858.jpg\" alt=\"\" class=\"wp-image-257 size-full\" srcset=\"https:\/\/wordpress.nibis.de\/gsestorf\/files\/2026\/01\/PXL_20250522_091836673.MP_-scaled-e1768214874370-1024x858.jpg 1024w, https:\/\/wordpress.nibis.de\/gsestorf\/files\/2026\/01\/PXL_20250522_091836673.MP_-scaled-e1768214874370-300x251.jpg 300w, https:\/\/wordpress.nibis.de\/gsestorf\/files\/2026\/01\/PXL_20250522_091836673.MP_-scaled-e1768214874370-768x644.jpg 768w, https:\/\/wordpress.nibis.de\/gsestorf\/files\/2026\/01\/PXL_20250522_091836673.MP_-scaled-e1768214874370-100x84.jpg 100w, https:\/\/wordpress.nibis.de\/gsestorf\/files\/2026\/01\/PXL_20250522_091836673.MP_-scaled-e1768214874370-1536x1288.jpg 1536w, https:\/\/wordpress.nibis.de\/gsestorf\/files\/2026\/01\/PXL_20250522_091836673.MP_-scaled-e1768214874370-2048x1717.jpg 2048w, https:\/\/wordpress.nibis.de\/gsestorf\/files\/2026\/01\/PXL_20250522_091836673.MP_-scaled-e1768214874370-322x270.jpg 322w\" sizes=\"auto, (max-width: 1024px) 100vw, 1024px\" \/><\/figure><div class=\"wp-block-media-text__content\">\n<p><strong>Projekt &#8222;St\u00fchle Upcycling &#8211; Alte St\u00fchle, neue Ideen&#8220;<\/strong><\/p>\n\n\n\n<p>Alte St\u00fchle m\u00fcssen nicht auf dem M\u00fcll landen, denn sie stecken voller neuer M\u00f6glichkeiten. Durch kreatives Upcycling wurden aus ausgedienten M\u00f6belst\u00fccken einzigartige Unikate. Dabei entstand nicht nur etwas Sch\u00f6nes und N\u00fctzliches, sondern auch ein bewusstes Zeichen f\u00fcr Nachhaltigkeit. Upcycling zeigt, wie wichtig es ist, M\u00fcll zu vermeiden und Ressourcen zu schonen: Wiederverwenden statt wegwerfen. So leisten wir gemeinsam einen Beitrag zum Umweltschutz und setzen ein klares Zeichen f\u00fcr einen verantwortungsvollen Umgang mit unserer Umwelt.<\/p>\n<\/div><\/div>\n","protected":false},"excerpt":{"rendered":"<p>Es ist uns ein wichtiges Anliegen, Kinder zum Umweltschutz und zu einem nachhaltigen Denken und Handeln anzuregen. Deshalb bewerben wir uns seit 1998 mit immer neuen Projekten um den Titel \u201eUmweltschule in Europa\u201c und sind seitdem ohne Unterbrechung ausgezeichnet worden.&nbsp; Die Grundschule Estorf verf\u00fcgt \u00fcber eine Photovoltaikanlage auf dem Dach der Sporthalle sowie \u00fcber Sonnenkollektoren zur Warmwasserbereitung und Heizungsunterst\u00fctzung. Mit dem selbstgebauten Solarkocher k\u00f6nnen die Sch\u00fclerinnen und Sch\u00fcler auf dem Schulhof z. B. Tee zubereiten und die Kraft der Sonne&#8230;<\/p>\n<p class=\"read-more\"><a class=\"btn btn-default\" href=\"https:\/\/wordpress.nibis.de\/gsestorf\/umweltschule-in-europa\/\">Weiterlesen<span class=\"screen-reader-text\"> Weiterlesen<\/span><\/a><\/p>\n","protected":false},"author":9193405,"featured_media":0,"parent":0,"menu_order":0,"comment_status":"closed","ping_status":"closed","template":"","meta":{"footnotes":""},"class_list":["post-95","page","type-page","status-publish","hentry"],"_links":{"self":[{"href":"https:\/\/wordpress.nibis.de\/gsestorf\/wp-json\/wp\/v2\/pages\/95","targetHints":{"allow":["GET"]}}],"collection":[{"href":"https:\/\/wordpress.nibis.de\/gsestorf\/wp-json\/wp\/v2\/pages"}],"about":[{"href":"https:\/\/wordpress.nibis.de\/gsestorf\/wp-json\/wp\/v2\/types\/page"}],"author":[{"embeddable":true,"href":"https:\/\/wordpress.nibis.de\/gsestorf\/wp-json\/wp\/v2\/users\/9193405"}],"replies":[{"embeddable":true,"href":"https:\/\/wordpress.nibis.de\/gsestorf\/wp-json\/wp\/v2\/comments?post=95"}],"version-history":[{"count":16,"href":"https:\/\/wordpress.nibis.de\/gsestorf\/wp-json\/wp\/v2\/pages\/95\/revisions"}],"predecessor-version":[{"id":276,"href":"https:\/\/wordpress.nibis.de\/gsestorf\/wp-json\/wp\/v2\/pages\/95\/revisions\/276"}],"wp:attachment":[{"href":"https:\/\/wordpress.nibis.de\/gsestorf\/wp-json\/wp\/v2\/media?parent=95"}],"curies":[{"name":"wp","href":"https:\/\/api.w.org\/{rel}","templated":true}]}}