{"id":166,"date":"2018-09-20T18:35:15","date_gmt":"2018-09-20T16:35:15","guid":{"rendered":"http:\/\/wordpress.nibis.de\/gseversten\/?page_id=166"},"modified":"2018-12-10T20:31:55","modified_gmt":"2018-12-10T19:31:55","slug":"impressum","status":"publish","type":"page","link":"https:\/\/wordpress.nibis.de\/gseversten\/impressum\/","title":{"rendered":"Kontakt\/Impressum"},"content":{"rendered":"<p>Land Niedersachsen (Dienstanbieter im Sinne des Telemediengesetzes)<\/p>\n<p>Das Land Niedersachsen ist eine juristische Person des \u00f6ffentlichen Rechts vertreten durch<\/p>\n<p>Schulleitung:<\/p>\n<p>Melanie Burmester<br \/>\nKatholische Grundschule Eversten<br \/>\nPostanschrift: Lerigauweg 58, 26131 Oldenburg<br \/>\nTelefon: (0441) 52768<br \/>\nTelefax: (0441) 59 47 964<br \/>\nSchulnummer: 27248<br \/>\nE-Mail: &#x69;&#x6e;&#102;&#111;&#64;g&#x73;&#x2d;&#x65;&#118;&#101;rs&#x74;&#x65;&#x6e;&#46;&#100;e<br \/>\nInternet: www.gs-eversten.de<br \/>\nSchulischer Datenschutzbeauftragter:\u00a0&#x64;s&#98;&#x40;&#x67;s&#45;&#x65;v&#101;&#x72;&#x73;t&#101;&#x6e;&#46;&#100;&#x65;<\/p>\n<p>Schultr\u00e4ger: Stadt Oldenburg (Oldb), Markt 1, 26122 Oldenburg<br \/>\nLand Niedersachsen: Nieders\u00e4chsisches Kultusministerium, Hannover vertreten durch: Landesschulbeh\u00f6rde Osnabr\u00fcck, Postfach 3569, 49025 Osnabr\u00fcck<\/p>\n<p><strong>Disclaimer<\/strong>:<\/p>\n<p>Diese Webseite beinhaltet externe Links. Deren Inhalte entziehen sich unserer Einflussnahme, so dass eine Gew\u00e4hr f\u00fcr solche Inhalte von uns nicht \u00fcbernommen werden kann.<\/p>\n<p>Die Verantwortung liegt stets beim jeweiligen Betreiber der externen Seiten. Zum Zeitpunkt der Verkn\u00fcpfung der externen Links waren keine Rechtsverst\u00f6\u00dfe ersichtlich. Die permanente \u00dcberwachung fremder Inhalte auf Rechtsverst\u00f6\u00dfe ohne konkrete Hinweise ist uns nicht zumutbar.<\/p>\n<p>Sollten wir Kenntnis von Rechtsverletzungen erlangen, werden wir die entsprechenden externen Links unverz\u00fcglich entfernen.<\/p>\n","protected":false},"excerpt":{"rendered":"<p>Land Niedersachsen (Dienstanbieter im Sinne des Telemediengesetzes) Das Land Niedersachsen ist eine juristische Person des \u00f6ffentlichen Rechts vertreten durch Schulleitung: Melanie Burmester Katholische Grundschule Eversten Postanschrift: Lerigauweg 58, 26131 Oldenburg Telefon: (0441) 52768 Telefax: (0441) 59 47 964 Schulnummer: 27248 &hellip; <a href=\"https:\/\/wordpress.nibis.de\/gseversten\/impressum\/\">Weiterlesen <span class=\"meta-nav\">&rarr;<\/span><\/a><\/p>\n","protected":false},"author":9192723,"featured_media":0,"parent":0,"menu_order":0,"comment_status":"closed","ping_status":"closed","template":"","meta":{"footnotes":""},"class_list":["post-166","page","type-page","status-publish","hentry"],"_links":{"self":[{"href":"https:\/\/wordpress.nibis.de\/gseversten\/wp-json\/wp\/v2\/pages\/166","targetHints":{"allow":["GET"]}}],"collection":[{"href":"https:\/\/wordpress.nibis.de\/gseversten\/wp-json\/wp\/v2\/pages"}],"about":[{"href":"https:\/\/wordpress.nibis.de\/gseversten\/wp-json\/wp\/v2\/types\/page"}],"author":[{"embeddable":true,"href":"https:\/\/wordpress.nibis.de\/gseversten\/wp-json\/wp\/v2\/users\/9192723"}],"replies":[{"embeddable":true,"href":"https:\/\/wordpress.nibis.de\/gseversten\/wp-json\/wp\/v2\/comments?post=166"}],"version-history":[{"count":14,"href":"https:\/\/wordpress.nibis.de\/gseversten\/wp-json\/wp\/v2\/pages\/166\/revisions"}],"predecessor-version":[{"id":642,"href":"https:\/\/wordpress.nibis.de\/gseversten\/wp-json\/wp\/v2\/pages\/166\/revisions\/642"}],"wp:attachment":[{"href":"https:\/\/wordpress.nibis.de\/gseversten\/wp-json\/wp\/v2\/media?parent=166"}],"curies":[{"name":"wp","href":"https:\/\/api.w.org\/{rel}","templated":true}]}}