{"id":2562,"date":"2023-06-25T13:10:00","date_gmt":"2023-06-25T11:10:00","guid":{"rendered":"https:\/\/wordpress.nibis.de\/gseversten\/?page_id=2562"},"modified":"2023-07-05T20:28:46","modified_gmt":"2023-07-05T18:28:46","slug":"nachmittagsbetreuung","status":"publish","type":"page","link":"https:\/\/wordpress.nibis.de\/gseversten\/nachmittagsbetreuung\/","title":{"rendered":"Nachmittagsbetreuung"},"content":{"rendered":"\n<p><strong>A K T U E L L &#8211; 20. Juni 2023<\/strong><\/p>\n<p>Zum neuen Schuljahr sind die Johanniter der neue Tr\u00e4ger f\u00fcr die Nachmittagsbetreuung. Es wird daher sicherlich zu einigen \u00c4nderungen bzgl. der Formulare kommen. Ihre Ansprechpartnerinnen vor Ort sind nach wie vor Frau L\u00fc\u00dfmann und Frau Krammes.<\/p>\n<p>\u00a0<\/p>\n","protected":false},"excerpt":{"rendered":"<p>A K T U E L L &#8211; 20. Juni 2023 Zum neuen Schuljahr sind die Johanniter der neue Tr\u00e4ger f\u00fcr die Nachmittagsbetreuung. Es wird daher sicherlich zu einigen \u00c4nderungen bzgl. der Formulare kommen. Ihre Ansprechpartnerinnen vor Ort sind nach &hellip; <a href=\"https:\/\/wordpress.nibis.de\/gseversten\/nachmittagsbetreuung\/\">Weiterlesen <span class=\"meta-nav\">&rarr;<\/span><\/a><\/p>\n","protected":false},"author":9192723,"featured_media":0,"parent":0,"menu_order":0,"comment_status":"closed","ping_status":"closed","template":"","meta":{"footnotes":""},"class_list":["post-2562","page","type-page","status-publish","hentry"],"_links":{"self":[{"href":"https:\/\/wordpress.nibis.de\/gseversten\/wp-json\/wp\/v2\/pages\/2562","targetHints":{"allow":["GET"]}}],"collection":[{"href":"https:\/\/wordpress.nibis.de\/gseversten\/wp-json\/wp\/v2\/pages"}],"about":[{"href":"https:\/\/wordpress.nibis.de\/gseversten\/wp-json\/wp\/v2\/types\/page"}],"author":[{"embeddable":true,"href":"https:\/\/wordpress.nibis.de\/gseversten\/wp-json\/wp\/v2\/users\/9192723"}],"replies":[{"embeddable":true,"href":"https:\/\/wordpress.nibis.de\/gseversten\/wp-json\/wp\/v2\/comments?post=2562"}],"version-history":[{"count":11,"href":"https:\/\/wordpress.nibis.de\/gseversten\/wp-json\/wp\/v2\/pages\/2562\/revisions"}],"predecessor-version":[{"id":3624,"href":"https:\/\/wordpress.nibis.de\/gseversten\/wp-json\/wp\/v2\/pages\/2562\/revisions\/3624"}],"wp:attachment":[{"href":"https:\/\/wordpress.nibis.de\/gseversten\/wp-json\/wp\/v2\/media?parent=2562"}],"curies":[{"name":"wp","href":"https:\/\/api.w.org\/{rel}","templated":true}]}}