{"id":3276,"date":"2026-04-22T12:21:00","date_gmt":"2026-04-22T10:21:00","guid":{"rendered":"https:\/\/wordpress.nibis.de\/gseversten\/?page_id=3276"},"modified":"2026-04-23T11:51:27","modified_gmt":"2026-04-23T09:51:27","slug":"der-nachmittag-stellt-sich-vor","status":"publish","type":"page","link":"https:\/\/wordpress.nibis.de\/gseversten\/der-nachmittag-stellt-sich-vor\/","title":{"rendered":"Anmeldung"},"content":{"rendered":"\n<p>Liebe Eltern,<\/p>\n<p>wir freuen uns, dass Sie sich f\u00fcr unsere Hortbetreuung interessieren.<br \/>F\u00fcr die Anmeldung f\u00fcllen Sie bitte das <a href=\"https:\/\/wordpress.nibis.de\/gseversten\/files\/2026\/04\/Hortbetreuung_Anmeldung.pdf\" target=\"_blank\" rel=\"noopener\">Anmeldeformular<\/a> aus und geben Sie dieses den Hortmitarbeitenden oder schicken es an <a href=\"mail&#116;&#111;&#58;&#104;&#111;&#x72;&#x74;&#x2d;&#x65;&#x76;&#x65;&#x72;sten&#46;&#111;&#108;&#100;&#101;&#x6e;&#x62;&#x75;&#x72;&#x67;&#x40;&#x6a;&#x6f;hann&#105;&#116;&#101;&#114;&#46;&#x64;&#x65;\">&#x68;&#x6f;&#x72;&#x74;&#x2d;&#x65;&#x76;&#x65;&#114;&#115;&#116;&#101;&#110;&#46;&#111;lden&#x62;&#x75;&#x72;&#x67;&#x40;&#x6a;&#x6f;&#x68;&#x61;&#110;&#110;&#105;&#116;&#101;&#114;&#46;de<\/a> . Alle weiteren Informationen und Unterlagen erhalten Sie im weiteren Aufnahmeverfahren von den Hortmitarbeitenden.<br \/>Weitere Informationen finden Sie unter <a href=\"http:\/\/www.johanniter.de\/hort-eversten\" target=\"_blank\" rel=\"noopener\">www.johanniter.de\/hort-eversten<\/a><\/p>\n<p>Wir freuen uns auf Ihre R\u00fcckmeldung!<\/p>\n<p>Liebe Gr\u00fc\u00dfe<br \/>Ihr Hortteam<\/p>\n<p>\u00a0<\/p>\n<p>\u00a0<\/p>\n<p>\u00a0<\/p>\n<p>\u00a0<\/p>\n","protected":false},"excerpt":{"rendered":"<p>Liebe Eltern, wir freuen uns, dass Sie sich f\u00fcr unsere Hortbetreuung interessieren.F\u00fcr die Anmeldung f\u00fcllen Sie bitte das Anmeldeformular aus und geben Sie dieses den Hortmitarbeitenden oder schicken es an hort-e&#118;&#101;&#114;&#115;&#116;&#101;&#110;&#x2e;&#x6f;&#x6c;&#x64;&#x65;&#x6e;&#x62;&#x75;&#x72;&#x67;&#x40;&#x6a;ohanni&#116;&#101;&#114;&#46;&#100;&#101; . Alle weiteren Informationen und Unterlagen erhalten Sie im &hellip; <a href=\"https:\/\/wordpress.nibis.de\/gseversten\/der-nachmittag-stellt-sich-vor\/\">Weiterlesen <span class=\"meta-nav\">&rarr;<\/span><\/a><\/p>\n","protected":false},"author":9192723,"featured_media":0,"parent":0,"menu_order":0,"comment_status":"closed","ping_status":"closed","template":"","meta":{"footnotes":""},"class_list":["post-3276","page","type-page","status-publish","hentry"],"_links":{"self":[{"href":"https:\/\/wordpress.nibis.de\/gseversten\/wp-json\/wp\/v2\/pages\/3276","targetHints":{"allow":["GET"]}}],"collection":[{"href":"https:\/\/wordpress.nibis.de\/gseversten\/wp-json\/wp\/v2\/pages"}],"about":[{"href":"https:\/\/wordpress.nibis.de\/gseversten\/wp-json\/wp\/v2\/types\/page"}],"author":[{"embeddable":true,"href":"https:\/\/wordpress.nibis.de\/gseversten\/wp-json\/wp\/v2\/users\/9192723"}],"replies":[{"embeddable":true,"href":"https:\/\/wordpress.nibis.de\/gseversten\/wp-json\/wp\/v2\/comments?post=3276"}],"version-history":[{"count":8,"href":"https:\/\/wordpress.nibis.de\/gseversten\/wp-json\/wp\/v2\/pages\/3276\/revisions"}],"predecessor-version":[{"id":5086,"href":"https:\/\/wordpress.nibis.de\/gseversten\/wp-json\/wp\/v2\/pages\/3276\/revisions\/5086"}],"wp:attachment":[{"href":"https:\/\/wordpress.nibis.de\/gseversten\/wp-json\/wp\/v2\/media?parent=3276"}],"curies":[{"name":"wp","href":"https:\/\/api.w.org\/{rel}","templated":true}]}}