{"id":43,"date":"2026-04-13T10:45:00","date_gmt":"2026-04-13T08:45:00","guid":{"rendered":"http:\/\/wordpress.nibis.de\/gseversten\/?page_id=43"},"modified":"2026-04-13T17:38:29","modified_gmt":"2026-04-13T15:38:29","slug":"leitbild","status":"publish","type":"page","link":"https:\/\/wordpress.nibis.de\/gseversten\/leitbild\/","title":{"rendered":"Alles rund um die Einschulung"},"content":{"rendered":"\n<p>M\u00e4rz 2026<\/p>\n\n\n\n<p><strong>E I N S C H U L U N G &nbsp; &nbsp;I M &nbsp; &nbsp; S C H U L J A H R &nbsp; &nbsp; 2027\/28<\/strong><\/p>\n\n\n<div class=\"wp-block-image\">\n<figure class=\"alignright\"><img loading=\"lazy\" decoding=\"async\" width=\"150\" height=\"150\" src=\"https:\/\/wordpress.nibis.de\/gseversten\/files\/2018\/09\/IMG_2200-150x150.jpg\" alt=\"\" class=\"wp-image-29\" \/><\/figure>\n<\/div>\n\n\n<p><strong>Sie m\u00f6chten Ihr Kind an der Katholischen Grundschule Eversten einschulen lassen?<\/strong><\/p>\n\n\n\n<p>Treten Sie gerne mit uns in Kontakt. Dies gilt auch f\u00fcr Familien, deren Kind nicht katholisch getauft ist. <br>Telefonisch sind Terminabsprachen ab dem <strong>20.04.2026<\/strong>&nbsp;unter &nbsp;0441-5 27 68 m\u00f6glich.<\/p>\n\n\n\n<p>Leider lag dieses Mal der Anmeldebogen nicht unserem Anmeldeschreiben f\u00fcr die katholischen Kinder bei. <a href=\"https:\/\/wordpress.nibis.de\/gseversten\/files\/2026\/04\/Anmeldebogen-2027.pdf\" target=\"_blank\" rel=\"noopener\">Hier<\/a> k\u00f6nnen Sie ihn herunterladen. Alternativ erhalten Sie den Anmeldebogen bei unserer Informationsveranstaltung oder von Montag bis Mittwoch in unserem Sekretariat bei Frau Steigertahl.<\/p>\n\n\n\n<p>Pers\u00f6nliche Gespr\u00e4che mit unserer Schulleiterin Frau Burmester sind an folgenden Tagen m\u00f6glich<strong>: 29.\/30.04. und am 04.\/05.\/06.05.<\/strong><\/p>\n\n\n\n<p>Sie m\u00f6chten uns kennenlernen und sich pers\u00f6nlich vor Ort informieren?&nbsp;Dann kommen Sie doch zu unserer <em><strong>Informationsveranstaltung am Mittwoch, d. 22.04.2026 um 19.30 Uhr.<br><\/strong><\/em>Schulluft schnuppern k\u00f6nnen Sie au\u00dferdem bei unserem Fr\u00fchlingsfest, <em><strong>am 25. April 2026  in der Zeit von 10.00 Uhr bis 12.00 Uhr.<br><\/strong><\/em><\/p>\n\n\n\n<p><strong>Formulare rund um die Einschulung <\/strong><\/p>\n\n\n\n<p><a href=\"https:\/\/wordpress.nibis.de\/gseversten\/files\/2026\/04\/Anmeldebogen-2027.pdf\" target=\"_blank\" rel=\"noreferrer noopener\">Anmeldeformular 2027\/28<\/a><\/p>\n\n\n\n<p><a rel=\"noreferrer noopener\" href=\"https:\/\/wordpress.nibis.de\/gseversten\/files\/2025\/03\/Informationsblatt_fr_Erziehungsberechtigte_Einschulungstermin_Stand_Januar_2022.pdf\" data-type=\"URL\" data-id=\"https:\/\/wordpress.nibis.de\/gseversten\/files\/2025\/03\/Informationsblatt_fr_Erziehungsberechtigte_Einschulungstermin_Stand_Januar_2022.pdf\" target=\"_blank\">Informationsblatt zur Flexibilisierung des Einschulungstermins<\/a><\/p>\n\n\n\n<p><a rel=\"noreferrer noopener\" href=\"https:\/\/wordpress.nibis.de\/gseversten\/files\/2024\/05\/Hortbetreuung-Anmeldung-2025-2026.pdf\" data-type=\"URL\" data-id=\"https:\/\/wordpress.nibis.de\/gseversten\/files\/2024\/05\/Hortbetreuung-Anmeldung-2025-2026.pdf\" target=\"_blank\">Anmeldeunterlagen f\u00fcr den Nachmittag<\/a><\/p>\n\n\n\n<p><a href=\"https:\/\/wordpress.nibis.de\/gseversten\/files\/2025\/04\/01-Infoveranstaltung-Homepage-2025.pdf\" data-type=\"URL\" data-id=\"https:\/\/wordpress.nibis.de\/gseversten\/files\/2025\/04\/01-Infoveranstaltung-Homepage-2025.pdf\" target=\"_blank\" rel=\"noreferrer noopener\">Infoveranstaltung 2025<\/a><\/p>\n\n\n\n<p><\/p>\n\n\n<div class=\"wp-block-image\">\n<figure class=\"alignleft\"><a href=\"https:\/\/nds.edumaps.de\/10084\/5926\/x8awg8cw9r\/4926t9hade\" target=\"_blank\" rel=\"noopener noreferrer\"><img loading=\"lazy\" decoding=\"async\" width=\"400\" height=\"300\" src=\"https:\/\/wordpress.nibis.de\/gseversten\/files\/2019\/09\/IMG_0014-Kopie-400x300.jpg\" alt=\"\" class=\"wp-image-1122\" srcset=\"https:\/\/wordpress.nibis.de\/gseversten\/files\/2019\/09\/IMG_0014-Kopie-400x300.jpg 400w, https:\/\/wordpress.nibis.de\/gseversten\/files\/2019\/09\/IMG_0014-Kopie-768x576.jpg 768w, https:\/\/wordpress.nibis.de\/gseversten\/files\/2019\/09\/IMG_0014-Kopie.jpg 800w\" sizes=\"auto, (max-width: 400px) 100vw, 400px\" \/><\/a><figcaption class=\"wp-element-caption\">Schulf\u00fchrung mit Frau Burmester<\/figcaption><\/figure>\n<\/div>\n\n\n<p><\/p>\n\n\n\n\n\n\n\n\n","protected":false},"excerpt":{"rendered":"<p>M\u00e4rz 2026 E I N S C H U L U N G &nbsp; &nbsp;I M &nbsp; &nbsp; S C H U L J A H R &nbsp; &nbsp; 2027\/28 Sie m\u00f6chten Ihr Kind an der Katholischen Grundschule Eversten einschulen &hellip; <a href=\"https:\/\/wordpress.nibis.de\/gseversten\/leitbild\/\">Weiterlesen <span class=\"meta-nav\">&rarr;<\/span><\/a><\/p>\n","protected":false},"author":9192723,"featured_media":0,"parent":0,"menu_order":0,"comment_status":"closed","ping_status":"closed","template":"","meta":{"footnotes":""},"class_list":["post-43","page","type-page","status-publish","hentry"],"_links":{"self":[{"href":"https:\/\/wordpress.nibis.de\/gseversten\/wp-json\/wp\/v2\/pages\/43","targetHints":{"allow":["GET"]}}],"collection":[{"href":"https:\/\/wordpress.nibis.de\/gseversten\/wp-json\/wp\/v2\/pages"}],"about":[{"href":"https:\/\/wordpress.nibis.de\/gseversten\/wp-json\/wp\/v2\/types\/page"}],"author":[{"embeddable":true,"href":"https:\/\/wordpress.nibis.de\/gseversten\/wp-json\/wp\/v2\/users\/9192723"}],"replies":[{"embeddable":true,"href":"https:\/\/wordpress.nibis.de\/gseversten\/wp-json\/wp\/v2\/comments?post=43"}],"version-history":[{"count":82,"href":"https:\/\/wordpress.nibis.de\/gseversten\/wp-json\/wp\/v2\/pages\/43\/revisions"}],"predecessor-version":[{"id":5082,"href":"https:\/\/wordpress.nibis.de\/gseversten\/wp-json\/wp\/v2\/pages\/43\/revisions\/5082"}],"wp:attachment":[{"href":"https:\/\/wordpress.nibis.de\/gseversten\/wp-json\/wp\/v2\/media?parent=43"}],"curies":[{"name":"wp","href":"https:\/\/api.w.org\/{rel}","templated":true}]}}