{"id":443,"date":"2020-03-26T11:03:54","date_gmt":"2020-03-26T10:03:54","guid":{"rendered":"http:\/\/wordpress.nibis.de\/gseversten\/?page_id=443"},"modified":"2020-03-26T19:10:17","modified_gmt":"2020-03-26T18:10:17","slug":"kunstgalerie","status":"publish","type":"page","link":"https:\/\/wordpress.nibis.de\/gseversten\/kunstgalerie\/","title":{"rendered":"Kunstgalerie"},"content":{"rendered":"<p>Hier kannst du dir anschauen, was die Kinder in den Klassen 1 bis 4 so alles gemalt haben. Vielleicht bekommst du ja auch mal wieder Lust, etwas zu malen.<\/p>\n<p>Viel Spa\u00df beim Anschauen!<\/p>\n<p>\u00a0<\/p>\n<div id=\"attachment_1540\" style=\"width: 147px\" class=\"wp-caption aligncenter\"><img loading=\"lazy\" decoding=\"async\" aria-describedby=\"caption-attachment-1540\" class=\" wp-image-1540\" src=\"https:\/\/wordpress.nibis.de\/gseversten\/files\/2020\/03\/IMG_20200326_112130-219x300.jpg\" alt=\"\" width=\"137\" height=\"188\" \/><p id=\"caption-attachment-1540\" class=\"wp-caption-text\">Bild von Tilda<\/p><\/div>\n<p>Diese Osterbild hat Tilda aus der 1b gemacht. Danke f\u00fcr die Fr\u00fchlingsgr\u00fc\u00dfe!<\/p>\n<p>Hier zwei Bilder von Alexander aus der 1b. Vielen Dank \ud83d\ude42<\/p>\n<p><img loading=\"lazy\" decoding=\"async\" class=\"wp-image-1425 alignleft\" src=\"https:\/\/wordpress.nibis.de\/gseversten\/files\/2020\/03\/7A8B717A-AA6F-4457-8DB5-F2FAF0679585-400x285.jpeg\" alt=\"\" width=\"271\" height=\"193\" \/> <img loading=\"lazy\" decoding=\"async\" class=\"wp-image-1426 alignright\" src=\"https:\/\/wordpress.nibis.de\/gseversten\/files\/2020\/03\/CAD1797F-45BE-43EB-B0A4-A77AE45B3A8F-400x281.jpeg\" alt=\"\" width=\"275\" height=\"193\" \/><\/p>\n<p>\u00a0<\/p>\n<p>\u00a0<\/p>\n<p>\u00a0<\/p>\n<p>\u00a0<\/p>\n<p>\u00a0<\/p>\n<p>\u00a0<\/p>\n<p>\u00a0<\/p>\n\n\n<p>\u00a0<\/p>\n<p>\u00a0<\/p>\n<p>\u00a0<\/p>\n<p>\u00a0<\/p>\n<p>\u00a0<\/p>\n\n\n<p><\/p>\n\n\n\n<p><\/p>\n\n\n\n<p><\/p>\n\n\n\n<p><\/p>\n\n\n\n<p><\/p>\n\n\n\n<p><\/p>\n","protected":false},"excerpt":{"rendered":"<p>Hier kannst du dir anschauen, was die Kinder in den Klassen 1 bis 4 so alles gemalt haben. Vielleicht bekommst du ja auch mal wieder Lust, etwas zu malen. Viel Spa\u00df beim Anschauen! \u00a0 Diese Osterbild hat Tilda aus der &hellip; <a href=\"https:\/\/wordpress.nibis.de\/gseversten\/kunstgalerie\/\">Weiterlesen <span class=\"meta-nav\">&rarr;<\/span><\/a><\/p>\n","protected":false},"author":9192723,"featured_media":0,"parent":0,"menu_order":0,"comment_status":"closed","ping_status":"closed","template":"","meta":{"footnotes":""},"class_list":["post-443","page","type-page","status-publish","hentry"],"_links":{"self":[{"href":"https:\/\/wordpress.nibis.de\/gseversten\/wp-json\/wp\/v2\/pages\/443","targetHints":{"allow":["GET"]}}],"collection":[{"href":"https:\/\/wordpress.nibis.de\/gseversten\/wp-json\/wp\/v2\/pages"}],"about":[{"href":"https:\/\/wordpress.nibis.de\/gseversten\/wp-json\/wp\/v2\/types\/page"}],"author":[{"embeddable":true,"href":"https:\/\/wordpress.nibis.de\/gseversten\/wp-json\/wp\/v2\/users\/9192723"}],"replies":[{"embeddable":true,"href":"https:\/\/wordpress.nibis.de\/gseversten\/wp-json\/wp\/v2\/comments?post=443"}],"version-history":[{"count":12,"href":"https:\/\/wordpress.nibis.de\/gseversten\/wp-json\/wp\/v2\/pages\/443\/revisions"}],"predecessor-version":[{"id":1550,"href":"https:\/\/wordpress.nibis.de\/gseversten\/wp-json\/wp\/v2\/pages\/443\/revisions\/1550"}],"wp:attachment":[{"href":"https:\/\/wordpress.nibis.de\/gseversten\/wp-json\/wp\/v2\/media?parent=443"}],"curies":[{"name":"wp","href":"https:\/\/api.w.org\/{rel}","templated":true}]}}