{"id":541,"date":"2023-02-11T09:05:00","date_gmt":"2023-02-11T08:05:00","guid":{"rendered":"http:\/\/wordpress.nibis.de\/gseversten\/?page_id=541"},"modified":"2024-03-08T17:10:27","modified_gmt":"2024-03-08T16:10:27","slug":"formulare-2","status":"publish","type":"page","link":"https:\/\/wordpress.nibis.de\/gseversten\/formulare-2\/","title":{"rendered":"Formulare"},"content":{"rendered":"<p>\u00a0<\/p>\n<p><a href=\"https:\/\/wordpress.nibis.de\/gseversten\/files\/2024\/03\/Beitrittserklaerung-neu.pdf\" target=\"_blank\" rel=\"noopener\">Mitgliedserkl\u00e4rung_F\u00f6rderverein<\/a><\/p>\n\n\n<p><\/p>\n\n\n\n<p><a href=\"https:\/\/wordpress.nibis.de\/gseversten\/files\/2023\/02\/00-Satzung_Forderverein_20-02-2017.-pdf.pdf\" target=\"_blank\" rel=\"noopener\">Satzung des F\u00f6rdervereins<\/a><\/p>\n","protected":false},"excerpt":{"rendered":"<p>\u00a0 Mitgliedserkl\u00e4rung_F\u00f6rderverein Satzung des F\u00f6rdervereins<\/p>\n","protected":false},"author":9192723,"featured_media":0,"parent":0,"menu_order":0,"comment_status":"closed","ping_status":"closed","template":"","meta":{"footnotes":""},"class_list":["post-541","page","type-page","status-publish","hentry"],"_links":{"self":[{"href":"https:\/\/wordpress.nibis.de\/gseversten\/wp-json\/wp\/v2\/pages\/541","targetHints":{"allow":["GET"]}}],"collection":[{"href":"https:\/\/wordpress.nibis.de\/gseversten\/wp-json\/wp\/v2\/pages"}],"about":[{"href":"https:\/\/wordpress.nibis.de\/gseversten\/wp-json\/wp\/v2\/types\/page"}],"author":[{"embeddable":true,"href":"https:\/\/wordpress.nibis.de\/gseversten\/wp-json\/wp\/v2\/users\/9192723"}],"replies":[{"embeddable":true,"href":"https:\/\/wordpress.nibis.de\/gseversten\/wp-json\/wp\/v2\/comments?post=541"}],"version-history":[{"count":14,"href":"https:\/\/wordpress.nibis.de\/gseversten\/wp-json\/wp\/v2\/pages\/541\/revisions"}],"predecessor-version":[{"id":3832,"href":"https:\/\/wordpress.nibis.de\/gseversten\/wp-json\/wp\/v2\/pages\/541\/revisions\/3832"}],"wp:attachment":[{"href":"https:\/\/wordpress.nibis.de\/gseversten\/wp-json\/wp\/v2\/media?parent=541"}],"curies":[{"name":"wp","href":"https:\/\/api.w.org\/{rel}","templated":true}]}}