{"id":543,"date":"2025-02-11T17:00:00","date_gmt":"2025-02-11T16:00:00","guid":{"rendered":"http:\/\/wordpress.nibis.de\/gseversten\/?page_id=543"},"modified":"2025-02-11T17:21:11","modified_gmt":"2025-02-11T16:21:11","slug":"termine","status":"publish","type":"page","link":"https:\/\/wordpress.nibis.de\/gseversten\/termine\/","title":{"rendered":"Termine des F\u00f6rdervereins"},"content":{"rendered":"\n<p><br \/><strong>Einladung zur Mitgliederversammlung des F\u00f6rdervereins<\/strong><\/p>\n<p>Der F\u00f6rderverein unserer Schule l\u00e4dt alle Vereinsmitglieder und diejenigen, die es noch werden wollen zur diesj\u00e4hrigen Mitgliederversammlung am Dienstag, d. 18.02.2025 um 18.30 Uhr ein &#8211; <a href=\"https:\/\/wordpress.nibis.de\/gseversten\/files\/2025\/02\/2023_EinladungMitgliederversammlung-2.pdf\" target=\"_blank\" rel=\"noopener\">Hier<\/a> die Einladung mit den Tagesordnungspunkten.<\/p>\n<p><a href=\"https:\/\/wordpress.nibis.de\/gseversten\/files\/2025\/02\/Protokoll-MV-2023.pdf\" target=\"_blank\" rel=\"noopener\">Hier<\/a> das Protokoll vom 27.04.2023.<\/p>\n","protected":false},"excerpt":{"rendered":"<p>Einladung zur Mitgliederversammlung des F\u00f6rdervereins Der F\u00f6rderverein unserer Schule l\u00e4dt alle Vereinsmitglieder und diejenigen, die es noch werden wollen zur diesj\u00e4hrigen Mitgliederversammlung am Dienstag, d. 18.02.2025 um 18.30 Uhr ein &#8211; Hier die Einladung mit den Tagesordnungspunkten. Hier das Protokoll &hellip; <a href=\"https:\/\/wordpress.nibis.de\/gseversten\/termine\/\">Weiterlesen <span class=\"meta-nav\">&rarr;<\/span><\/a><\/p>\n","protected":false},"author":9192723,"featured_media":0,"parent":0,"menu_order":0,"comment_status":"closed","ping_status":"closed","template":"","meta":{"footnotes":""},"class_list":["post-543","page","type-page","status-publish","hentry"],"_links":{"self":[{"href":"https:\/\/wordpress.nibis.de\/gseversten\/wp-json\/wp\/v2\/pages\/543","targetHints":{"allow":["GET"]}}],"collection":[{"href":"https:\/\/wordpress.nibis.de\/gseversten\/wp-json\/wp\/v2\/pages"}],"about":[{"href":"https:\/\/wordpress.nibis.de\/gseversten\/wp-json\/wp\/v2\/types\/page"}],"author":[{"embeddable":true,"href":"https:\/\/wordpress.nibis.de\/gseversten\/wp-json\/wp\/v2\/users\/9192723"}],"replies":[{"embeddable":true,"href":"https:\/\/wordpress.nibis.de\/gseversten\/wp-json\/wp\/v2\/comments?post=543"}],"version-history":[{"count":15,"href":"https:\/\/wordpress.nibis.de\/gseversten\/wp-json\/wp\/v2\/pages\/543\/revisions"}],"predecessor-version":[{"id":4149,"href":"https:\/\/wordpress.nibis.de\/gseversten\/wp-json\/wp\/v2\/pages\/543\/revisions\/4149"}],"wp:attachment":[{"href":"https:\/\/wordpress.nibis.de\/gseversten\/wp-json\/wp\/v2\/media?parent=543"}],"curies":[{"name":"wp","href":"https:\/\/api.w.org\/{rel}","templated":true}]}}