{"id":75,"date":"2025-09-08T15:01:00","date_gmt":"2025-09-08T13:01:00","guid":{"rendered":"http:\/\/wordpress.nibis.de\/gseversten\/?page_id=75"},"modified":"2025-09-08T17:37:21","modified_gmt":"2025-09-08T15:37:21","slug":"begabungsfoerderung-2","status":"publish","type":"page","link":"https:\/\/wordpress.nibis.de\/gseversten\/begabungsfoerderung-2\/","title":{"rendered":"Begabtenf\u00f6rderung"},"content":{"rendered":"<div class=\"column\">\n<p>Seit 2004 geh\u00f6rt unsere Schule zum Kooperationsverbund (KOV) der Stadt Oldenburg zur F\u00f6rderung besonderer Begabungen. Der Kooperationsverbund OL-Stadt hat es sich zur Aufgabe gemacht, besondere Begabungen bei Sch\u00fcler*innen, fr\u00fch- und rechtzeitig zu erkennen und individuell zu f\u00f6rdern. Dies geschieht innerhalb des regul\u00e4ren Unterrichts, aber auch in speziell ausgeschriebenen Arbeitsgemeinschaften und Projekten.<br \/>N\u00e4here Infos dazu finden Sie im auf <a href=\"https:\/\/wordpress.nibis.de\/kovolstadt\/\" target=\"_blank\" rel=\"noopener\">der Homepage des KOV<\/a>. Au\u00dferdem finden sich immer wieder Berichte auf unserer Homepage zu den Angeboten unserer Schule: Plattdeutsch-AG, Kreatives Schreiben,\u00a0<a href=\"https:\/\/wordpress.nibis.de\/kovolstadt\/2023\/05\/15\/buchprojekt\/\" target=\"_blank\" rel=\"noopener\">Buchprojekt<\/a>, Vorbereitung auf die Mathematik-Olympiade, mathematische Knobeleien usw.<\/p>\n<p>W\u00e4hrend der Pandemie konnte das traditionelle schulform\u00fcbergreifende Pr\u00e4sentationsforum, bei dem die vielf\u00e4ltigen Projekte der \u00d6ffentlichkeit vorgestellt wurden, nicht durchgef\u00fchrt werden. Daher fand 2022 ein digitales Forum statt. <br \/>Schauen Sie sich gerne auf der Seite dort um, um einen Eindruck von der Vielzahl unserer <strong>Projekte<\/strong> zu erhalten &#8211; \u00a0<a href=\"https:\/\/www.taskcards.de\/#\/board\/01aa8abc-4b66-42f3-a8ca-78261b5dad25\/view\" target=\"_blank\" rel=\"noopener\">hier geht&#8217;s lang&#8230;<\/a><\/p>\n<p>Zum Gl\u00fcck k\u00f6nnen wir uns jetzt auch wieder im M\u00e4rz jeden Jahres vor Ort treffen. N\u00e4here Infos gibt&#8217;s fr\u00fchzeitig.<\/p>\n<p>Und <a href=\"https:\/\/wordpress.nibis.de\/kovolstadt\/files\/2024\/08\/2024-08-08-KOV-Programm.pdf\" target=\"_blank\" rel=\"noopener\">hier<\/a>\u00a0das <strong>Programm f\u00fcrs Schuljahr 2024\/25<\/strong>.<\/p>\n<p><a href=\"https:\/\/www.mk.niedersachsen.de\/startseite\/schule\/lehrkraefte\/unterricht\/begabungsfoerderung\/begabungsfoerderung--6499.html\" target=\"_blank\" rel=\"noopener\">Begabtenf\u00f6rderung in Niedersachsen<\/a><\/p>\n<\/div>\n<div class=\"column\">\u00a0<\/div>\n\n","protected":false},"excerpt":{"rendered":"<p>Seit 2004 geh\u00f6rt unsere Schule zum Kooperationsverbund (KOV) der Stadt Oldenburg zur F\u00f6rderung besonderer Begabungen. Der Kooperationsverbund OL-Stadt hat es sich zur Aufgabe gemacht, besondere Begabungen bei Sch\u00fcler*innen, fr\u00fch- und rechtzeitig zu erkennen und individuell zu f\u00f6rdern. Dies geschieht innerhalb &hellip; <a href=\"https:\/\/wordpress.nibis.de\/gseversten\/begabungsfoerderung-2\/\">Weiterlesen <span class=\"meta-nav\">&rarr;<\/span><\/a><\/p>\n","protected":false},"author":9192723,"featured_media":0,"parent":0,"menu_order":0,"comment_status":"closed","ping_status":"closed","template":"","meta":{"footnotes":""},"class_list":["post-75","page","type-page","status-publish","hentry"],"_links":{"self":[{"href":"https:\/\/wordpress.nibis.de\/gseversten\/wp-json\/wp\/v2\/pages\/75","targetHints":{"allow":["GET"]}}],"collection":[{"href":"https:\/\/wordpress.nibis.de\/gseversten\/wp-json\/wp\/v2\/pages"}],"about":[{"href":"https:\/\/wordpress.nibis.de\/gseversten\/wp-json\/wp\/v2\/types\/page"}],"author":[{"embeddable":true,"href":"https:\/\/wordpress.nibis.de\/gseversten\/wp-json\/wp\/v2\/users\/9192723"}],"replies":[{"embeddable":true,"href":"https:\/\/wordpress.nibis.de\/gseversten\/wp-json\/wp\/v2\/comments?post=75"}],"version-history":[{"count":17,"href":"https:\/\/wordpress.nibis.de\/gseversten\/wp-json\/wp\/v2\/pages\/75\/revisions"}],"predecessor-version":[{"id":4418,"href":"https:\/\/wordpress.nibis.de\/gseversten\/wp-json\/wp\/v2\/pages\/75\/revisions\/4418"}],"wp:attachment":[{"href":"https:\/\/wordpress.nibis.de\/gseversten\/wp-json\/wp\/v2\/media?parent=75"}],"curies":[{"name":"wp","href":"https:\/\/api.w.org\/{rel}","templated":true}]}}