{"id":90,"date":"2025-03-20T15:10:00","date_gmt":"2025-03-20T14:10:00","guid":{"rendered":"http:\/\/wordpress.nibis.de\/gseversten\/?page_id=90"},"modified":"2025-03-31T18:03:40","modified_gmt":"2025-03-31T16:03:40","slug":"von-kindern-fuer-kinder","status":"publish","type":"page","link":"https:\/\/wordpress.nibis.de\/gseversten\/von-kindern-fuer-kinder\/","title":{"rendered":"Von Kindern f\u00fcr Kinder &#8211; Macht mit :)"},"content":{"rendered":"<div class=\"page\" title=\"Page 1\">\n<div class=\"layoutArea\">\n<div class=\"column\">\n<p>Liebe Kinder, es herrscht gerade Langeweile bei euch?<br \/>\nHier gibt&#8217;s ein paar Anregungen f\u00fcr euch:<\/p>\n<ul>\n<li><a href=\"https:\/\/wordpress.nibis.de\/gseversten\/buchtipps\/\" target=\"_blank\" rel=\"noopener noreferrer\">Buchtipp<\/a>: Was ist gerade dein Lieblingsbuch? Stelle es deinen Mitsch\u00fclerInnen kurz vor!<\/li>\n<li>Hast du Lust Geschichten zu lesen, die ganz viele Kinder aus OL in einem Projekt zusammen geschrieben haben? Dann geht&#8217;s <a href=\"https:\/\/wordpress.nibis.de\/gseversten\/die-geheimnisvolle-huette-ein-kov-buchprojekt\/\" target=\"_blank\" rel=\"noopener noreferrer\">hier<\/a> oder hier entlang.<\/li>\n<li>Basteltipp: Hast du einen Basteltipp f\u00fcr die Osterdeko oder f\u00fcr ein kleines Geschenk?Schreibe eine Bastelanleitung oder fertige eine Bastelvorlage an!<\/li>\n<li>Leckere <a href=\"https:\/\/wordpress.nibis.de\/gseversten\/rezepte\/\" target=\"_blank\" rel=\"noopener noreferrer\">Rezepte<\/a>: Was k\u00f6nnen Kinder (mit Erlaubnis ihrer Eltern) backen oder kochen? Schreibe ein Rezept!<\/li>\n<li>R\u00e4tselseite: Hier kannst du f\u00fcr deine Mitsch\u00fclerInnen R\u00e4tsel oder Scherzfragen aufschreiben!<\/li>\n<li>Kennst du ein sch\u00f6nes Fr\u00fchlingsgedicht? Vielleicht kannst du es als mp3-Datei aufnehmen und dann wird&#8217;s auch hier ver\u00f6ffentlicht. Ein sch\u00f6nes Bild passt bestimmt auch noch dazu.<\/li>\n<li>Bilder gibt&#8217;s \u00fcbrigens auch in unserer <a href=\"https:\/\/wordpress.nibis.de\/gseversten\/kunstgalerie\/\" target=\"_blank\" rel=\"noopener noreferrer\">Kunstgalerie<\/a> &#8211; Schaut doch mal vorbei!<\/li>\n<li>Wir wollen die l\u00e4ngste <a href=\"https:\/\/wordpress.nibis.de\/gseversten\/was-wir-sonst-noch-machen-koennen\/\" target=\"_blank\" rel=\"noopener noreferrer\">Liste<\/a> erstellen mit Dingen, die immer noch Spa\u00df machen und Freude bereiten: z.B. im Garten spielen, Vogelgezwitscher anh\u00f6ren, einen K\u00e4fer beobachten, eine Modenschau veranstalten, einen hohen Turm aus Baukl\u00f6tzen bauen&#8230; Da habt ihr bestimmt viele Ideen. Schreibt alles auf!<\/li>\n<li>Frag bitte immer vorher deine Eltern und dann geht&#8217;s los \ud83d\ude42<\/li>\n<li>Wenn du wissen willst, welche Ideen deine Schulkameraden schon hatten, dann klick auf die unterstrichenen W\u00f6rter.<\/li>\n<\/ul>\n<p>Die Kinder in den Klassen 4 haben sich gerade im Sachunterricht mit dem Thema &#8222;Europa&#8220; besch\u00e4ftigt. Klickt mal auf die Links, dann k\u00f6nnt ihr euer Wissen testen \ud83d\ude42<\/p>\n<\/div>\n<\/div>\n<\/div>\n<p><a href=\"http:\/\/europa.eu\/index_de.htm\">http:\/\/europa.eu\/index_de.htm<\/a><\/p>\n<p><a href=\"http:\/\/www.vs-angerberg.tsn.at\/e-learning_Europahauptstaedte.htm\">http:\/\/www.vs-angerberg.tsn.at\/e-learning_Europahauptstaedte.htm<\/a><\/p>\n<p><a href=\"http:\/\/www.vs-angerberg.tsn.at\/e-learning_Autokennzeichen.htm\">http:\/\/www.vs-angerberg.tsn.at\/e-learning_Autokennzeichen.htm<\/a><\/p>\n<p><a href=\"http:\/\/www.vs-angerberg.tsn.at\/HotPotatoes\/Europa_Hauptstaedte_Fluesse.htm\">http:\/\/www.vs-angerberg.tsn.at\/HotPotatoes\/Europa_Hauptstaedte_Fluesse.htm<\/a><\/p>\n<p><a href=\"http:\/\/www.abfrager.de\/grundschule\/klasse4\/sachkunde\/europa.htm\">http:\/\/www.abfrager.de\/grundschule\/klasse4\/sachkunde\/europa.htm<\/a><\/p>\n<p>Klicke in der Navigationsleiste oben auf &#8222;Links f\u00fcr Kids&#8220;. Dort findest du noch weitere interessante Seiten f\u00fcr Kinder im Internet.<\/p>\n","protected":false},"excerpt":{"rendered":"<p>Liebe Kinder, es herrscht gerade Langeweile bei euch? Hier gibt&#8217;s ein paar Anregungen f\u00fcr euch: Buchtipp: Was ist gerade dein Lieblingsbuch? Stelle es deinen Mitsch\u00fclerInnen kurz vor! Hast du Lust Geschichten zu lesen, die ganz viele Kinder aus OL in &hellip; <a href=\"https:\/\/wordpress.nibis.de\/gseversten\/von-kindern-fuer-kinder\/\">Weiterlesen <span class=\"meta-nav\">&rarr;<\/span><\/a><\/p>\n","protected":false},"author":9192723,"featured_media":0,"parent":0,"menu_order":0,"comment_status":"closed","ping_status":"closed","template":"","meta":{"footnotes":""},"class_list":["post-90","page","type-page","status-publish","hentry"],"_links":{"self":[{"href":"https:\/\/wordpress.nibis.de\/gseversten\/wp-json\/wp\/v2\/pages\/90","targetHints":{"allow":["GET"]}}],"collection":[{"href":"https:\/\/wordpress.nibis.de\/gseversten\/wp-json\/wp\/v2\/pages"}],"about":[{"href":"https:\/\/wordpress.nibis.de\/gseversten\/wp-json\/wp\/v2\/types\/page"}],"author":[{"embeddable":true,"href":"https:\/\/wordpress.nibis.de\/gseversten\/wp-json\/wp\/v2\/users\/9192723"}],"replies":[{"embeddable":true,"href":"https:\/\/wordpress.nibis.de\/gseversten\/wp-json\/wp\/v2\/comments?post=90"}],"version-history":[{"count":19,"href":"https:\/\/wordpress.nibis.de\/gseversten\/wp-json\/wp\/v2\/pages\/90\/revisions"}],"predecessor-version":[{"id":4289,"href":"https:\/\/wordpress.nibis.de\/gseversten\/wp-json\/wp\/v2\/pages\/90\/revisions\/4289"}],"wp:attachment":[{"href":"https:\/\/wordpress.nibis.de\/gseversten\/wp-json\/wp\/v2\/media?parent=90"}],"curies":[{"name":"wp","href":"https:\/\/api.w.org\/{rel}","templated":true}]}}