{"id":92,"date":"2023-10-02T11:10:00","date_gmt":"2023-10-02T09:10:00","guid":{"rendered":"http:\/\/wordpress.nibis.de\/gseversten\/?page_id=92"},"modified":"2023-10-02T19:39:09","modified_gmt":"2023-10-02T17:39:09","slug":"links-fuer-kids","status":"publish","type":"page","link":"https:\/\/wordpress.nibis.de\/gseversten\/links-fuer-kids\/","title":{"rendered":"Links f\u00fcr Kids"},"content":{"rendered":"<p>Kennst du die B\u00fccher von Lasse und Maja?<br \/><a href=\"https:\/\/view.genial.ly\/6512aa9b6aa41a001141d09e\/interactive-content-blackboard-quiz\" target=\"_blank\" rel=\"noopener\">Hier geht&#8217;s zu einem Quiz!<\/a><\/p>\n<p><strong>Von dieser Seite der Kath. Grundschule Eversten gelangt ihr\/gelangen Sie \u00fcber Links auf Fremdseiten, f\u00fcr deren Inhalte wir keine Verantwortung \u00fcbernehmen.\u00a0<\/strong><\/p>\n<p><a href=\"https:\/\/www.ndr.de\/nachrichten\/info\/sendungen\/mikado\/index.html\" target=\"_blank\" rel=\"noopener noreferrer\">Hier<\/a> geht&#8217;s zu Mikado, dem Kinderradio des NDR.<\/p>\n<p>Liest du gerne und hast einen Antolin-Benutzernamen?\u00a0<a href=\"https:\/\/www.antolin.de\">Hier geht&#8217;s zu Antolin<\/a><\/p>\n<p>Hier gibt&#8217;s \u00dcbungsmaterial f\u00fcr alle Jahrg\u00e4nge:\u00a0<a href=\"https:\/\/www.hamsterkiste.de\" target=\"_blank\" rel=\"noopener noreferrer\">Hamsterkiste<\/a><\/p>\n<p>Willst du die Zeit zu Hause nutzen, 1&#215;1-Profi \u00a0zu werden?\u00a0Dann geht&#8217;s <a href=\"http:\/\/materials.lehrerweb.at\/mathematik\/1x1\/\" target=\"_blank\" rel=\"noopener noreferrer\">hier<\/a> zum Fitness-Training f\u00fcrs Gehirn. W\u00e4hle eine \u00dcbung aus, mit der du beginnen willst.<\/p>\n<p>\u00a0<\/p>\n\n\n<p><\/p>\n\n\n","protected":false},"excerpt":{"rendered":"<p>Kennst du die B\u00fccher von Lasse und Maja?Hier geht&#8217;s zu einem Quiz! Von dieser Seite der Kath. Grundschule Eversten gelangt ihr\/gelangen Sie \u00fcber Links auf Fremdseiten, f\u00fcr deren Inhalte wir keine Verantwortung \u00fcbernehmen.\u00a0 Hier geht&#8217;s zu Mikado, dem Kinderradio des &hellip; <a href=\"https:\/\/wordpress.nibis.de\/gseversten\/links-fuer-kids\/\">Weiterlesen <span class=\"meta-nav\">&rarr;<\/span><\/a><\/p>\n","protected":false},"author":9192723,"featured_media":0,"parent":0,"menu_order":0,"comment_status":"closed","ping_status":"closed","template":"","meta":{"footnotes":""},"class_list":["post-92","page","type-page","status-publish","hentry"],"_links":{"self":[{"href":"https:\/\/wordpress.nibis.de\/gseversten\/wp-json\/wp\/v2\/pages\/92","targetHints":{"allow":["GET"]}}],"collection":[{"href":"https:\/\/wordpress.nibis.de\/gseversten\/wp-json\/wp\/v2\/pages"}],"about":[{"href":"https:\/\/wordpress.nibis.de\/gseversten\/wp-json\/wp\/v2\/types\/page"}],"author":[{"embeddable":true,"href":"https:\/\/wordpress.nibis.de\/gseversten\/wp-json\/wp\/v2\/users\/9192723"}],"replies":[{"embeddable":true,"href":"https:\/\/wordpress.nibis.de\/gseversten\/wp-json\/wp\/v2\/comments?post=92"}],"version-history":[{"count":17,"href":"https:\/\/wordpress.nibis.de\/gseversten\/wp-json\/wp\/v2\/pages\/92\/revisions"}],"predecessor-version":[{"id":3712,"href":"https:\/\/wordpress.nibis.de\/gseversten\/wp-json\/wp\/v2\/pages\/92\/revisions\/3712"}],"wp:attachment":[{"href":"https:\/\/wordpress.nibis.de\/gseversten\/wp-json\/wp\/v2\/media?parent=92"}],"curies":[{"name":"wp","href":"https:\/\/api.w.org\/{rel}","templated":true}]}}