{"id":94,"date":"2022-07-11T10:11:00","date_gmt":"2022-07-11T08:11:00","guid":{"rendered":"http:\/\/wordpress.nibis.de\/gseversten\/?page_id=94"},"modified":"2025-03-26T14:48:30","modified_gmt":"2025-03-26T13:48:30","slug":"wir-ueber-uns","status":"publish","type":"page","link":"https:\/\/wordpress.nibis.de\/gseversten\/wir-ueber-uns\/","title":{"rendered":"Allgemeine Infos"},"content":{"rendered":"<div>\n<p>Liebe Eltern der Sch\u00fcler*innen der Katholischen Grundschule Eversten,<\/p>\n<p>unser F\u00f6rderverein unterst\u00fctzt die Erziehungs- und Bildungsarbeit in der Katholische Grundschule Eversten durch die Bereitstellung von finanziellen und sachlichen Mitteln. Er erm\u00f6glicht somit die F\u00f6rderung aller Sch\u00fcler*innen unserer Grundschule.<\/p>\n<p>Der F\u00f6rderverein hat im letzten Jahr u.a. das erfolgreiche Zirkusprojekt erm\u00f6glicht, eine Schulk\u00fcche angeschafft, Kinder aus einkommens-schwachen Familien unterst\u00fctzt, um an der Gemeinschaft teilzunehmen sowie Schul-T-Shirts f\u00fcr die Erstkl\u00e4ssler und f\u00fcr den Brunnenlauf bereitgestellt und noch vieles mehr.<\/p>\n<p>Um unsere Kinder auch in der Zukunft zu unterst\u00fctzen, ben\u00f6tigen wir Ihr Engagement als Mitglied in unserem F\u00f6rderverein und\/odeeine Spende. Sie f\u00f6rdern mit Ihrem Beitrag die Weiterentwicklung Ihrer Kinder.Helfen Sie uns etwas Gutes f\u00fcr die Schule und Ihre Kinder zu tun!<\/p>\n<p>Werden Sie Mitglied und unterst\u00fctzen Sie die Weiterentwicklung aller Kinder!<\/p>\n<p>Auch dieses Jahr haben wir einiges vor: Die Neugestaltung des Schulhofes, Anschaffungen f\u00fcr den Unterricht, F\u00f6rderung von Projekten und noch vieles mehr\u2026<\/p>\n<p>Mit besten Gr\u00fc\u00dfen<br \/>Euer F\u00f6rderverein der Katholischen GS Eversten e.V.&#8220;<\/p>\n<p>Der aktuelle Vorstand sind:<\/p>\n<p>Daniel Jakob<br \/>Petra Determann<br \/>Malte Duhn<br \/>Nadine Book<\/p>\n<\/div>\n<div>\n<p align=\"justify\"><span style=\"font-size: small\">F\u00f6rderverein Kath. GS Eversten e.V. (VR 2313)<br \/>Steuer-Nummer 64\/220\/09856 FA Oldb Kontonummer:<\/span><\/p>\n<p align=\"justify\"><strong><span style=\"font-size: small\">IBAN: DE87 2805 0100 0010 1216 97<\/span><\/strong><br \/><strong><span style=\"font-size: small\">BIC: BRLADE21LZO<\/span><\/strong><\/p>\n<p>\u00a0<\/p>\n<\/div>\n\n\n<p><\/p>\n","protected":false},"excerpt":{"rendered":"<p>Liebe Eltern der Sch\u00fcler*innen der Katholischen Grundschule Eversten, unser F\u00f6rderverein unterst\u00fctzt die Erziehungs- und Bildungsarbeit in der Katholische Grundschule Eversten durch die Bereitstellung von finanziellen und sachlichen Mitteln. Er erm\u00f6glicht somit die F\u00f6rderung aller Sch\u00fcler*innen unserer Grundschule. Der F\u00f6rderverein hat &hellip; <a href=\"https:\/\/wordpress.nibis.de\/gseversten\/wir-ueber-uns\/\">Weiterlesen <span class=\"meta-nav\">&rarr;<\/span><\/a><\/p>\n","protected":false},"author":9192723,"featured_media":0,"parent":0,"menu_order":0,"comment_status":"closed","ping_status":"closed","template":"","meta":{"footnotes":""},"class_list":["post-94","page","type-page","status-publish","hentry"],"_links":{"self":[{"href":"https:\/\/wordpress.nibis.de\/gseversten\/wp-json\/wp\/v2\/pages\/94","targetHints":{"allow":["GET"]}}],"collection":[{"href":"https:\/\/wordpress.nibis.de\/gseversten\/wp-json\/wp\/v2\/pages"}],"about":[{"href":"https:\/\/wordpress.nibis.de\/gseversten\/wp-json\/wp\/v2\/types\/page"}],"author":[{"embeddable":true,"href":"https:\/\/wordpress.nibis.de\/gseversten\/wp-json\/wp\/v2\/users\/9192723"}],"replies":[{"embeddable":true,"href":"https:\/\/wordpress.nibis.de\/gseversten\/wp-json\/wp\/v2\/comments?post=94"}],"version-history":[{"count":12,"href":"https:\/\/wordpress.nibis.de\/gseversten\/wp-json\/wp\/v2\/pages\/94\/revisions"}],"predecessor-version":[{"id":4241,"href":"https:\/\/wordpress.nibis.de\/gseversten\/wp-json\/wp\/v2\/pages\/94\/revisions\/4241"}],"wp:attachment":[{"href":"https:\/\/wordpress.nibis.de\/gseversten\/wp-json\/wp\/v2\/media?parent=94"}],"curies":[{"name":"wp","href":"https:\/\/api.w.org\/{rel}","templated":true}]}}