{"id":103,"date":"2023-09-09T17:44:42","date_gmt":"2023-09-09T15:44:42","guid":{"rendered":"https:\/\/wordpress.nibis.de\/gsfa\/?page_id=103"},"modified":"2025-05-29T18:10:55","modified_gmt":"2025-05-29T16:10:55","slug":"foerderverein","status":"publish","type":"page","link":"https:\/\/wordpress.nibis.de\/gsfa\/foerderverein\/","title":{"rendered":"Der F\u00f6rderverein"},"content":{"rendered":"\n<p class=\"has-text-align-center has-medium-font-size\"><strong><span style=\"color:#0693e3\" class=\"tadv-color\">Wer sind wir?<\/span><\/strong><\/p>\n\n\n\n<p class=\"has-text-align-center\"><strong>Seit 1997 unterst\u00fctzt der F\u00f6rderverein die Schulgemeinde finanziell bei Projekten und Anschaffungen, die nicht vom Schuletat abgedeckt werden. In enger Zusammenarbeit mit Schulleitung, LehrerInnen und engagierten Eltern konnte seitdem viel bewegt werden.<\/strong><\/p>\n\n\n\n<hr class=\"wp-block-separator has-text-color has-background has-black-background-color has-black-color is-style-wide\" \/>\n\n\n\n<p style=\"font-size:18px\"><strong>Der Vorstand<\/strong><\/p>\n\n\n\n<ol class=\"wp-block-list\"><li>Vorsitzende: Lena Nethert<\/li><li>Vorsitzende: Anette Heidtke<\/li><\/ol>\n\n\n\n<ol class=\"wp-block-list\"><li>Kassenwart: Frederik Gutermilch<\/li><li>Kassenwart: Alexander Schweigert<\/li><\/ol>\n\n\n\n<ol class=\"wp-block-list\"><li>Schriftf\u00fchrerin: Karolina Schurwanz<\/li><li>Schriftf\u00fchrerin: Susanne Pusch<\/li><\/ol>\n\n\n\n<p>Hier finden Sie die aktuell g\u00fcltige Fassung der Satzung des F\u00f6rderverein der Grundschule Fallersleben e.V.<\/p>\n\n\n\n<div class=\"wp-block-file\"><a id=\"wp-block-file--media-01d074bf-bc0f-438d-b39a-445f700b2ad3\" href=\"https:\/\/wordpress.nibis.de\/gsfa\/files\/2023\/12\/Satzung_Foerderverein_GS_Fallersleben_2023.pdf\">Satzung_Foerderverein_GS_Fallersleben_2023<\/a><a href=\"https:\/\/wordpress.nibis.de\/gsfa\/files\/2023\/12\/Satzung_Foerderverein_GS_Fallersleben_2023.pdf\" class=\"wp-block-file__button\" download aria-describedby=\"wp-block-file--media-01d074bf-bc0f-438d-b39a-445f700b2ad3\">Herunterladen<\/a><\/div>\n\n\n\n<p style=\"font-size:18px\"><strong>Die MitgliederInnen<\/strong><\/p>\n\n\n\n<p>Derzeit umfasst der F\u00f6rderverein ca. 171 MitgliederInnen, die mit einem freiwilligen Jahresbeitrag (mindestens 15\u20ac) den Verein unterst\u00fctzen.<\/p>\n\n\n\n<p style=\"font-size:18px\"><strong>Beitrittserkl\u00e4rung<\/strong><\/p>\n\n\n\n<p>Hier finden Sie die Beitrittserkl\u00e4rung zum F\u00f6rderverein der Grundschule Fallersleben e.V.<\/p>\n\n\n\n<div class=\"wp-block-file\"><a id=\"wp-block-file--media-733a4e1c-2566-4853-8a97-a0a7d1a8809d\" href=\"https:\/\/wordpress.nibis.de\/gsfa\/files\/2023\/12\/Beitrittserklaerung_Foerderverein_GS_Fallersleben.pdf\">Beitrittserklaerung_Foerderverein_GS_Fallersleben<\/a><a href=\"https:\/\/wordpress.nibis.de\/gsfa\/files\/2023\/12\/Beitrittserklaerung_Foerderverein_GS_Fallersleben.pdf\" class=\"wp-block-file__button\" download aria-describedby=\"wp-block-file--media-733a4e1c-2566-4853-8a97-a0a7d1a8809d\">Herunterladen<\/a><\/div>\n\n\n\n<div class=\"wp-block-columns are-vertically-aligned-center is-layout-flex wp-container-core-columns-is-layout-abceabcf wp-block-columns-is-layout-flex\">\n<div class=\"wp-block-column is-vertically-aligned-center is-layout-flow wp-block-column-is-layout-flow\" style=\"--col-width:100%;flex-basis:100%\">\n<div class=\"wp-block-group\"><div class=\"wp-block-group__inner-container is-layout-flow wp-block-group-is-layout-flow\">\n<div class=\"wp-block-file\"><a id=\"wp-block-file--media-8e54b1d6-9ca2-49a7-9941-6b1dc38a0235\" href=\"https:\/\/wordpress.nibis.de\/gsfa\/files\/2024\/11\/20240805_Datenschutzhinweise_pdf-1.pdf\">Datenschutzhinweise_F\u00f6rderverein_20240805.pdf<\/a><a href=\"https:\/\/wordpress.nibis.de\/gsfa\/files\/2024\/11\/20240805_Datenschutzhinweise_pdf-1.pdf\" class=\"wp-block-file__button\" download aria-describedby=\"wp-block-file--media-8e54b1d6-9ca2-49a7-9941-6b1dc38a0235\">Herunterladen<\/a><\/div>\n<\/div><\/div>\n<\/div>\n<\/div>\n\n\n\n<p style=\"font-size:25px\"><strong><span style=\"color:#0693e3\" class=\"tadv-color\">Wie unterst\u00fctzen wir?<\/span><\/strong><\/p>\n\n\n\n<p>Wir beteiligen uns an der Finanzierung und Organisation diverser Projekte und Initiativen, die das Lernen erleichtern, Interesse wecken oder den Kindern wichtige zus\u00e4tzliche Grundlagen vermitteln, um selbstbewusste und eigenst\u00e4ndige Menschen zu werden, beispielsweise<\/p>\n\n\n\n<ul class=\"wp-block-list\"><li>Autorenlesungen<\/li><li>Klasse 2000<\/li><li>Umgestaltung der Schulbibliothek<\/li><li>Projekte zu Ern\u00e4hrung und Gewaltpr\u00e4vention<\/li><\/ul>\n\n\n\n<ul class=\"wp-block-list\"><li>Wir finanzieren Zusatzmaterial, welches die Lehrkr\u00e4fte und BetreuerInnen konkret bei uns beantragen. Das kann sein:<\/li><li>Spielzeug f\u00fcr Pausen und Betreuungsgruppen<\/li><li>Lehrmittel wie z. B. Experimentierboxen<\/li><li>Ausstattung wie Bluetooth-Lautsprecher, CD-Spieler, Ohrensch\u00fctzer f\u00fcr Stillarbeit etc.<\/li><li>Lekt\u00fcren als Klassens\u00e4tze<\/li><li>Ausstattung f\u00fcr die Schulk\u00fcchen und des Schulgartens mit Hochbeeten<\/li><\/ul>\n\n\n\n<p>Auch im Schulleben spielen wir eine aktive Rolle und unterst\u00fctzen schulische Veranstaltungen wie z.B.<\/p>\n\n\n\n<ul class=\"wp-block-list\"><li>Schulfeste<\/li><li>Adventssingen<\/li><\/ul>\n\n\n\n<div data-wp-interactive=\"core\/file\" class=\"wp-block-file\"><object data-wp-bind--hidden=\"!state.hasPdfPreview\" hidden class=\"wp-block-file__embed\" data=\"https:\/\/wordpress.nibis.de\/gsfa\/files\/2024\/11\/Fo\u0308rderverein-Flyer_20241114-1.pdf\" type=\"application\/pdf\" style=\"width:100%;height:600px\" aria-label=\"Einbettung von Einbettung von Fo\u0308rderverein-Flyer_20241114-1..\"><\/object><a id=\"wp-block-file--media-afcda400-e833-469f-92f2-6d2882a8ed94\" href=\"https:\/\/wordpress.nibis.de\/gsfa\/files\/2024\/11\/Fo\u0308rderverein-Flyer_20241114-1.pdf\">Fo\u0308rderverein-Flyer_20241114-1<\/a><a href=\"https:\/\/wordpress.nibis.de\/gsfa\/files\/2024\/11\/Fo\u0308rderverein-Flyer_20241114-1.pdf\" class=\"wp-block-file__button\" download aria-describedby=\"wp-block-file--media-afcda400-e833-469f-92f2-6d2882a8ed94\">Herunterladen<\/a><\/div>\n\n\n\n<hr class=\"wp-block-separator has-text-color has-background has-black-background-color has-black-color is-style-wide\" \/>\n\n\n\n<p><strong>Kontakt<\/strong><\/p>\n\n\n\n<p>E-Mail: <a rel=\"noreferrer noopener\" href=\"&#x6d;&#x61;&#x69;&#x6c;&#116;&#111;&#58;fo&#x65;&#x72;&#x64;&#x65;&#x72;&#118;&#101;&#114;ei&#x6e;&#x2e;&#x67;&#x73;&#x2d;&#102;&#97;&#108;le&#x72;&#x73;&#x6c;&#x65;&#x62;&#101;&#110;&#64;we&#x62;&#x2e;&#x64;&#x65;\" target=\"_blank\">foer&#100;&#101;&#114;&#118;&#101;&#114;&#101;&#x69;&#x6e;&#x2e;&#x67;&#x73;&#x2d;&#x66;&#x61;&#x6c;lers&#108;&#101;&#98;&#101;&#110;&#64;&#119;&#x65;&#x62;&#x2e;&#x64;&#x65;<\/a><br>Adresse: F\u00f6rderverein Grundschule Fallersleben e.V. c\/o Grundschule Fallersleben Am Alten Gut 10 38442 Wolfsburg<\/p>\n\n\n\n<hr class=\"wp-block-separator has-text-color has-background has-black-background-color has-black-color is-style-wide\" \/>\n","protected":false},"excerpt":{"rendered":"<p>Wer sind wir? Seit 1997 unterst\u00fctzt der F\u00f6rderverein die Schulgemeinde finanziell bei Projekten und Anschaffungen, die nicht vom Schuletat abgedeckt werden. In enger Zusammenarbeit mit Schulleitung, LehrerInnen und engagierten Eltern konnte seitdem viel bewegt werden. Der Vorstand Vorsitzende: Lena Nethert Vorsitzende: Anette Heidtke Kassenwart: Frederik Gutermilch Kassenwart: Alexander Schweigert Schriftf\u00fchrerin: Karolina Schurwanz Schriftf\u00fchrerin: Susanne Pusch Hier finden Sie die aktuell g\u00fcltige Fassung der Satzung des F\u00f6rderverein der Grundschule Fallersleben e.V. Die MitgliederInnen Derzeit umfasst der F\u00f6rderverein ca. 171 MitgliederInnen, die&#8230;<\/p>\n<p class=\"read-more\"><a class=\"btn btn-default\" href=\"https:\/\/wordpress.nibis.de\/gsfa\/foerderverein\/\">Weiterlesen<span class=\"screen-reader-text\"> Weiterlesen<\/span><\/a><\/p>\n","protected":false},"author":9194246,"featured_media":0,"parent":0,"menu_order":0,"comment_status":"closed","ping_status":"closed","template":"","meta":{"footnotes":""},"class_list":["post-103","page","type-page","status-publish","hentry"],"_links":{"self":[{"href":"https:\/\/wordpress.nibis.de\/gsfa\/wp-json\/wp\/v2\/pages\/103","targetHints":{"allow":["GET"]}}],"collection":[{"href":"https:\/\/wordpress.nibis.de\/gsfa\/wp-json\/wp\/v2\/pages"}],"about":[{"href":"https:\/\/wordpress.nibis.de\/gsfa\/wp-json\/wp\/v2\/types\/page"}],"author":[{"embeddable":true,"href":"https:\/\/wordpress.nibis.de\/gsfa\/wp-json\/wp\/v2\/users\/9194246"}],"replies":[{"embeddable":true,"href":"https:\/\/wordpress.nibis.de\/gsfa\/wp-json\/wp\/v2\/comments?post=103"}],"version-history":[{"count":14,"href":"https:\/\/wordpress.nibis.de\/gsfa\/wp-json\/wp\/v2\/pages\/103\/revisions"}],"predecessor-version":[{"id":1306,"href":"https:\/\/wordpress.nibis.de\/gsfa\/wp-json\/wp\/v2\/pages\/103\/revisions\/1306"}],"wp:attachment":[{"href":"https:\/\/wordpress.nibis.de\/gsfa\/wp-json\/wp\/v2\/media?parent=103"}],"curies":[{"name":"wp","href":"https:\/\/api.w.org\/{rel}","templated":true}]}}